{"id":1090,"date":"2025-02-19T13:36:52","date_gmt":"2025-02-19T13:36:52","guid":{"rendered":"https:\/\/finovate.vamtam.com\/?page_id=1090"},"modified":"2026-02-26T03:19:48","modified_gmt":"2026-02-26T02:19:48","slug":"cookie-richtlinie","status":"publish","type":"page","link":"https:\/\/paynfinity.com\/de\/politica-de-cookies\/","title":{"rendered":"Cookies Politik"},"content":{"rendered":"<div data-elementor-type=\"wp-page\" data-elementor-id=\"1090\" class=\"elementor elementor-1090\" data-elementor-post-type=\"page\">\n\t\t\t\t<div class=\"elementor-element elementor-element-b6f3875 e-flex e-con-boxed e-con e-parent\" data-id=\"b6f3875\" data-element_type=\"container\" data-e-type=\"container\">\n\t\t\t\t\t<div class=\"e-con-inner\">\n\t\t\t\t<div class=\"vamtam-has-theme-widget-styles elementor-element elementor-element-4747289 elementor-widget elementor-widget-text-editor\" data-id=\"4747289\" data-element_type=\"widget\" data-e-type=\"widget\" data-widget_type=\"text-editor.default\">\n\t\t\t\t<div class=\"elementor-widget-container\">\n\t\t\t\t\t\t\t\t\t<p data-path-to-node=\"5\">Unter <strong>Paynfinity<\/strong><b>\u00a0Ltd.<\/b> (im Folgenden \u201cPaynfinity\u201d oder \u00abdas Unternehmen\u00bb) verwendet eigene Cookies und Cookies von Dritten, um das Surferlebnis zu verbessern, Nutzungsstatistiken zu erstellen und auf Ihre Interessen zugeschnittene Inhalte auf unserer Website anzubieten. <b>paynfinity.de<\/b>.<\/p><p data-path-to-node=\"6\">Nachstehend finden Sie detaillierte Informationen dar\u00fcber, welche Cookies wir verwenden, welchen Zweck sie haben und wie Sie sie verwalten k\u00f6nnen.<\/p>\t\t\t\t\t\t\t\t<\/div>\n\t\t\t\t<\/div>\n\t\t\t\t<div class=\"elementor-element elementor-element-1ff617c elementor-widget elementor-widget-heading\" data-id=\"1ff617c\" data-element_type=\"widget\" data-e-type=\"widget\" data-widget_type=\"heading.default\">\n\t\t\t\t<div class=\"elementor-widget-container\">\n\t\t\t\t\t<h3 class=\"elementor-heading-title elementor-size-default\">1. was sind Cookies?<\/h3>\t\t\t\t<\/div>\n\t\t\t\t<\/div>\n\t\t\t\t<div class=\"vamtam-has-theme-widget-styles elementor-element elementor-element-3744fad elementor-widget elementor-widget-text-editor\" data-id=\"3744fad\" data-element_type=\"widget\" data-e-type=\"widget\" data-widget_type=\"text-editor.default\">\n\t\t\t\t<div class=\"elementor-widget-container\">\n\t\t\t\t\t\t\t\t\t<p data-path-to-node=\"8\">Ein Cookie ist eine kleine Textdatei, die auf Ihr Ger\u00e4t (Computer, Tablet oder Handy) heruntergeladen wird, wenn Sie auf bestimmte Webseiten zugreifen. Seine Hauptfunktion ist das Speichern und Abrufen von Informationen \u00fcber die Art und Weise, wie der Benutzer navigiert (Browsing-Profil), wodurch Funktionen wie die Spracherkennung, die Aufrechterhaltung der eingeloggten Sitzung oder die Anzeigepr\u00e4ferenzen erleichtert werden.<\/p><p data-path-to-node=\"9\">Wenn Sie zum ersten Mal auf unsere Website zugreifen, zeigen wir einen Hinweis (Banner) an, der Sie \u00fcber die Verwendung von Cookies informiert und Ihnen die M\u00f6glichkeit gibt, diese zu konfigurieren, zu akzeptieren oder abzulehnen, mit Ausnahme derer, die f\u00fcr den technischen Betrieb der Website unbedingt erforderlich sind.<\/p>\t\t\t\t\t\t\t\t<\/div>\n\t\t\t\t<\/div>\n\t\t\t\t<div class=\"elementor-element elementor-element-7325a0b elementor-widget elementor-widget-heading\" data-id=\"7325a0b\" data-element_type=\"widget\" data-e-type=\"widget\" data-widget_type=\"heading.default\">\n\t\t\t\t<div class=\"elementor-widget-container\">\n\t\t\t\t\t<h3 class=\"elementor-heading-title elementor-size-default\">2. welche Arten von Cookies wir verwenden<\/h3>\t\t\t\t<\/div>\n\t\t\t\t<\/div>\n\t\t\t\t<div class=\"vamtam-has-theme-widget-styles elementor-element elementor-element-500d7a6 elementor-widget elementor-widget-text-editor\" data-id=\"500d7a6\" data-element_type=\"widget\" data-e-type=\"widget\" data-widget_type=\"text-editor.default\">\n\t\t\t\t<div class=\"elementor-widget-container\">\n\t\t\t\t\t\t\t\t\t<p data-path-to-node=\"11\"><b>Je nach ihrer Herkunft:<\/b><\/p><ul data-path-to-node=\"12\"><li><p data-path-to-node=\"12,0,0\"><b>Eigene Cookies:<\/b> Diese werden von einer von Paynfinity verwalteten Domain, von der aus der Dienst bereitgestellt wird, an Ihr Ger\u00e4t gesendet.<\/p><\/li><li><p data-path-to-node=\"12,1,0\"><b>Cookies von Dritten:<\/b> Sie werden von einer Domain au\u00dferhalb von Paynfinity gesendet, die von externen Anbietern verwaltet wird, die die erhaltenen Daten verarbeiten (z.B. Google Analytics).<\/p><\/li><\/ul><p data-path-to-node=\"13\"><b>Abh\u00e4ngig von ihrer Dauer:<\/b><\/p><ul data-path-to-node=\"14\"><li><p data-path-to-node=\"14,0,0\"><b>Session-Cookies:<\/b> Sie speichern die Daten nur, w\u00e4hrend der Benutzer auf der Website surft und verschwinden, wenn der Browser geschlossen wird.<\/p><\/li><li><p data-path-to-node=\"14,1,0\"><b>Dauerhafte Cookies:<\/b> Sie verbleiben f\u00fcr einen bestimmten, vom Cookie-Manager festgelegten Zeitraum auf dem Ger\u00e4t (von einigen Minuten bis zu mehreren Jahren).<\/p><\/li><\/ul><p data-path-to-node=\"15\"><b>Je nach ihrem Zweck:<\/b><\/p><ul data-path-to-node=\"16\"><li><p data-path-to-node=\"16,0,0\"><b>Techniken (Erforderlich):<\/b> Unerl\u00e4sslich f\u00fcr das Surfen und die Nutzung grundlegender Funktionen (Sicherheit, Zugang zum Kundenbereich, Speicherung der Cookie-Zustimmung).<\/p><\/li><li><p data-path-to-node=\"16,1,0\"><b>Personalisierung:<\/b> Sie merken sich die Pr\u00e4ferenzen des Benutzers (englische Sprache, Region, W\u00e4hrung).<\/p><\/li><li><p data-path-to-node=\"16,2,0\"><b>Analyse oder Leistung:<\/b> Sie sammeln anonyme Informationen dar\u00fcber, wie die Benutzer die Website nutzen (meistbesuchte Seiten, Ladezeiten) und k\u00f6nnen so die Funktionsweise des Portals verbessern.<\/p><\/li><li><p data-path-to-node=\"16,3,0\"><b>Werbung (Marketing):<\/b> Sie verwalten Werbefl\u00e4chen und messen die Wirksamkeit von Online-Kampagnen.<\/p><\/li><\/ul>\t\t\t\t\t\t\t\t<\/div>\n\t\t\t\t<\/div>\n\t\t\t\t<div class=\"elementor-element elementor-element-7610031 elementor-widget elementor-widget-heading\" data-id=\"7610031\" data-element_type=\"widget\" data-e-type=\"widget\" data-widget_type=\"heading.default\">\n\t\t\t\t<div class=\"elementor-widget-container\">\n\t\t\t\t\t<h3 class=\"elementor-heading-title elementor-size-default\">3. Auf dieser Website verwendete Cookies<\/h3>\t\t\t\t<\/div>\n\t\t\t\t<\/div>\n\t\t\t\t<div class=\"vamtam-has-theme-widget-styles elementor-element elementor-element-21ebfc2 elementor-widget elementor-widget-text-editor\" data-id=\"21ebfc2\" data-element_type=\"widget\" data-e-type=\"widget\" data-widget_type=\"text-editor.default\">\n\t\t\t\t<div class=\"elementor-widget-container\">\n\t\t\t\t\t\t\t\t\t<p data-path-to-node=\"18\">Die von dieser Website verwendeten Cookies sind unten aufgef\u00fchrt.<\/p><p data-path-to-node=\"20\"><b>Streng Notwendige Cookies<\/b> Sie sind f\u00fcr den Betrieb der Website unerl\u00e4sslich. Sie erfordern keine Zustimmung. | Cookie | Anbieter | Dauer | Beschreibung | Beschreibung | :- | :- | :- | :- | :- | :- | :- | :- | :- | :- | <b>cookieyes-Zustimmung<\/b> | CookieYes | 1 Jahr | Speichert den Cookie-Zustimmungsstatus des Benutzers f\u00fcr die aktuelle Domain. | | <b>PHPSESSID<\/b> | Paynfinity | Session | Native PHP-Kennung, um die Sitzung des Benutzers aktiv zu halten. | | <b>elementor<\/b> | Paynfinity | Persistent | Wird vom Webthema verwendet, um visuelle Einstellungen zu speichern. |<\/p><p data-path-to-node=\"21\"><b>Performance-Cookies (Analytik)<\/b> Sie erm\u00f6glichen es uns, das Nutzerverhalten auszuwerten, um die Website zu verbessern. | Cookie | Anbieter | Dauer | Beschreibung | :- | :- | :- | :- | :- | :- | :- | :- | :- | :- | <b>_ga<\/b> | Google Analytics | 2 Jahre | Wird verwendet, um eindeutige Nutzer anhand einer zuf\u00e4lligen ID zu unterscheiden. | | <b>_ga_CONTAINER-ID<\/b> | Google Analytics | 2 Jahre | Wird verwendet, um den Sitzungsstatus zu erhalten. |<\/p><p data-path-to-node=\"22\"><b>Werbung und Marketing Cookies<\/b> <i>(Wenn Sie keine aktiven Facebook\/LinkedIn-Kampagnen haben, wird dieser Bereich in Ihrem Scanner leer erscheinen, aber wir lassen die Kategorie vorsichtshalber stehen).<\/i>. | Cookie | Anbieter | Dauer | Beschreibung | :- | :- | :- | :- | :- | :- | :- | :- | :- | :- | :- | :- | :- | :- | :- | :- <b>_fbp<\/b> | Meta (Facebook) | 3 Monate | Wird verwendet, um relevante Werbung auf Facebook anzuzeigen, nachdem Sie diese Website besucht haben. |<\/p>\t\t\t\t\t\t\t\t<\/div>\n\t\t\t\t<\/div>\n\t\t\t\t<div class=\"elementor-element elementor-element-fa4ffae elementor-widget elementor-widget-heading\" data-id=\"fa4ffae\" data-element_type=\"widget\" data-e-type=\"widget\" data-widget_type=\"heading.default\">\n\t\t\t\t<div class=\"elementor-widget-container\">\n\t\t\t\t\t<h3 class=\"elementor-heading-title elementor-size-default\">4. die Verwaltung und Deaktivierung von Cookies<\/h3>\t\t\t\t<\/div>\n\t\t\t\t<\/div>\n\t\t\t\t<div class=\"vamtam-has-theme-widget-styles elementor-element elementor-element-2d69515 elementor-widget elementor-widget-text-editor\" data-id=\"2d69515\" data-element_type=\"widget\" data-e-type=\"widget\" data-widget_type=\"text-editor.default\">\n\t\t\t\t<div class=\"elementor-widget-container\">\n\t\t\t\t\t\t\t\t\t<p data-path-to-node=\"24\">Sie k\u00f6nnen die auf Ihrem Computer installierten Cookies zulassen, blockieren oder l\u00f6schen, indem Sie die auf Ihrem Computer installierten Browseroptionen konfigurieren:<\/p><ul data-path-to-node=\"25\"><li><p data-path-to-node=\"25,0,0\"><b>Google Chrome:<\/b> <a class=\"ng-star-inserted\" href=\"https:\/\/support.google.com\/chrome\/answer\/95647?authuser=1\" target=\"_blank\" rel=\"noopener\" data-hveid=\"0\" data-ved=\"0CAAQ_4QMahcKEwj61bmm87eRAxUAAAAAHQAAAAAQbA\">Cookie-Einstellungen in Chrome<\/a><\/p><\/li><li><p data-path-to-node=\"25,1,0\"><b>Mozilla Firefox:<\/b> <a class=\"ng-star-inserted\" href=\"https:\/\/www.google.com\/search?q=https:\/\/support.mozilla.org\/kb\/Borrar%2520cookies&amp;authuser=1\" target=\"_blank\" rel=\"noopener\" data-hveid=\"0\" data-ved=\"0CAAQ_4QMahcKEwj61bmm87eRAxUAAAAAHQAAAAAQbQ\">Firefox Cookie-Einstellungen<\/a><\/p><\/li><li><p data-path-to-node=\"25,2,0\"><b>Safari:<\/b> <a class=\"ng-star-inserted\" href=\"https:\/\/www.google.com\/search?q=https:\/\/support.apple.com\/guide\/safari\/manage-cookies-and-website-data-sfri11471\/mac&amp;authuser=1\" target=\"_blank\" rel=\"noopener\" data-hveid=\"0\" data-ved=\"0CAAQ_4QMahcKEwj61bmm87eRAxUAAAAAHQAAAAAQbg\">Cookies in Safari setzen<\/a><\/p><\/li><li><p data-path-to-node=\"25,3,0\"><b>Microsoft Edge:<\/b> <a class=\"ng-star-inserted\" href=\"https:\/\/privacy.microsoft.com\/windows-10-microsoft-edge-and-privacy\" target=\"_blank\" rel=\"noopener\" data-hveid=\"0\" data-ved=\"0CAAQ_4QMahcKEwj61bmm87eRAxUAAAAAHQAAAAAQbw\">Cookie-Einstellungen in Edge<\/a><\/p><\/li><\/ul><p data-path-to-node=\"26\">Bitte beachten Sie, dass die Deaktivierung technischer Cookies das ordnungsgem\u00e4\u00dfe Funktionieren von Bereichen wie dem Kundenbereich oder den Kontaktformularen beeintr\u00e4chtigen kann.<\/p>\t\t\t\t\t\t\t\t<\/div>\n\t\t\t\t<\/div>\n\t\t\t\t<div class=\"elementor-element elementor-element-2643117 elementor-widget elementor-widget-heading\" data-id=\"2643117\" data-element_type=\"widget\" data-e-type=\"widget\" data-widget_type=\"heading.default\">\n\t\t\t\t<div class=\"elementor-widget-container\">\n\t\t\t\t\t<h3 class=\"elementor-heading-title elementor-size-default\">5. Weitergabe von Daten an Dritte<\/h3>\t\t\t\t<\/div>\n\t\t\t\t<\/div>\n\t\t\t\t<div class=\"vamtam-has-theme-widget-styles elementor-element elementor-element-dc4be31 elementor-widget elementor-widget-text-editor\" data-id=\"dc4be31\" data-element_type=\"widget\" data-e-type=\"widget\" data-widget_type=\"text-editor.default\">\n\t\t\t\t<div class=\"elementor-widget-container\">\n\t\t\t\t\t\t\t\t\t<p data-path-to-node=\"28\">Paynfinity gestattet Technologieanbietern (wie Google Analytics oder Hosting-Anbietern) die Installation von Cookies f\u00fcr die Erbringung ihrer Dienste.<\/p><p data-path-to-node=\"29\">Da Paynfinity von der <b>Vereinigtes K\u00f6nigreich<\/b>, Ihre Daten werden im Rahmen der UK-GDPR verarbeitet, die ein von der Europ\u00e4ischen Union anerkanntes angemessenes Schutzniveau gew\u00e4hrleistet (Angemessenheitsbeschluss). Einige Anbieter (wie z.B. Google) k\u00f6nnen Daten auf der Grundlage von Standard-Datenschutzregelungen oder Standard-Vertragsklauseln in die USA \u00fcbertragen.<\/p>\t\t\t\t\t\t\t\t<\/div>\n\t\t\t\t<\/div>\n\t\t\t\t<div class=\"elementor-element elementor-element-d3ab1d4 elementor-widget elementor-widget-heading\" data-id=\"d3ab1d4\" data-element_type=\"widget\" data-e-type=\"widget\" data-widget_type=\"heading.default\">\n\t\t\t\t<div class=\"elementor-widget-container\">\n\t\t\t\t\t<h3 class=\"elementor-heading-title elementor-size-default\">6. Aktualisierungen und Kontakt<\/h3>\t\t\t\t<\/div>\n\t\t\t\t<\/div>\n\t\t\t\t<div class=\"vamtam-has-theme-widget-styles elementor-element elementor-element-d7759cb elementor-widget elementor-widget-text-editor\" data-id=\"d7759cb\" data-element_type=\"widget\" data-e-type=\"widget\" data-widget_type=\"text-editor.default\">\n\t\t\t\t<div class=\"elementor-widget-container\">\n\t\t\t\t\t\t\t\t\t<p data-path-to-node=\"31\">Diese Cookie-Richtlinie kann in \u00dcbereinstimmung mit den gesetzlichen Anforderungen oder zur Anpassung dieser Richtlinie an die Anweisungen der ICO (Gro\u00dfbritannien) oder der AEPD (Spanien) ge\u00e4ndert werden.<\/p><p data-path-to-node=\"32\">Wenn Sie Fragen zu dieser Richtlinie haben, k\u00f6nnen Sie uns unter folgender Adresse kontaktieren: <b>info@paynfinity.com<\/b><\/p><p data-path-to-node=\"33\"><b>Datum der letzten Aktualisierung:<\/b> 27. November 2025.<\/p>\t\t\t\t\t\t\t\t<\/div>\n\t\t\t\t<\/div>\n\t\t\t\t\t<\/div>\n\t\t\t\t<\/div>\n\t\t\t\t<\/div>","protected":false},"excerpt":{"rendered":"<p>En Paynfinity\u00a0Ltd. (en adelante, \u201cPaynfinity\u201d o \u00abla Empresa\u00bb) utilizamos cookies propias y de terceros para mejorar la experiencia de navegaci\u00f3n, realizar estad\u00edsticas de uso y ofrecer contenidos adaptados a sus intereses en nuestro sitio web paynfinity.com. A continuaci\u00f3n encontrar\u00e1 informaci\u00f3n detallada sobre qu\u00e9 cookies empleamos, su finalidad y c\u00f3mo puede gestionarlas. 1. \u00bfQu\u00e9 son las&#8230;<\/p>","protected":false},"author":1,"featured_media":0,"parent":0,"menu_order":13,"comment_status":"closed","ping_status":"closed","template":"","meta":{"footnotes":""},"class_list":["post-1090","page","type-page","status-publish","hentry"],"yoast_head":"<!-- This site is optimized with the Yoast SEO plugin v27.3 - https:\/\/yoast.com\/product\/yoast-seo-wordpress\/ -->\n<title>Pol\u00edtica de cookies &#8226; Paynfinity<\/title>\n<meta name=\"robots\" content=\"index, follow, max-snippet:-1, max-image-preview:large, max-video-preview:-1\" \/>\n<link rel=\"canonical\" href=\"https:\/\/paynfinity.com\/de\/cookie-richtlinie\/\" \/>\n<meta property=\"og:locale\" content=\"de_DE\" \/>\n<meta property=\"og:type\" content=\"article\" \/>\n<meta property=\"og:title\" content=\"Pol\u00edtica de cookies &#8226; Paynfinity\" \/>\n<meta property=\"og:description\" content=\"En Paynfinity\u00a0Ltd. (en adelante, \u201cPaynfinity\u201d o \u00abla Empresa\u00bb) utilizamos cookies propias y de terceros para mejorar la experiencia de navegaci\u00f3n, realizar estad\u00edsticas de uso y ofrecer contenidos adaptados a sus intereses en nuestro sitio web paynfinity.com. A continuaci\u00f3n encontrar\u00e1 informaci\u00f3n detallada sobre qu\u00e9 cookies empleamos, su finalidad y c\u00f3mo puede gestionarlas. 1. \u00bfQu\u00e9 son las...\" \/>\n<meta property=\"og:url\" content=\"https:\/\/paynfinity.com\/de\/cookie-richtlinie\/\" \/>\n<meta property=\"og:site_name\" content=\"Paynfinity\" \/>\n<meta property=\"article:modified_time\" content=\"2026-02-26T02:19:48+00:00\" \/>\n<meta property=\"og:image\" content=\"https:\/\/paynfinity.com\/wp-content\/uploads\/2026\/02\/Paynfinity-11.webp\" \/>\n\t<meta property=\"og:image:width\" content=\"1280\" \/>\n\t<meta property=\"og:image:height\" content=\"739\" \/>\n\t<meta property=\"og:image:type\" content=\"image\/webp\" \/>\n<meta name=\"twitter:card\" content=\"summary_large_image\" \/>\n<meta name=\"twitter:label1\" content=\"Gesch\u00e4tzte Lesezeit\" \/>\n\t<meta name=\"twitter:data1\" content=\"4\u00a0Minuten\" \/>\n<script type=\"application\/ld+json\" class=\"yoast-schema-graph\">{\"@context\":\"https:\\\/\\\/schema.org\",\"@graph\":[{\"@type\":\"WebPage\",\"@id\":\"https:\\\/\\\/paynfinity.com\\\/politica-de-cookies\\\/\",\"url\":\"https:\\\/\\\/paynfinity.com\\\/politica-de-cookies\\\/\",\"name\":\"Pol\u00edtica de cookies &#8226; Paynfinity\",\"isPartOf\":{\"@id\":\"https:\\\/\\\/paynfinity.com\\\/#website\"},\"datePublished\":\"2025-02-19T13:36:52+00:00\",\"dateModified\":\"2026-02-26T02:19:48+00:00\",\"breadcrumb\":{\"@id\":\"https:\\\/\\\/paynfinity.com\\\/politica-de-cookies\\\/#breadcrumb\"},\"inLanguage\":\"de\",\"potentialAction\":[{\"@type\":\"ReadAction\",\"target\":[\"https:\\\/\\\/paynfinity.com\\\/politica-de-cookies\\\/\"]}]},{\"@type\":\"BreadcrumbList\",\"@id\":\"https:\\\/\\\/paynfinity.com\\\/politica-de-cookies\\\/#breadcrumb\",\"itemListElement\":[{\"@type\":\"ListItem\",\"position\":1,\"name\":\"Portada\",\"item\":\"https:\\\/\\\/paynfinity.com\\\/\"},{\"@type\":\"ListItem\",\"position\":2,\"name\":\"Pol\u00edtica de cookies\"}]},{\"@type\":\"WebSite\",\"@id\":\"https:\\\/\\\/paynfinity.com\\\/#website\",\"url\":\"https:\\\/\\\/paynfinity.com\\\/\",\"name\":\"Paynfinity\",\"description\":\"Estructuraci\u00f3n Corporativa y Banca Global\",\"publisher\":{\"@id\":\"https:\\\/\\\/paynfinity.com\\\/#organization\"},\"potentialAction\":[{\"@type\":\"SearchAction\",\"target\":{\"@type\":\"EntryPoint\",\"urlTemplate\":\"https:\\\/\\\/paynfinity.com\\\/?s={search_term_string}\"},\"query-input\":{\"@type\":\"PropertyValueSpecification\",\"valueRequired\":true,\"valueName\":\"search_term_string\"}}],\"inLanguage\":\"de\"},{\"@type\":\"Organization\",\"@id\":\"https:\\\/\\\/paynfinity.com\\\/#organization\",\"name\":\"Paynfinity\",\"url\":\"https:\\\/\\\/paynfinity.com\\\/\",\"logo\":{\"@type\":\"ImageObject\",\"inLanguage\":\"de\",\"@id\":\"https:\\\/\\\/paynfinity.com\\\/#\\\/schema\\\/logo\\\/image\\\/\",\"url\":\"https:\\\/\\\/paynfinity.com\\\/wp-content\\\/uploads\\\/2025\\\/02\\\/Paynfinity-Logo-Dark.svg\",\"contentUrl\":\"https:\\\/\\\/paynfinity.com\\\/wp-content\\\/uploads\\\/2025\\\/02\\\/Paynfinity-Logo-Dark.svg\",\"width\":151,\"height\":23,\"caption\":\"Paynfinity\"},\"image\":{\"@id\":\"https:\\\/\\\/paynfinity.com\\\/#\\\/schema\\\/logo\\\/image\\\/\"},\"sameAs\":[\"https:\\\/\\\/wa.me\\\/+447851108484\",\"https:\\\/\\\/www.linkedin.com\\\/company\\\/paynfinity\"]}]}<\/script>\n<!-- \/ Yoast SEO plugin. -->","yoast_head_json":{"title":"Cookie-Richtlinie - Paynfinity","robots":{"index":"index","follow":"follow","max-snippet":"max-snippet:-1","max-image-preview":"max-image-preview:large","max-video-preview":"max-video-preview:-1"},"canonical":"https:\/\/paynfinity.com\/de\/cookie-richtlinie\/","og_locale":"de_DE","og_type":"article","og_title":"Pol\u00edtica de cookies &#8226; Paynfinity","og_description":"En Paynfinity\u00a0Ltd. (en adelante, \u201cPaynfinity\u201d o \u00abla Empresa\u00bb) utilizamos cookies propias y de terceros para mejorar la experiencia de navegaci\u00f3n, realizar estad\u00edsticas de uso y ofrecer contenidos adaptados a sus intereses en nuestro sitio web paynfinity.com. A continuaci\u00f3n encontrar\u00e1 informaci\u00f3n detallada sobre qu\u00e9 cookies empleamos, su finalidad y c\u00f3mo puede gestionarlas. 1. \u00bfQu\u00e9 son las...","og_url":"https:\/\/paynfinity.com\/de\/cookie-richtlinie\/","og_site_name":"Paynfinity","article_modified_time":"2026-02-26T02:19:48+00:00","og_image":[{"width":1280,"height":739,"url":"https:\/\/paynfinity.com\/wp-content\/uploads\/2026\/02\/Paynfinity-11.webp","type":"image\/webp"}],"twitter_card":"summary_large_image","twitter_misc":{"Gesch\u00e4tzte Lesezeit":"4\u00a0Minuten"},"schema":{"@context":"https:\/\/schema.org","@graph":[{"@type":"WebPage","@id":"https:\/\/paynfinity.com\/politica-de-cookies\/","url":"https:\/\/paynfinity.com\/politica-de-cookies\/","name":"Cookie-Richtlinie - Paynfinity","isPartOf":{"@id":"https:\/\/paynfinity.com\/#website"},"datePublished":"2025-02-19T13:36:52+00:00","dateModified":"2026-02-26T02:19:48+00:00","breadcrumb":{"@id":"https:\/\/paynfinity.com\/politica-de-cookies\/#breadcrumb"},"inLanguage":"de","potentialAction":[{"@type":"ReadAction","target":["https:\/\/paynfinity.com\/politica-de-cookies\/"]}]},{"@type":"BreadcrumbList","@id":"https:\/\/paynfinity.com\/politica-de-cookies\/#breadcrumb","itemListElement":[{"@type":"ListItem","position":1,"name":"Portada","item":"https:\/\/paynfinity.com\/"},{"@type":"ListItem","position":2,"name":"Pol\u00edtica de cookies"}]},{"@type":"WebSite","@id":"https:\/\/paynfinity.com\/#website","url":"https:\/\/paynfinity.com\/","name":"Paynfinity","description":"Unternehmensstrukturierung und Global Banking","publisher":{"@id":"https:\/\/paynfinity.com\/#organization"},"potentialAction":[{"@type":"SearchAction","target":{"@type":"EntryPoint","urlTemplate":"https:\/\/paynfinity.com\/?s={search_term_string}"},"query-input":{"@type":"PropertyValueSpecification","valueRequired":true,"valueName":"search_term_string"}}],"inLanguage":"de"},{"@type":"Organization","@id":"https:\/\/paynfinity.com\/#organization","name":"Paynfinity","url":"https:\/\/paynfinity.com\/","logo":{"@type":"ImageObject","inLanguage":"de","@id":"https:\/\/paynfinity.com\/#\/schema\/logo\/image\/","url":"https:\/\/paynfinity.com\/wp-content\/uploads\/2025\/02\/Paynfinity-Logo-Dark.svg","contentUrl":"https:\/\/paynfinity.com\/wp-content\/uploads\/2025\/02\/Paynfinity-Logo-Dark.svg","width":151,"height":23,"caption":"Paynfinity"},"image":{"@id":"https:\/\/paynfinity.com\/#\/schema\/logo\/image\/"},"sameAs":["https:\/\/wa.me\/+447851108484","https:\/\/www.linkedin.com\/company\/paynfinity"]}]}},"_hostinger_reach_plugin_has_subscription_block":false,"_hostinger_reach_plugin_is_elementor":false,"_links":{"self":[{"href":"https:\/\/paynfinity.com\/de\/wp-json\/wp\/v2\/pages\/1090","targetHints":{"allow":["GET"]}}],"collection":[{"href":"https:\/\/paynfinity.com\/de\/wp-json\/wp\/v2\/pages"}],"about":[{"href":"https:\/\/paynfinity.com\/de\/wp-json\/wp\/v2\/types\/page"}],"author":[{"embeddable":true,"href":"https:\/\/paynfinity.com\/de\/wp-json\/wp\/v2\/users\/1"}],"replies":[{"embeddable":true,"href":"https:\/\/paynfinity.com\/de\/wp-json\/wp\/v2\/comments?post=1090"}],"version-history":[{"count":11,"href":"https:\/\/paynfinity.com\/de\/wp-json\/wp\/v2\/pages\/1090\/revisions"}],"predecessor-version":[{"id":987930,"href":"https:\/\/paynfinity.com\/de\/wp-json\/wp\/v2\/pages\/1090\/revisions\/987930"}],"wp:attachment":[{"href":"https:\/\/paynfinity.com\/de\/wp-json\/wp\/v2\/media?parent=1090"}],"curies":[{"name":"wp","href":"https:\/\/api.w.org\/{rel}","templated":true}]}}