{"id":987699,"date":"2025-11-27T01:02:13","date_gmt":"2025-11-27T00:02:13","guid":{"rendered":"https:\/\/paynfinity.com\/?page_id=987699"},"modified":"2026-02-26T03:19:48","modified_gmt":"2026-02-26T02:19:48","slug":"rechtshinweis","status":"publish","type":"page","link":"https:\/\/paynfinity.com\/de\/aviso-legal\/","title":{"rendered":"Rechtlicher Hinweis"},"content":{"rendered":"<div data-elementor-type=\"wp-page\" data-elementor-id=\"987699\" class=\"elementor elementor-987699\" data-elementor-post-type=\"page\">\n\t\t\t\t<div class=\"elementor-element elementor-element-c1e8912 e-flex e-con-boxed e-con e-parent\" data-id=\"c1e8912\" data-element_type=\"container\" data-e-type=\"container\">\n\t\t\t\t\t<div class=\"e-con-inner\">\n\t\t\t\t<div class=\"vamtam-has-theme-widget-styles elementor-element elementor-element-eb7bd66 elementor-widget elementor-widget-text-editor\" data-id=\"eb7bd66\" data-element_type=\"widget\" data-e-type=\"widget\" data-widget_type=\"text-editor.default\">\n\t\t\t\t<div class=\"elementor-widget-container\">\n\t\t\t\t\t\t\t\t\t<p data-path-to-node=\"5\">Dieser rechtliche Hinweis regelt den Zugang, das Surfen und die Nutzung der Website. <b>paynfinity.de<\/b> (nachstehend \u201cdie Website\u201d genannt), Eigentum von <strong>Paynfinity<\/strong><b>\u00a0Ltd.<\/b><\/p>\t\t\t\t\t\t\t\t<\/div>\n\t\t\t\t<\/div>\n\t\t\t\t<div class=\"elementor-element elementor-element-7bff451 elementor-widget elementor-widget-heading\" data-id=\"7bff451\" data-element_type=\"widget\" data-e-type=\"widget\" data-widget_type=\"heading.default\">\n\t\t\t\t<div class=\"elementor-widget-container\">\n\t\t\t\t\t<h3 class=\"elementor-heading-title elementor-size-default\">1. identifizierende Daten<\/h3>\t\t\t\t<\/div>\n\t\t\t\t<\/div>\n\t\t\t\t<div class=\"vamtam-has-theme-widget-styles elementor-element elementor-element-e10cf8e elementor-widget elementor-widget-text-editor\" data-id=\"e10cf8e\" data-element_type=\"widget\" data-e-type=\"widget\" data-widget_type=\"text-editor.default\">\n\t\t\t\t<div class=\"elementor-widget-container\">\n\t\t\t\t\t\t\t\t\t<p data-path-to-node=\"7\">In Erf\u00fcllung der Informationspflicht, die in den Vorschriften \u00fcber die Dienste der Informationsgesellschaft und den elektronischen Gesch\u00e4ftsverkehr festgelegt ist, werden die Angaben zum Inhaber der Website nachstehend aufgef\u00fchrt:<\/p><ul data-path-to-node=\"8\"><li><p data-path-to-node=\"8,0,0\"><b>Name des Unternehmens:<\/b> Paynfinity Ltd.<\/p><\/li><li><p data-path-to-node=\"8,1,0\"><b>Handelsname \/ Markenname:<\/b> Paynfinity.<\/p><\/li><li><p data-path-to-node=\"8,2,0\"><b>Eingetragener Sitz:<\/b> 6\/7 St. Mary At Hill, Unit 3, London, England, EC3R 8EE (Vereinigtes K\u00f6nigreich).<\/p><\/li><li><p data-path-to-node=\"8,3,0\"><b>Steueridentifikationsnummer (VAT):<\/b> GB170505924.<\/p><\/li><li><p data-path-to-node=\"8,4,0\"><b>Registrierungsdaten:<\/b> Im britischen Companies House registriertes Unternehmen.<\/p><\/li><li><p data-path-to-node=\"8,5,0\"><b>Telefon:<\/b> +44 7756 301966.<\/p><\/li><li><p data-path-to-node=\"8,6,0\"><b>Kontakt-E-Mail-Adresse:<\/b> info@paynfinity.com<\/p><\/li><\/ul>\t\t\t\t\t\t\t\t<\/div>\n\t\t\t\t<\/div>\n\t\t\t\t<div class=\"elementor-element elementor-element-28fa2d6 elementor-widget elementor-widget-heading\" data-id=\"28fa2d6\" data-element_type=\"widget\" data-e-type=\"widget\" data-widget_type=\"heading.default\">\n\t\t\t\t<div class=\"elementor-widget-container\">\n\t\t\t\t\t<h3 class=\"elementor-heading-title elementor-size-default\">2. Anwendbares Recht und Gerichtsstand<\/h3>\t\t\t\t<\/div>\n\t\t\t\t<\/div>\n\t\t\t\t<div class=\"vamtam-has-theme-widget-styles elementor-element elementor-element-6784975 elementor-widget elementor-widget-text-editor\" data-id=\"6784975\" data-element_type=\"widget\" data-e-type=\"widget\" data-widget_type=\"text-editor.default\">\n\t\t\t\t<div class=\"elementor-widget-container\">\n\t\t\t\t\t\t\t\t\t<p data-path-to-node=\"10\">Die Nutzung dieser Website unterliegt den Gesetzen von <b>England und Wales<\/b>. Handelt der Nutzer jedoch als Verbraucher und hat er seinen gew\u00f6hnlichen Aufenthalt in der Europ\u00e4ischen Union, kann er den Schutz der zwingenden Bestimmungen des Rechts seines Wohnsitzlandes in Anspruch nehmen.<\/p><p data-path-to-node=\"11\">F\u00fcr alle Streitigkeiten oder Konflikte, die sich aus der Auslegung oder Einhaltung dieser rechtlichen Hinweise ergeben k\u00f6nnen, unterwerfen sich die Parteien der Gerichtsbarkeit der Gerichte von <b>London Courts (Vereinigtes K\u00f6nigreich)<\/b>, es sei denn, die Verbraucher- und Nutzerschutzbestimmungen sehen eine andere Zust\u00e4ndigkeit vor.<\/p>\t\t\t\t\t\t\t\t<\/div>\n\t\t\t\t<\/div>\n\t\t\t\t<div class=\"elementor-element elementor-element-c1b1131 elementor-widget elementor-widget-heading\" data-id=\"c1b1131\" data-element_type=\"widget\" data-e-type=\"widget\" data-widget_type=\"heading.default\">\n\t\t\t\t<div class=\"elementor-widget-container\">\n\t\t\t\t\t<h3 class=\"elementor-heading-title elementor-size-default\">3. Nutzung und Zugriff durch Benutzer<\/h3>\t\t\t\t<\/div>\n\t\t\t\t<\/div>\n\t\t\t\t<div class=\"vamtam-has-theme-widget-styles elementor-element elementor-element-0925075 elementor-widget elementor-widget-text-editor\" data-id=\"0925075\" data-element_type=\"widget\" data-e-type=\"widget\" data-widget_type=\"text-editor.default\">\n\t\t\t\t<div class=\"elementor-widget-container\">\n\t\t\t\t\t\t\t\t\t<p data-path-to-node=\"13\">Der Zugang zu dieser Website ist kostenlos (mit Ausnahme der Kosten f\u00fcr die Verbindung \u00fcber das Telekommunikationsnetz) und begr\u00fcndet an sich keine kommerzielle, vertragliche oder berufliche Beziehung zwischen <strong>Paynfinity<\/strong><b>\u00a0Ltd.<\/b> und den Benutzer.<\/p><p data-path-to-node=\"14\">Das Unternehmen beh\u00e4lt sich das Recht vor, ohne vorherige Ank\u00fcndigung den Inhalt, die Darstellung und die Struktur der Website zu \u00e4ndern sowie die darin angebotenen Dienste zu \u00e4ndern, hinzuzuf\u00fcgen oder zu l\u00f6schen, um sie an gesetzliche \u00c4nderungen oder technische Verbesserungen anzupassen.<\/p>\t\t\t\t\t\t\t\t<\/div>\n\t\t\t\t<\/div>\n\t\t\t\t<div class=\"elementor-element elementor-element-3b788ff elementor-widget elementor-widget-heading\" data-id=\"3b788ff\" data-element_type=\"widget\" data-e-type=\"widget\" data-widget_type=\"heading.default\">\n\t\t\t\t<div class=\"elementor-widget-container\">\n\t\t\t\t\t<h3 class=\"elementor-heading-title elementor-size-default\">4. Geistiges und gewerbliches Eigentum<\/h3>\t\t\t\t<\/div>\n\t\t\t\t<\/div>\n\t\t\t\t<div class=\"vamtam-has-theme-widget-styles elementor-element elementor-element-09a18c1 elementor-widget elementor-widget-text-editor\" data-id=\"09a18c1\" data-element_type=\"widget\" data-e-type=\"widget\" data-widget_type=\"text-editor.default\">\n\t\t\t\t<div class=\"elementor-widget-container\">\n\t\t\t\t\t\t\t\t\t<p data-path-to-node=\"16\">Alle Inhalte dieser Website (einschlie\u00dflich, aber nicht beschr\u00e4nkt auf: Datenbanken, Bilder, Fotografien, Software, Logos, Marken, Icons und Text) sind das ausschlie\u00dfliche Eigentum von <strong>Paynfinity<\/strong><b>\u00a0Ltd.<\/b> oder Drittlizenzgebern, die ihre Verwendung genehmigt haben.<\/p><p data-path-to-node=\"17\">Die vollst\u00e4ndige oder teilweise Vervielf\u00e4ltigung, Verbreitung, \u00f6ffentliche Wiedergabe und Umwandlung der Inhalte dieser Website zu kommerziellen Zwecken, gleich in welchem Medium und mit welchen technischen Mitteln, ist ohne vorherige schriftliche Genehmigung des Eigent\u00fcmers ausdr\u00fccklich verboten. Die Marke <b>Paynfinity<\/b> und sein Logo sind unverwechselbare Zeichen, die durch die Gesetzgebung zum gewerblichen Rechtsschutz gesch\u00fctzt sind.<\/p>\t\t\t\t\t\t\t\t<\/div>\n\t\t\t\t<\/div>\n\t\t\t\t<div class=\"elementor-element elementor-element-bf518a4 elementor-widget elementor-widget-heading\" data-id=\"bf518a4\" data-element_type=\"widget\" data-e-type=\"widget\" data-widget_type=\"heading.default\">\n\t\t\t\t<div class=\"elementor-widget-container\">\n\t\t\t\t\t<h3 class=\"elementor-heading-title elementor-size-default\">5. Links Politik<\/h3>\t\t\t\t<\/div>\n\t\t\t\t<\/div>\n\t\t\t\t<div class=\"vamtam-has-theme-widget-styles elementor-element elementor-element-ccff65a elementor-widget elementor-widget-text-editor\" data-id=\"ccff65a\" data-element_type=\"widget\" data-e-type=\"widget\" data-widget_type=\"text-editor.default\">\n\t\t\t\t<div class=\"elementor-widget-container\">\n\t\t\t\t\t\t\t\t\t<p data-path-to-node=\"19\">Die Website kann Links zu Websites von Dritten enthalten. <strong>Paynfinity<\/strong><b>\u00a0Ltd.<\/b> hat keine Kontrolle \u00fcber diese Websites und \u00fcbernimmt keine Verantwortung f\u00fcr die Inhalte, Datenschutzrichtlinien oder Praktiken von Websites Dritter.<\/p><p data-path-to-node=\"20\">Jeder, der einen Hyperlink von seiner eigenen Website zur <b>paynfinity.de<\/b> unterl\u00e4sst es, falsche, ungenaue oder inkorrekte Aussagen \u00fcber das Unternehmen zu machen, und das Vorhandensein des Links impliziert in keinem Fall das Bestehen von Gesch\u00e4ftsbeziehungen zwischen dem Unternehmen und dem Eigent\u00fcmer der verlinkenden Website.<\/p>\t\t\t\t\t\t\t\t<\/div>\n\t\t\t\t<\/div>\n\t\t\t\t<div class=\"elementor-element elementor-element-fabdaa6 elementor-widget elementor-widget-heading\" data-id=\"fabdaa6\" data-element_type=\"widget\" data-e-type=\"widget\" data-widget_type=\"heading.default\">\n\t\t\t\t<div class=\"elementor-widget-container\">\n\t\t\t\t\t<h3 class=\"elementor-heading-title elementor-size-default\">6. Ausschluss von Garantien und Haftung<\/h3>\t\t\t\t<\/div>\n\t\t\t\t<\/div>\n\t\t\t\t<div class=\"vamtam-has-theme-widget-styles elementor-element elementor-element-af5acd3 elementor-widget elementor-widget-text-editor\" data-id=\"af5acd3\" data-element_type=\"widget\" data-e-type=\"widget\" data-widget_type=\"text-editor.default\">\n\t\t\t\t<div class=\"elementor-widget-container\">\n\t\t\t\t\t\t\t\t\t<p data-path-to-node=\"22\"><b>Paynfinity Ltd.<\/b> erkl\u00e4rt, dass sie im Rahmen ihrer M\u00f6glichkeiten und des Stands der Technik die notwendigen Ma\u00dfnahmen ergriffen hat, um das Funktionieren der Website zu gew\u00e4hrleisten und das Vorhandensein und die \u00dcbertragung von Viren und anderen sch\u00e4dlichen Komponenten zu vermeiden. Sie kann jedoch nicht garantieren:<\/p><ol start=\"1\" data-path-to-node=\"23\"><li><p data-path-to-node=\"23,0,0\">Die Unbezwingbarkeit von Sicherheitsma\u00dfnahmen.<\/p><\/li><li><p data-path-to-node=\"23,1,0\">Das v\u00f6llige Fehlen von Fehlern im Inhalt.<\/p><\/li><li><p data-path-to-node=\"23,2,0\">Die ununterbrochene Verf\u00fcgbarkeit des Portals.<\/p><\/li><\/ol><p data-path-to-node=\"24\">Der Nutzer stellt das Unternehmen von jeglicher Haftung f\u00fcr Leistungsausf\u00e4lle, Serviceunterbrechungen oder Sch\u00e4den am Computersystem des Nutzers frei, die durch Dritte oder Schadsoftware verursacht werden.<\/p>\t\t\t\t\t\t\t\t<\/div>\n\t\t\t\t<\/div>\n\t\t\t\t<div class=\"elementor-element elementor-element-94673df elementor-widget elementor-widget-heading\" data-id=\"94673df\" data-element_type=\"widget\" data-e-type=\"widget\" data-widget_type=\"heading.default\">\n\t\t\t\t<div class=\"elementor-widget-container\">\n\t\t\t\t\t<h3 class=\"elementor-heading-title elementor-size-default\">7. Modifikationen<\/h3>\t\t\t\t<\/div>\n\t\t\t\t<\/div>\n\t\t\t\t<div class=\"vamtam-has-theme-widget-styles elementor-element elementor-element-346d178 elementor-widget elementor-widget-text-editor\" data-id=\"346d178\" data-element_type=\"widget\" data-e-type=\"widget\" data-widget_type=\"text-editor.default\">\n\t\t\t\t<div class=\"elementor-widget-container\">\n\t\t\t\t\t\t\t\t\t<p data-path-to-node=\"26\">Diese rechtlichen Hinweise k\u00f6nnen jederzeit ge\u00e4ndert werden, um sie an neue Gesetze oder \u00c4nderungen in der T\u00e4tigkeit des Unternehmens anzupassen. Dem Benutzer wird empfohlen, diese Seite regelm\u00e4\u00dfig zu lesen.<\/p><p data-path-to-node=\"27\"><b>Datum der letzten Aktualisierung:<\/b> 27. November 2025.<\/p>\t\t\t\t\t\t\t\t<\/div>\n\t\t\t\t<\/div>\n\t\t\t\t\t<\/div>\n\t\t\t\t<\/div>\n\t\t\t\t<\/div>","protected":false},"excerpt":{"rendered":"<p>El presente Aviso Legal regula el acceso, navegaci\u00f3n y uso del sitio web paynfinity.com (en adelante, \u201cel Sitio Web\u201d), titularidad de Paynfinity\u00a0Ltd. 1. Datos Identificativos En cumplimiento con el deber de informaci\u00f3n recogido en la normativa de servicios de la sociedad de la informaci\u00f3n y comercio electr\u00f3nico, a continuaci\u00f3n se reflejan los datos del titular&#8230;<\/p>","protected":false},"author":1,"featured_media":0,"parent":0,"menu_order":12,"comment_status":"closed","ping_status":"closed","template":"","meta":{"footnotes":""},"class_list":["post-987699","page","type-page","status-publish","hentry"],"yoast_head":"<!-- This site is optimized with the Yoast SEO plugin v27.3 - https:\/\/yoast.com\/product\/yoast-seo-wordpress\/ -->\n<title>Aviso legal &#8226; Paynfinity<\/title>\n<meta name=\"robots\" content=\"index, follow, max-snippet:-1, max-image-preview:large, max-video-preview:-1\" \/>\n<link rel=\"canonical\" href=\"https:\/\/paynfinity.com\/de\/rechtshinweis\/\" \/>\n<meta property=\"og:locale\" content=\"de_DE\" \/>\n<meta property=\"og:type\" content=\"article\" \/>\n<meta property=\"og:title\" content=\"Aviso legal &#8226; Paynfinity\" \/>\n<meta property=\"og:description\" content=\"El presente Aviso Legal regula el acceso, navegaci\u00f3n y uso del sitio web paynfinity.com (en adelante, \u201cel Sitio Web\u201d), titularidad de Paynfinity\u00a0Ltd. 1. Datos Identificativos En cumplimiento con el deber de informaci\u00f3n recogido en la normativa de servicios de la sociedad de la informaci\u00f3n y comercio electr\u00f3nico, a continuaci\u00f3n se reflejan los datos del titular...\" \/>\n<meta property=\"og:url\" content=\"https:\/\/paynfinity.com\/de\/rechtshinweis\/\" \/>\n<meta property=\"og:site_name\" content=\"Paynfinity\" \/>\n<meta property=\"article:modified_time\" content=\"2026-02-26T02:19:48+00:00\" \/>\n<meta property=\"og:image\" content=\"https:\/\/paynfinity.com\/wp-content\/uploads\/2026\/02\/Paynfinity-11.webp\" \/>\n\t<meta property=\"og:image:width\" content=\"1280\" \/>\n\t<meta property=\"og:image:height\" content=\"739\" \/>\n\t<meta property=\"og:image:type\" content=\"image\/webp\" \/>\n<meta name=\"twitter:card\" content=\"summary_large_image\" \/>\n<meta name=\"twitter:label1\" content=\"Gesch\u00e4tzte Lesezeit\" \/>\n\t<meta name=\"twitter:data1\" content=\"3\u00a0Minuten\" \/>\n<script type=\"application\/ld+json\" class=\"yoast-schema-graph\">{\"@context\":\"https:\\\/\\\/schema.org\",\"@graph\":[{\"@type\":\"WebPage\",\"@id\":\"https:\\\/\\\/paynfinity.com\\\/aviso-legal\\\/\",\"url\":\"https:\\\/\\\/paynfinity.com\\\/aviso-legal\\\/\",\"name\":\"Aviso legal &#8226; Paynfinity\",\"isPartOf\":{\"@id\":\"https:\\\/\\\/paynfinity.com\\\/#website\"},\"datePublished\":\"2025-11-27T00:02:13+00:00\",\"dateModified\":\"2026-02-26T02:19:48+00:00\",\"breadcrumb\":{\"@id\":\"https:\\\/\\\/paynfinity.com\\\/aviso-legal\\\/#breadcrumb\"},\"inLanguage\":\"de\",\"potentialAction\":[{\"@type\":\"ReadAction\",\"target\":[\"https:\\\/\\\/paynfinity.com\\\/aviso-legal\\\/\"]}]},{\"@type\":\"BreadcrumbList\",\"@id\":\"https:\\\/\\\/paynfinity.com\\\/aviso-legal\\\/#breadcrumb\",\"itemListElement\":[{\"@type\":\"ListItem\",\"position\":1,\"name\":\"Portada\",\"item\":\"https:\\\/\\\/paynfinity.com\\\/\"},{\"@type\":\"ListItem\",\"position\":2,\"name\":\"Aviso legal\"}]},{\"@type\":\"WebSite\",\"@id\":\"https:\\\/\\\/paynfinity.com\\\/#website\",\"url\":\"https:\\\/\\\/paynfinity.com\\\/\",\"name\":\"Paynfinity\",\"description\":\"Estructuraci\u00f3n Corporativa y Banca Global\",\"publisher\":{\"@id\":\"https:\\\/\\\/paynfinity.com\\\/#organization\"},\"potentialAction\":[{\"@type\":\"SearchAction\",\"target\":{\"@type\":\"EntryPoint\",\"urlTemplate\":\"https:\\\/\\\/paynfinity.com\\\/?s={search_term_string}\"},\"query-input\":{\"@type\":\"PropertyValueSpecification\",\"valueRequired\":true,\"valueName\":\"search_term_string\"}}],\"inLanguage\":\"de\"},{\"@type\":\"Organization\",\"@id\":\"https:\\\/\\\/paynfinity.com\\\/#organization\",\"name\":\"Paynfinity\",\"url\":\"https:\\\/\\\/paynfinity.com\\\/\",\"logo\":{\"@type\":\"ImageObject\",\"inLanguage\":\"de\",\"@id\":\"https:\\\/\\\/paynfinity.com\\\/#\\\/schema\\\/logo\\\/image\\\/\",\"url\":\"https:\\\/\\\/paynfinity.com\\\/wp-content\\\/uploads\\\/2025\\\/02\\\/Paynfinity-Logo-Dark.svg\",\"contentUrl\":\"https:\\\/\\\/paynfinity.com\\\/wp-content\\\/uploads\\\/2025\\\/02\\\/Paynfinity-Logo-Dark.svg\",\"width\":151,\"height\":23,\"caption\":\"Paynfinity\"},\"image\":{\"@id\":\"https:\\\/\\\/paynfinity.com\\\/#\\\/schema\\\/logo\\\/image\\\/\"},\"sameAs\":[\"https:\\\/\\\/wa.me\\\/+447851108484\",\"https:\\\/\\\/www.linkedin.com\\\/company\\\/paynfinity\"]}]}<\/script>\n<!-- \/ Yoast SEO plugin. -->","yoast_head_json":{"title":"Rechtliche Hinweise - Paynfinity","robots":{"index":"index","follow":"follow","max-snippet":"max-snippet:-1","max-image-preview":"max-image-preview:large","max-video-preview":"max-video-preview:-1"},"canonical":"https:\/\/paynfinity.com\/de\/rechtshinweis\/","og_locale":"de_DE","og_type":"article","og_title":"Aviso legal &#8226; Paynfinity","og_description":"El presente Aviso Legal regula el acceso, navegaci\u00f3n y uso del sitio web paynfinity.com (en adelante, \u201cel Sitio Web\u201d), titularidad de Paynfinity\u00a0Ltd. 1. Datos Identificativos En cumplimiento con el deber de informaci\u00f3n recogido en la normativa de servicios de la sociedad de la informaci\u00f3n y comercio electr\u00f3nico, a continuaci\u00f3n se reflejan los datos del titular...","og_url":"https:\/\/paynfinity.com\/de\/rechtshinweis\/","og_site_name":"Paynfinity","article_modified_time":"2026-02-26T02:19:48+00:00","og_image":[{"width":1280,"height":739,"url":"https:\/\/paynfinity.com\/wp-content\/uploads\/2026\/02\/Paynfinity-11.webp","type":"image\/webp"}],"twitter_card":"summary_large_image","twitter_misc":{"Gesch\u00e4tzte Lesezeit":"3\u00a0Minuten"},"schema":{"@context":"https:\/\/schema.org","@graph":[{"@type":"WebPage","@id":"https:\/\/paynfinity.com\/aviso-legal\/","url":"https:\/\/paynfinity.com\/aviso-legal\/","name":"Rechtliche Hinweise - Paynfinity","isPartOf":{"@id":"https:\/\/paynfinity.com\/#website"},"datePublished":"2025-11-27T00:02:13+00:00","dateModified":"2026-02-26T02:19:48+00:00","breadcrumb":{"@id":"https:\/\/paynfinity.com\/aviso-legal\/#breadcrumb"},"inLanguage":"de","potentialAction":[{"@type":"ReadAction","target":["https:\/\/paynfinity.com\/aviso-legal\/"]}]},{"@type":"BreadcrumbList","@id":"https:\/\/paynfinity.com\/aviso-legal\/#breadcrumb","itemListElement":[{"@type":"ListItem","position":1,"name":"Portada","item":"https:\/\/paynfinity.com\/"},{"@type":"ListItem","position":2,"name":"Aviso legal"}]},{"@type":"WebSite","@id":"https:\/\/paynfinity.com\/#website","url":"https:\/\/paynfinity.com\/","name":"Paynfinity","description":"Unternehmensstrukturierung und Global Banking","publisher":{"@id":"https:\/\/paynfinity.com\/#organization"},"potentialAction":[{"@type":"SearchAction","target":{"@type":"EntryPoint","urlTemplate":"https:\/\/paynfinity.com\/?s={search_term_string}"},"query-input":{"@type":"PropertyValueSpecification","valueRequired":true,"valueName":"search_term_string"}}],"inLanguage":"de"},{"@type":"Organization","@id":"https:\/\/paynfinity.com\/#organization","name":"Paynfinity","url":"https:\/\/paynfinity.com\/","logo":{"@type":"ImageObject","inLanguage":"de","@id":"https:\/\/paynfinity.com\/#\/schema\/logo\/image\/","url":"https:\/\/paynfinity.com\/wp-content\/uploads\/2025\/02\/Paynfinity-Logo-Dark.svg","contentUrl":"https:\/\/paynfinity.com\/wp-content\/uploads\/2025\/02\/Paynfinity-Logo-Dark.svg","width":151,"height":23,"caption":"Paynfinity"},"image":{"@id":"https:\/\/paynfinity.com\/#\/schema\/logo\/image\/"},"sameAs":["https:\/\/wa.me\/+447851108484","https:\/\/www.linkedin.com\/company\/paynfinity"]}]}},"_hostinger_reach_plugin_has_subscription_block":false,"_hostinger_reach_plugin_is_elementor":false,"_links":{"self":[{"href":"https:\/\/paynfinity.com\/de\/wp-json\/wp\/v2\/pages\/987699","targetHints":{"allow":["GET"]}}],"collection":[{"href":"https:\/\/paynfinity.com\/de\/wp-json\/wp\/v2\/pages"}],"about":[{"href":"https:\/\/paynfinity.com\/de\/wp-json\/wp\/v2\/types\/page"}],"author":[{"embeddable":true,"href":"https:\/\/paynfinity.com\/de\/wp-json\/wp\/v2\/users\/1"}],"replies":[{"embeddable":true,"href":"https:\/\/paynfinity.com\/de\/wp-json\/wp\/v2\/comments?post=987699"}],"version-history":[{"count":7,"href":"https:\/\/paynfinity.com\/de\/wp-json\/wp\/v2\/pages\/987699\/revisions"}],"predecessor-version":[{"id":987933,"href":"https:\/\/paynfinity.com\/de\/wp-json\/wp\/v2\/pages\/987699\/revisions\/987933"}],"wp:attachment":[{"href":"https:\/\/paynfinity.com\/de\/wp-json\/wp\/v2\/media?parent=987699"}],"curies":[{"name":"wp","href":"https:\/\/api.w.org\/{rel}","templated":true}]}}