{"id":1090,"date":"2025-02-19T13:36:52","date_gmt":"2025-02-19T13:36:52","guid":{"rendered":"https:\/\/finovate.vamtam.com\/?page_id=1090"},"modified":"2026-02-26T03:19:48","modified_gmt":"2026-02-26T02:19:48","slug":"politique-en-matiere-de-cookies","status":"publish","type":"page","link":"https:\/\/paynfinity.com\/fr\/politica-de-cookies\/","title":{"rendered":"Politique en mati\u00e8re de cookies"},"content":{"rendered":"<div data-elementor-type=\"wp-page\" data-elementor-id=\"1090\" class=\"elementor elementor-1090\" data-elementor-post-type=\"page\">\n\t\t\t\t<div class=\"elementor-element elementor-element-b6f3875 e-flex e-con-boxed e-con e-parent\" data-id=\"b6f3875\" data-element_type=\"container\" data-e-type=\"container\">\n\t\t\t\t\t<div class=\"e-con-inner\">\n\t\t\t\t<div class=\"vamtam-has-theme-widget-styles elementor-element elementor-element-4747289 elementor-widget elementor-widget-text-editor\" data-id=\"4747289\" data-element_type=\"widget\" data-e-type=\"widget\" data-widget_type=\"text-editor.default\">\n\t\t\t\t<div class=\"elementor-widget-container\">\n\t\t\t\t\t\t\t\t\t<p data-path-to-node=\"5\">Au <strong>Paynfinity<\/strong><b>\u00a0Ltd.<\/b> (ci-apr\u00e8s, \u201cPaynfinity\u201d ou \u00abla Soci\u00e9t\u00e9\u00bb) utilise ses propres cookies et ceux de tiers pour am\u00e9liorer l'exp\u00e9rience de navigation, compiler des statistiques d'utilisation et proposer un contenu adapt\u00e9 \u00e0 vos int\u00e9r\u00eats sur notre site web. <b>paynfinity.com<\/b>.<\/p><p data-path-to-node=\"6\">Vous trouverez ci-dessous des informations d\u00e9taill\u00e9es sur les cookies que nous utilisons, leur finalit\u00e9 et la mani\u00e8re dont vous pouvez les g\u00e9rer.<\/p>\t\t\t\t\t\t\t\t<\/div>\n\t\t\t\t<\/div>\n\t\t\t\t<div class=\"elementor-element elementor-element-1ff617c elementor-widget elementor-widget-heading\" data-id=\"1ff617c\" data-element_type=\"widget\" data-e-type=\"widget\" data-widget_type=\"heading.default\">\n\t\t\t\t<div class=\"elementor-widget-container\">\n\t\t\t\t\t<h3 class=\"elementor-heading-title elementor-size-default\">1) Qu'est-ce qu'un cookie ?<\/h3>\t\t\t\t<\/div>\n\t\t\t\t<\/div>\n\t\t\t\t<div class=\"vamtam-has-theme-widget-styles elementor-element elementor-element-3744fad elementor-widget elementor-widget-text-editor\" data-id=\"3744fad\" data-element_type=\"widget\" data-e-type=\"widget\" data-widget_type=\"text-editor.default\">\n\t\t\t\t<div class=\"elementor-widget-container\">\n\t\t\t\t\t\t\t\t\t<p data-path-to-node=\"8\">Un cookie est un petit fichier texte qui est t\u00e9l\u00e9charg\u00e9 sur votre appareil (ordinateur, tablette ou mobile) lorsque vous acc\u00e9dez \u00e0 certaines pages web. Sa fonction principale est de stocker et de r\u00e9cup\u00e9rer des informations sur la fa\u00e7on dont l'utilisateur navigue (profil de navigation), facilitant ainsi des fonctions telles que la reconnaissance de la langue, le maintien de la session connect\u00e9e ou les pr\u00e9f\u00e9rences d'affichage.<\/p><p data-path-to-node=\"9\">Lorsque vous acc\u00e9dez pour la premi\u00e8re fois \u00e0 notre site web, nous affichons un avis (banni\u00e8re) vous informant de l'utilisation de cookies et vous offrant la possibilit\u00e9 de les configurer, de les accepter ou de les refuser, \u00e0 l'exception de ceux strictement n\u00e9cessaires au fonctionnement technique du site.<\/p>\t\t\t\t\t\t\t\t<\/div>\n\t\t\t\t<\/div>\n\t\t\t\t<div class=\"elementor-element elementor-element-7325a0b elementor-widget elementor-widget-heading\" data-id=\"7325a0b\" data-element_type=\"widget\" data-e-type=\"widget\" data-widget_type=\"heading.default\">\n\t\t\t\t<div class=\"elementor-widget-container\">\n\t\t\t\t\t<h3 class=\"elementor-heading-title elementor-size-default\">2. les types de cookies que nous utilisons<\/h3>\t\t\t\t<\/div>\n\t\t\t\t<\/div>\n\t\t\t\t<div class=\"vamtam-has-theme-widget-styles elementor-element elementor-element-500d7a6 elementor-widget elementor-widget-text-editor\" data-id=\"500d7a6\" data-element_type=\"widget\" data-e-type=\"widget\" data-widget_type=\"text-editor.default\">\n\t\t\t\t<div class=\"elementor-widget-container\">\n\t\t\t\t\t\t\t\t\t<p data-path-to-node=\"11\"><b>Selon leur origine :<\/b><\/p><ul data-path-to-node=\"12\"><li><p data-path-to-node=\"12,0,0\"><b>Vos propres biscuits :<\/b> Il s'agit de ceux qui sont envoy\u00e9s \u00e0 votre appareil \u00e0 partir d'un domaine g\u00e9r\u00e9 par Paynfinity et \u00e0 partir duquel le service est fourni.<\/p><\/li><li><p data-path-to-node=\"12,1,0\"><b>Cookies de tiers :<\/b> Ils sont envoy\u00e9s depuis un domaine ext\u00e9rieur \u00e0 Paynfinity, g\u00e9r\u00e9 par des prestataires externes qui traitent les donn\u00e9es obtenues (par exemple Google Analytics).<\/p><\/li><\/ul><p data-path-to-node=\"13\"><b>En fonction de leur dur\u00e9e :<\/b><\/p><ul data-path-to-node=\"14\"><li><p data-path-to-node=\"14,0,0\"><b>Cookies de session :<\/b> Ils ne stockent des donn\u00e9es que pendant que l'utilisateur navigue sur le site web et disparaissent lorsque le navigateur est ferm\u00e9.<\/p><\/li><li><p data-path-to-node=\"14,1,0\"><b>Cookies persistants :<\/b> Ils restent sur l'appareil pendant une certaine p\u00e9riode d\u00e9finie par le gestionnaire des cookies (de quelques minutes \u00e0 plusieurs ann\u00e9es).<\/p><\/li><\/ul><p data-path-to-node=\"15\"><b>En fonction de leur objectif :<\/b><\/p><ul data-path-to-node=\"16\"><li><p data-path-to-node=\"16,0,0\"><b>Techniques (n\u00e9cessaires) :<\/b> Indispensable \u00e0 la navigation et \u00e0 l'utilisation des fonctionnalit\u00e9s de base (s\u00e9curit\u00e9, acc\u00e8s \u00e0 l'espace client, m\u00e9morisation du consentement aux cookies).<\/p><\/li><li><p data-path-to-node=\"16,1,0\"><b>Personnalisation :<\/b> Ils m\u00e9morisent les pr\u00e9f\u00e9rences de l'utilisateur (langue anglaise, r\u00e9gion, devise).<\/p><\/li><li><p data-path-to-node=\"16,2,0\"><b>Analyse ou performance :<\/b> Ils recueillent des informations anonymes sur la mani\u00e8re dont les utilisateurs utilisent le site web (pages les plus visit\u00e9es, temps de chargement), ce qui leur permet d'am\u00e9liorer le fonctionnement du portail.<\/p><\/li><li><p data-path-to-node=\"16,3,0\"><b>Publicit\u00e9 (marketing) :<\/b> Ils g\u00e8rent les espaces publicitaires et mesurent l'efficacit\u00e9 des campagnes en ligne.<\/p><\/li><\/ul>\t\t\t\t\t\t\t\t<\/div>\n\t\t\t\t<\/div>\n\t\t\t\t<div class=\"elementor-element elementor-element-7610031 elementor-widget elementor-widget-heading\" data-id=\"7610031\" data-element_type=\"widget\" data-e-type=\"widget\" data-widget_type=\"heading.default\">\n\t\t\t\t<div class=\"elementor-widget-container\">\n\t\t\t\t\t<h3 class=\"elementor-heading-title elementor-size-default\">3. Cookies utilis\u00e9s sur ce site<\/h3>\t\t\t\t<\/div>\n\t\t\t\t<\/div>\n\t\t\t\t<div class=\"vamtam-has-theme-widget-styles elementor-element elementor-element-21ebfc2 elementor-widget elementor-widget-text-editor\" data-id=\"21ebfc2\" data-element_type=\"widget\" data-e-type=\"widget\" data-widget_type=\"text-editor.default\">\n\t\t\t\t<div class=\"elementor-widget-container\">\n\t\t\t\t\t\t\t\t\t<p data-path-to-node=\"18\">Les cookies utilis\u00e9s par ce site web sont \u00e9num\u00e9r\u00e9s ci-dessous.<\/p><p data-path-to-node=\"20\"><b>Cookies strictement n\u00e9cessaires<\/b> Elles sont indispensables au fonctionnement du site. Ils ne n\u00e9cessitent pas de consentement. | Cookie | Fournisseur | Dur\u00e9e | Description | :- | :- | :- | :- | :- | :- | :- | :- | :- | :- | :- | :- | <b>cookieyes-consent<\/b> | CookieYes | 1 an | Enregistre le statut du consentement de l'utilisateur en mati\u00e8re de cookies pour le domaine actuel. | | <b>PHPSESSID<\/b> | Paynfinity | Session | Identifiant PHP natif pour garder la session de l'utilisateur active. | | <b>\u00e9l\u00e9mentaire<\/b> | Paynfinity | Persistant | Utilis\u00e9 par le th\u00e8me web pour m\u00e9moriser les param\u00e8tres visuels. |<\/p><p data-path-to-node=\"21\"><b>Cookies de performance (analyse)<\/b> Ils nous permettent d'\u00e9valuer le comportement des utilisateurs afin d'am\u00e9liorer le site web. | Cookie | Fournisseur | Dur\u00e9e | Description | :- | :- | :- | :- | :- | :- | :- | :- | :- | :- | :- | <b>_ga<\/b> | Google Analytics | 2 ans | Utilis\u00e9 pour distinguer les utilisateurs uniques \u00e0 l'aide d'un identifiant al\u00e9atoire. | | <b>ID_CONTAINER<\/b> | Google Analytics | 2 ans | Utilis\u00e9 pour maintenir le statut de la session. |<\/p><p data-path-to-node=\"22\"><b>Cookies publicitaires et marketing<\/b> <i>(Si vous n'avez pas de campagnes Facebook\/LinkedIn actives, cette section appara\u00eetra vide dans votre scanner, mais nous laissons la cat\u00e9gorie au cas o\u00f9).<\/i>. | Cookie | Fournisseur | Dur\u00e9e | Description | :- | :- | :- | :- | :- | :- | :- | :- | :- | :- | :- | :- | :- | :- | :- | :- | :- | :- | <b>_fbp<\/b> | Meta (Facebook) | 3 mois | Utilis\u00e9 pour afficher de la publicit\u00e9 pertinente sur Facebook apr\u00e8s avoir visit\u00e9 ce site web. |<\/p>\t\t\t\t\t\t\t\t<\/div>\n\t\t\t\t<\/div>\n\t\t\t\t<div class=\"elementor-element elementor-element-fa4ffae elementor-widget elementor-widget-heading\" data-id=\"fa4ffae\" data-element_type=\"widget\" data-e-type=\"widget\" data-widget_type=\"heading.default\">\n\t\t\t\t<div class=\"elementor-widget-container\">\n\t\t\t\t\t<h3 class=\"elementor-heading-title elementor-size-default\">4. g\u00e9rer et d\u00e9sactiver les cookies<\/h3>\t\t\t\t<\/div>\n\t\t\t\t<\/div>\n\t\t\t\t<div class=\"vamtam-has-theme-widget-styles elementor-element elementor-element-2d69515 elementor-widget elementor-widget-text-editor\" data-id=\"2d69515\" data-element_type=\"widget\" data-e-type=\"widget\" data-widget_type=\"text-editor.default\">\n\t\t\t\t<div class=\"elementor-widget-container\">\n\t\t\t\t\t\t\t\t\t<p data-path-to-node=\"24\">Vous pouvez autoriser, bloquer ou supprimer les cookies install\u00e9s sur votre ordinateur en configurant les options du navigateur install\u00e9 sur votre ordinateur :<\/p><ul data-path-to-node=\"25\"><li><p data-path-to-node=\"25,0,0\"><b>Google Chrome :<\/b> <a class=\"ng-star-inserted\" href=\"https:\/\/support.google.com\/chrome\/answer\/95647?authuser=1\" target=\"_blank\" rel=\"noopener\" data-hveid=\"0\" data-ved=\"0CAAQ_4QMahcKEwj61bmm87eRAxUAAAAAHQAAAAAQbA\">Param\u00e8tres des cookies dans Chrome<\/a><\/p><\/li><li><p data-path-to-node=\"25,1,0\"><b>Mozilla Firefox :<\/b> <a class=\"ng-star-inserted\" href=\"https:\/\/www.google.com\/search?q=https:\/\/support.mozilla.org\/kb\/Borrar%2520cookies&amp;authuser=1\" target=\"_blank\" rel=\"noopener\" data-hveid=\"0\" data-ved=\"0CAAQ_4QMahcKEwj61bmm87eRAxUAAAAAHQAAAAAQbQ\">Param\u00e8tres des cookies de Firefox<\/a><\/p><\/li><li><p data-path-to-node=\"25,2,0\"><b>Safari :<\/b> <a class=\"ng-star-inserted\" href=\"https:\/\/www.google.com\/search?q=https:\/\/support.apple.com\/guide\/safari\/manage-cookies-and-website-data-sfri11471\/mac&amp;authuser=1\" target=\"_blank\" rel=\"noopener\" data-hveid=\"0\" data-ved=\"0CAAQ_4QMahcKEwj61bmm87eRAxUAAAAAHQAAAAAQbg\">Param\u00e9trer les cookies dans Safari<\/a><\/p><\/li><li><p data-path-to-node=\"25,3,0\"><b>Microsoft Edge :<\/b> <a class=\"ng-star-inserted\" href=\"https:\/\/privacy.microsoft.com\/windows-10-microsoft-edge-and-privacy\" target=\"_blank\" rel=\"noopener\" data-hveid=\"0\" data-ved=\"0CAAQ_4QMahcKEwj61bmm87eRAxUAAAAAHQAAAAAQbw\">Param\u00e8tres des cookies dans Edge<\/a><\/p><\/li><\/ul><p data-path-to-node=\"26\">Veuillez noter que la d\u00e9sactivation des cookies techniques peut affecter le bon fonctionnement de sections telles que l'espace client ou les formulaires de contact.<\/p>\t\t\t\t\t\t\t\t<\/div>\n\t\t\t\t<\/div>\n\t\t\t\t<div class=\"elementor-element elementor-element-2643117 elementor-widget elementor-widget-heading\" data-id=\"2643117\" data-element_type=\"widget\" data-e-type=\"widget\" data-widget_type=\"heading.default\">\n\t\t\t\t<div class=\"elementor-widget-container\">\n\t\t\t\t\t<h3 class=\"elementor-heading-title elementor-size-default\">5. Transfert de donn\u00e9es \u00e0 des tiers<\/h3>\t\t\t\t<\/div>\n\t\t\t\t<\/div>\n\t\t\t\t<div class=\"vamtam-has-theme-widget-styles elementor-element elementor-element-dc4be31 elementor-widget elementor-widget-text-editor\" data-id=\"dc4be31\" data-element_type=\"widget\" data-e-type=\"widget\" data-widget_type=\"text-editor.default\">\n\t\t\t\t<div class=\"elementor-widget-container\">\n\t\t\t\t\t\t\t\t\t<p data-path-to-node=\"28\">Paynfinity autorise les fournisseurs de services technologiques (tels que Google Analytics ou les fournisseurs d'h\u00e9bergement) \u00e0 installer des cookies pour la fourniture de leurs services.<\/p><p data-path-to-node=\"29\">\u00c9tant donn\u00e9 que Paynfinity op\u00e8re \u00e0 partir du <b>Royaume-Uni<\/b>, Vos donn\u00e9es sont trait\u00e9es dans le cadre du RGPD britannique, qui maintient un niveau de protection ad\u00e9quat reconnu par l'Union europ\u00e9enne (d\u00e9cision d'ad\u00e9quation). Certains fournisseurs (comme Google) peuvent transf\u00e9rer des donn\u00e9es aux \u00c9tats-Unis, sur la base de cadres de protection de la vie priv\u00e9e ou de clauses contractuelles standard.<\/p>\t\t\t\t\t\t\t\t<\/div>\n\t\t\t\t<\/div>\n\t\t\t\t<div class=\"elementor-element elementor-element-d3ab1d4 elementor-widget elementor-widget-heading\" data-id=\"d3ab1d4\" data-element_type=\"widget\" data-e-type=\"widget\" data-widget_type=\"heading.default\">\n\t\t\t\t<div class=\"elementor-widget-container\">\n\t\t\t\t\t<h3 class=\"elementor-heading-title elementor-size-default\">6. Mises \u00e0 jour et contact<\/h3>\t\t\t\t<\/div>\n\t\t\t\t<\/div>\n\t\t\t\t<div class=\"vamtam-has-theme-widget-styles elementor-element elementor-element-d7759cb elementor-widget elementor-widget-text-editor\" data-id=\"d7759cb\" data-element_type=\"widget\" data-e-type=\"widget\" data-widget_type=\"text-editor.default\">\n\t\t\t\t<div class=\"elementor-widget-container\">\n\t\t\t\t\t\t\t\t\t<p data-path-to-node=\"31\">La pr\u00e9sente politique en mati\u00e8re de cookies peut \u00eatre modifi\u00e9e conform\u00e9ment aux exigences l\u00e9gislatives ou afin de l'adapter aux instructions de l'ICO (Royaume-Uni) ou de l'AEPD (Espagne).<\/p><p data-path-to-node=\"32\">Si vous avez des questions concernant cette politique, vous pouvez nous contacter \u00e0 l'adresse suivante : <b>info@paynfinity.com<\/b><\/p><p data-path-to-node=\"33\"><b>Date de la derni\u00e8re mise \u00e0 jour :<\/b> 27 novembre 2025.<\/p>\t\t\t\t\t\t\t\t<\/div>\n\t\t\t\t<\/div>\n\t\t\t\t\t<\/div>\n\t\t\t\t<\/div>\n\t\t\t\t<\/div>","protected":false},"excerpt":{"rendered":"<p>En Paynfinity\u00a0Ltd. (en adelante, \u201cPaynfinity\u201d o \u00abla Empresa\u00bb) utilizamos cookies propias y de terceros para mejorar la experiencia de navegaci\u00f3n, realizar estad\u00edsticas de uso y ofrecer contenidos adaptados a sus intereses en nuestro sitio web paynfinity.com. A continuaci\u00f3n encontrar\u00e1 informaci\u00f3n detallada sobre qu\u00e9 cookies empleamos, su finalidad y c\u00f3mo puede gestionarlas. 1. \u00bfQu\u00e9 son las&#8230;<\/p>","protected":false},"author":1,"featured_media":0,"parent":0,"menu_order":13,"comment_status":"closed","ping_status":"closed","template":"","meta":{"footnotes":""},"class_list":["post-1090","page","type-page","status-publish","hentry"],"yoast_head":"<!-- This site is optimized with the Yoast SEO plugin v27.3 - https:\/\/yoast.com\/product\/yoast-seo-wordpress\/ -->\n<title>Pol\u00edtica de cookies &#8226; Paynfinity<\/title>\n<meta name=\"robots\" content=\"index, follow, max-snippet:-1, max-image-preview:large, max-video-preview:-1\" \/>\n<link rel=\"canonical\" href=\"https:\/\/paynfinity.com\/fr\/politique-en-matiere-de-cookies\/\" \/>\n<meta property=\"og:locale\" content=\"fr_FR\" \/>\n<meta property=\"og:type\" content=\"article\" \/>\n<meta property=\"og:title\" content=\"Pol\u00edtica de cookies &#8226; Paynfinity\" \/>\n<meta property=\"og:description\" content=\"En Paynfinity\u00a0Ltd. (en adelante, \u201cPaynfinity\u201d o \u00abla Empresa\u00bb) utilizamos cookies propias y de terceros para mejorar la experiencia de navegaci\u00f3n, realizar estad\u00edsticas de uso y ofrecer contenidos adaptados a sus intereses en nuestro sitio web paynfinity.com. A continuaci\u00f3n encontrar\u00e1 informaci\u00f3n detallada sobre qu\u00e9 cookies empleamos, su finalidad y c\u00f3mo puede gestionarlas. 1. \u00bfQu\u00e9 son las...\" \/>\n<meta property=\"og:url\" content=\"https:\/\/paynfinity.com\/fr\/politique-en-matiere-de-cookies\/\" \/>\n<meta property=\"og:site_name\" content=\"Paynfinity\" \/>\n<meta property=\"article:modified_time\" content=\"2026-02-26T02:19:48+00:00\" \/>\n<meta property=\"og:image\" content=\"https:\/\/paynfinity.com\/wp-content\/uploads\/2026\/02\/Paynfinity-11.webp\" \/>\n\t<meta property=\"og:image:width\" content=\"1280\" \/>\n\t<meta property=\"og:image:height\" content=\"739\" \/>\n\t<meta property=\"og:image:type\" content=\"image\/webp\" \/>\n<meta name=\"twitter:card\" content=\"summary_large_image\" \/>\n<meta name=\"twitter:label1\" content=\"Dur\u00e9e de lecture estim\u00e9e\" \/>\n\t<meta name=\"twitter:data1\" content=\"4 minutes\" \/>\n<script type=\"application\/ld+json\" class=\"yoast-schema-graph\">{\"@context\":\"https:\\\/\\\/schema.org\",\"@graph\":[{\"@type\":\"WebPage\",\"@id\":\"https:\\\/\\\/paynfinity.com\\\/politica-de-cookies\\\/\",\"url\":\"https:\\\/\\\/paynfinity.com\\\/politica-de-cookies\\\/\",\"name\":\"Pol\u00edtica de cookies &#8226; Paynfinity\",\"isPartOf\":{\"@id\":\"https:\\\/\\\/paynfinity.com\\\/#website\"},\"datePublished\":\"2025-02-19T13:36:52+00:00\",\"dateModified\":\"2026-02-26T02:19:48+00:00\",\"breadcrumb\":{\"@id\":\"https:\\\/\\\/paynfinity.com\\\/politica-de-cookies\\\/#breadcrumb\"},\"inLanguage\":\"fr-FR\",\"potentialAction\":[{\"@type\":\"ReadAction\",\"target\":[\"https:\\\/\\\/paynfinity.com\\\/politica-de-cookies\\\/\"]}]},{\"@type\":\"BreadcrumbList\",\"@id\":\"https:\\\/\\\/paynfinity.com\\\/politica-de-cookies\\\/#breadcrumb\",\"itemListElement\":[{\"@type\":\"ListItem\",\"position\":1,\"name\":\"Portada\",\"item\":\"https:\\\/\\\/paynfinity.com\\\/\"},{\"@type\":\"ListItem\",\"position\":2,\"name\":\"Pol\u00edtica de cookies\"}]},{\"@type\":\"WebSite\",\"@id\":\"https:\\\/\\\/paynfinity.com\\\/#website\",\"url\":\"https:\\\/\\\/paynfinity.com\\\/\",\"name\":\"Paynfinity\",\"description\":\"Estructuraci\u00f3n Corporativa y Banca Global\",\"publisher\":{\"@id\":\"https:\\\/\\\/paynfinity.com\\\/#organization\"},\"potentialAction\":[{\"@type\":\"SearchAction\",\"target\":{\"@type\":\"EntryPoint\",\"urlTemplate\":\"https:\\\/\\\/paynfinity.com\\\/?s={search_term_string}\"},\"query-input\":{\"@type\":\"PropertyValueSpecification\",\"valueRequired\":true,\"valueName\":\"search_term_string\"}}],\"inLanguage\":\"fr-FR\"},{\"@type\":\"Organization\",\"@id\":\"https:\\\/\\\/paynfinity.com\\\/#organization\",\"name\":\"Paynfinity\",\"url\":\"https:\\\/\\\/paynfinity.com\\\/\",\"logo\":{\"@type\":\"ImageObject\",\"inLanguage\":\"fr-FR\",\"@id\":\"https:\\\/\\\/paynfinity.com\\\/#\\\/schema\\\/logo\\\/image\\\/\",\"url\":\"https:\\\/\\\/paynfinity.com\\\/wp-content\\\/uploads\\\/2025\\\/02\\\/Paynfinity-Logo-Dark.svg\",\"contentUrl\":\"https:\\\/\\\/paynfinity.com\\\/wp-content\\\/uploads\\\/2025\\\/02\\\/Paynfinity-Logo-Dark.svg\",\"width\":151,\"height\":23,\"caption\":\"Paynfinity\"},\"image\":{\"@id\":\"https:\\\/\\\/paynfinity.com\\\/#\\\/schema\\\/logo\\\/image\\\/\"},\"sameAs\":[\"https:\\\/\\\/wa.me\\\/+447851108484\",\"https:\\\/\\\/www.linkedin.com\\\/company\\\/paynfinity\"]}]}<\/script>\n<!-- \/ Yoast SEO plugin. -->","yoast_head_json":{"title":"Politique en mati\u00e8re de cookies - Paynfinity","robots":{"index":"index","follow":"follow","max-snippet":"max-snippet:-1","max-image-preview":"max-image-preview:large","max-video-preview":"max-video-preview:-1"},"canonical":"https:\/\/paynfinity.com\/fr\/politique-en-matiere-de-cookies\/","og_locale":"fr_FR","og_type":"article","og_title":"Pol\u00edtica de cookies &#8226; Paynfinity","og_description":"En Paynfinity\u00a0Ltd. (en adelante, \u201cPaynfinity\u201d o \u00abla Empresa\u00bb) utilizamos cookies propias y de terceros para mejorar la experiencia de navegaci\u00f3n, realizar estad\u00edsticas de uso y ofrecer contenidos adaptados a sus intereses en nuestro sitio web paynfinity.com. A continuaci\u00f3n encontrar\u00e1 informaci\u00f3n detallada sobre qu\u00e9 cookies empleamos, su finalidad y c\u00f3mo puede gestionarlas. 1. \u00bfQu\u00e9 son las...","og_url":"https:\/\/paynfinity.com\/fr\/politique-en-matiere-de-cookies\/","og_site_name":"Paynfinity","article_modified_time":"2026-02-26T02:19:48+00:00","og_image":[{"width":1280,"height":739,"url":"https:\/\/paynfinity.com\/wp-content\/uploads\/2026\/02\/Paynfinity-11.webp","type":"image\/webp"}],"twitter_card":"summary_large_image","twitter_misc":{"Dur\u00e9e de lecture estim\u00e9e":"4 minutes"},"schema":{"@context":"https:\/\/schema.org","@graph":[{"@type":"WebPage","@id":"https:\/\/paynfinity.com\/politica-de-cookies\/","url":"https:\/\/paynfinity.com\/politica-de-cookies\/","name":"Politique en mati\u00e8re de cookies - Paynfinity","isPartOf":{"@id":"https:\/\/paynfinity.com\/#website"},"datePublished":"2025-02-19T13:36:52+00:00","dateModified":"2026-02-26T02:19:48+00:00","breadcrumb":{"@id":"https:\/\/paynfinity.com\/politica-de-cookies\/#breadcrumb"},"inLanguage":"fr-FR","potentialAction":[{"@type":"ReadAction","target":["https:\/\/paynfinity.com\/politica-de-cookies\/"]}]},{"@type":"BreadcrumbList","@id":"https:\/\/paynfinity.com\/politica-de-cookies\/#breadcrumb","itemListElement":[{"@type":"ListItem","position":1,"name":"Portada","item":"https:\/\/paynfinity.com\/"},{"@type":"ListItem","position":2,"name":"Pol\u00edtica de cookies"}]},{"@type":"WebSite","@id":"https:\/\/paynfinity.com\/#website","url":"https:\/\/paynfinity.com\/","name":"Paynfinity","description":"Structuration des entreprises et banque mondiale","publisher":{"@id":"https:\/\/paynfinity.com\/#organization"},"potentialAction":[{"@type":"SearchAction","target":{"@type":"EntryPoint","urlTemplate":"https:\/\/paynfinity.com\/?s={search_term_string}"},"query-input":{"@type":"PropertyValueSpecification","valueRequired":true,"valueName":"search_term_string"}}],"inLanguage":"fr-FR"},{"@type":"Organization","@id":"https:\/\/paynfinity.com\/#organization","name":"Paynfinity","url":"https:\/\/paynfinity.com\/","logo":{"@type":"ImageObject","inLanguage":"fr-FR","@id":"https:\/\/paynfinity.com\/#\/schema\/logo\/image\/","url":"https:\/\/paynfinity.com\/wp-content\/uploads\/2025\/02\/Paynfinity-Logo-Dark.svg","contentUrl":"https:\/\/paynfinity.com\/wp-content\/uploads\/2025\/02\/Paynfinity-Logo-Dark.svg","width":151,"height":23,"caption":"Paynfinity"},"image":{"@id":"https:\/\/paynfinity.com\/#\/schema\/logo\/image\/"},"sameAs":["https:\/\/wa.me\/+447851108484","https:\/\/www.linkedin.com\/company\/paynfinity"]}]}},"_hostinger_reach_plugin_has_subscription_block":false,"_hostinger_reach_plugin_is_elementor":false,"_links":{"self":[{"href":"https:\/\/paynfinity.com\/fr\/wp-json\/wp\/v2\/pages\/1090","targetHints":{"allow":["GET"]}}],"collection":[{"href":"https:\/\/paynfinity.com\/fr\/wp-json\/wp\/v2\/pages"}],"about":[{"href":"https:\/\/paynfinity.com\/fr\/wp-json\/wp\/v2\/types\/page"}],"author":[{"embeddable":true,"href":"https:\/\/paynfinity.com\/fr\/wp-json\/wp\/v2\/users\/1"}],"replies":[{"embeddable":true,"href":"https:\/\/paynfinity.com\/fr\/wp-json\/wp\/v2\/comments?post=1090"}],"version-history":[{"count":11,"href":"https:\/\/paynfinity.com\/fr\/wp-json\/wp\/v2\/pages\/1090\/revisions"}],"predecessor-version":[{"id":987930,"href":"https:\/\/paynfinity.com\/fr\/wp-json\/wp\/v2\/pages\/1090\/revisions\/987930"}],"wp:attachment":[{"href":"https:\/\/paynfinity.com\/fr\/wp-json\/wp\/v2\/media?parent=1090"}],"curies":[{"name":"wp","href":"https:\/\/api.w.org\/{rel}","templated":true}]}}