{"id":1090,"date":"2025-02-19T13:36:52","date_gmt":"2025-02-19T13:36:52","guid":{"rendered":"https:\/\/finovate.vamtam.com\/?page_id=1090"},"modified":"2026-02-26T03:19:48","modified_gmt":"2026-02-26T02:19:48","slug":"politica-sui-cookie","status":"publish","type":"page","link":"https:\/\/paynfinity.com\/it\/politica-de-cookies\/","title":{"rendered":"Politica sui cookie"},"content":{"rendered":"<div data-elementor-type=\"wp-page\" data-elementor-id=\"1090\" class=\"elementor elementor-1090\" data-elementor-post-type=\"page\">\n\t\t\t\t<div class=\"elementor-element elementor-element-b6f3875 e-flex e-con-boxed e-con e-parent\" data-id=\"b6f3875\" data-element_type=\"container\" data-e-type=\"container\">\n\t\t\t\t\t<div class=\"e-con-inner\">\n\t\t\t\t<div class=\"vamtam-has-theme-widget-styles elementor-element elementor-element-4747289 elementor-widget elementor-widget-text-editor\" data-id=\"4747289\" data-element_type=\"widget\" data-e-type=\"widget\" data-widget_type=\"text-editor.default\">\n\t\t\t\t<div class=\"elementor-widget-container\">\n\t\t\t\t\t\t\t\t\t<p data-path-to-node=\"5\">A <strong>Paynfinity<\/strong><b>\u00a0Ltd.<\/b> (di seguito, \u201cPaynfinity\u201d o \u00abl'Azienda\u00bb) utilizza cookie propri e di terzi per migliorare l'esperienza di navigazione, compilare statistiche di utilizzo e offrire contenuti personalizzati in base ai suoi interessi sul nostro sito web. <b>paynfinity.com<\/b>.<\/p><p data-path-to-node=\"6\">Di seguito trover\u00e0 informazioni dettagliate su quali cookie utilizziamo, il loro scopo e come pu\u00f2 gestirli.<\/p>\t\t\t\t\t\t\t\t<\/div>\n\t\t\t\t<\/div>\n\t\t\t\t<div class=\"elementor-element elementor-element-1ff617c elementor-widget elementor-widget-heading\" data-id=\"1ff617c\" data-element_type=\"widget\" data-e-type=\"widget\" data-widget_type=\"heading.default\">\n\t\t\t\t<div class=\"elementor-widget-container\">\n\t\t\t\t\t<h3 class=\"elementor-heading-title elementor-size-default\">1. Cosa sono i cookie?<\/h3>\t\t\t\t<\/div>\n\t\t\t\t<\/div>\n\t\t\t\t<div class=\"vamtam-has-theme-widget-styles elementor-element elementor-element-3744fad elementor-widget elementor-widget-text-editor\" data-id=\"3744fad\" data-element_type=\"widget\" data-e-type=\"widget\" data-widget_type=\"text-editor.default\">\n\t\t\t\t<div class=\"elementor-widget-container\">\n\t\t\t\t\t\t\t\t\t<p data-path-to-node=\"8\">Un cookie \u00e8 un piccolo file di testo che viene scaricato sul suo dispositivo (computer, tablet o cellulare) quando accede a determinate pagine web. La sua funzione principale \u00e8 quella di memorizzare e recuperare informazioni sul modo in cui l'utente naviga (profilo di navigazione), facilitando cos\u00ec funzioni come il riconoscimento della lingua, il mantenimento della sessione di accesso o le preferenze di visualizzazione.<\/p><p data-path-to-node=\"9\">Quando accede per la prima volta al nostro sito web, visualizziamo un avviso (banner) che la informa dell'uso dei cookie e le offre la possibilit\u00e0 di configurarli, accettarli o rifiutarli, ad eccezione di quelli strettamente necessari per il funzionamento tecnico del sito.<\/p>\t\t\t\t\t\t\t\t<\/div>\n\t\t\t\t<\/div>\n\t\t\t\t<div class=\"elementor-element elementor-element-7325a0b elementor-widget elementor-widget-heading\" data-id=\"7325a0b\" data-element_type=\"widget\" data-e-type=\"widget\" data-widget_type=\"heading.default\">\n\t\t\t\t<div class=\"elementor-widget-container\">\n\t\t\t\t\t<h3 class=\"elementor-heading-title elementor-size-default\">2. Tipi di cookie che utilizziamo<\/h3>\t\t\t\t<\/div>\n\t\t\t\t<\/div>\n\t\t\t\t<div class=\"vamtam-has-theme-widget-styles elementor-element elementor-element-500d7a6 elementor-widget elementor-widget-text-editor\" data-id=\"500d7a6\" data-element_type=\"widget\" data-e-type=\"widget\" data-widget_type=\"text-editor.default\">\n\t\t\t\t<div class=\"elementor-widget-container\">\n\t\t\t\t\t\t\t\t\t<p data-path-to-node=\"11\"><b>Secondo la loro origine:<\/b><\/p><ul data-path-to-node=\"12\"><li><p data-path-to-node=\"12,0,0\"><b>Biscotti propri:<\/b> Sono quelli inviati al suo dispositivo da un dominio gestito da Paynfinity e dal quale viene fornito il servizio.<\/p><\/li><li><p data-path-to-node=\"12,1,0\"><b>Cookie di terze parti:<\/b> Vengono inviati da un dominio esterno a Paynfinity, gestito da fornitori esterni che elaborano i dati ottenuti (ad esempio, Google Analytics).<\/p><\/li><\/ul><p data-path-to-node=\"13\"><b>A seconda della loro durata:<\/b><\/p><ul data-path-to-node=\"14\"><li><p data-path-to-node=\"14,0,0\"><b>Cookie di sessione:<\/b> Memorizzano i dati solo mentre l'utente sta navigando sul sito web e scompaiono quando il browser viene chiuso.<\/p><\/li><li><p data-path-to-node=\"14,1,0\"><b>Cookie persistenti:<\/b> Rimangono sul dispositivo per un certo periodo di tempo definito dal gestore dei cookie (da pochi minuti a diversi anni).<\/p><\/li><\/ul><p data-path-to-node=\"15\"><b>In base al loro scopo:<\/b><\/p><ul data-path-to-node=\"16\"><li><p data-path-to-node=\"16,0,0\"><b>Tecniche (necessarie):<\/b> Essenziale per la navigazione e l'utilizzo delle funzionalit\u00e0 di base (sicurezza, accesso all'area clienti, memorizzazione del consenso ai cookie).<\/p><\/li><li><p data-path-to-node=\"16,1,0\"><b>Personalizzazione:<\/b> Memorizzano le preferenze dell'utente (lingua inglese, regione, valuta).<\/p><\/li><li><p data-path-to-node=\"16,2,0\"><b>Analisi o prestazioni:<\/b> Raccolgono informazioni anonime su come gli utenti utilizzano il sito web (pagine pi\u00f9 visitate, tempi di caricamento), consentendo di migliorare il funzionamento del portale.<\/p><\/li><li><p data-path-to-node=\"16,3,0\"><b>Pubblicit\u00e0 (Marketing):<\/b> Gestiscono gli spazi pubblicitari e misurano l'efficacia delle campagne online.<\/p><\/li><\/ul>\t\t\t\t\t\t\t\t<\/div>\n\t\t\t\t<\/div>\n\t\t\t\t<div class=\"elementor-element elementor-element-7610031 elementor-widget elementor-widget-heading\" data-id=\"7610031\" data-element_type=\"widget\" data-e-type=\"widget\" data-widget_type=\"heading.default\">\n\t\t\t\t<div class=\"elementor-widget-container\">\n\t\t\t\t\t<h3 class=\"elementor-heading-title elementor-size-default\">3. I cookie utilizzati su questo sito web<\/h3>\t\t\t\t<\/div>\n\t\t\t\t<\/div>\n\t\t\t\t<div class=\"vamtam-has-theme-widget-styles elementor-element elementor-element-21ebfc2 elementor-widget elementor-widget-text-editor\" data-id=\"21ebfc2\" data-element_type=\"widget\" data-e-type=\"widget\" data-widget_type=\"text-editor.default\">\n\t\t\t\t<div class=\"elementor-widget-container\">\n\t\t\t\t\t\t\t\t\t<p data-path-to-node=\"18\">I cookie utilizzati da questo sito web sono elencati di seguito.<\/p><p data-path-to-node=\"20\"><b>Cookie strettamente necessari<\/b> Sono essenziali per il funzionamento del sito. Non richiedono il consenso. Cookie | Provider | Durata | Descrizione | Descrizione | :- | :- | :- | :- | :- | :- | :- | :- | :- | :- | :- | :- | <b>cookie s\u00ec-consenso<\/b> | CookieS\u00ec | 1 anno | Memorizza lo stato di consenso ai cookie dell'utente per il dominio corrente. | | <b>PHPSESSID<\/b> | Paynfinity | Sessione | Identificatore PHP nativo per mantenere attiva la sessione dell'utente. | | <b>elemento<\/b> | Paynfinity | Persistente | Utilizzato dal tema web per ricordare le impostazioni visive. |<\/p><p data-path-to-node=\"21\"><b>Cookie di performance (analitici)<\/b> Ci permettono di valutare il comportamento degli utenti per migliorare il sito web. Cookie | Provider | Durata | Descrizione | :- | :- | :- | :- | :- | :- | :- | :- | :- | :- | :- | :- <b>_ga<\/b> | Google Analytics | 2 anni | Utilizzato per distinguere gli utenti unici utilizzando un ID casuale. | | <b>_ga_CONTAINER-ID<\/b> | Google Analytics | 2 anni | Utilizzato per mantenere lo stato della sessione. |<\/p><p data-path-to-node=\"22\"><b>Cookie pubblicitari e di marketing<\/b> <i>(Se non ha campagne Facebook\/LinkedIn attive, questa sezione apparir\u00e0 vuota nel suo scanner, ma lasciamo la categoria per sicurezza).<\/i>. Cookie | Provider | Durata | Descrizione | :- | :- | :- | :- | :- | :- | :- | :- | :- | :- | :- | :- | :- | :- | :- | :- | :- | :- | :- <b>_fbp<\/b> | Meta (Facebook) | 3 mesi | Utilizzato per visualizzare pubblicit\u00e0 pertinenti su Facebook dopo aver visitato questo sito web. |<\/p>\t\t\t\t\t\t\t\t<\/div>\n\t\t\t\t<\/div>\n\t\t\t\t<div class=\"elementor-element elementor-element-fa4ffae elementor-widget elementor-widget-heading\" data-id=\"fa4ffae\" data-element_type=\"widget\" data-e-type=\"widget\" data-widget_type=\"heading.default\">\n\t\t\t\t<div class=\"elementor-widget-container\">\n\t\t\t\t\t<h3 class=\"elementor-heading-title elementor-size-default\">4. Gestire e disabilitare i cookie<\/h3>\t\t\t\t<\/div>\n\t\t\t\t<\/div>\n\t\t\t\t<div class=\"vamtam-has-theme-widget-styles elementor-element elementor-element-2d69515 elementor-widget elementor-widget-text-editor\" data-id=\"2d69515\" data-element_type=\"widget\" data-e-type=\"widget\" data-widget_type=\"text-editor.default\">\n\t\t\t\t<div class=\"elementor-widget-container\">\n\t\t\t\t\t\t\t\t\t<p data-path-to-node=\"24\">Pu\u00f2 consentire, bloccare o eliminare i cookie installati sul suo computer configurando le opzioni del browser installato sul suo computer:<\/p><ul data-path-to-node=\"25\"><li><p data-path-to-node=\"25,0,0\"><b>Google Chrome:<\/b> <a class=\"ng-star-inserted\" href=\"https:\/\/support.google.com\/chrome\/answer\/95647?authuser=1\" target=\"_blank\" rel=\"noopener\" data-hveid=\"0\" data-ved=\"0CAAQ_4QMahcKEwj61bmm87eRAxUAAAAAHQAAAAAQbA\">Impostazioni dei cookie in Chrome<\/a><\/p><\/li><li><p data-path-to-node=\"25,1,0\"><b>Mozilla Firefox:<\/b> <a class=\"ng-star-inserted\" href=\"https:\/\/www.google.com\/search?q=https:\/\/support.mozilla.org\/kb\/Borrar%2520cookies&amp;authuser=1\" target=\"_blank\" rel=\"noopener\" data-hveid=\"0\" data-ved=\"0CAAQ_4QMahcKEwj61bmm87eRAxUAAAAAHQAAAAAQbQ\">Impostazioni dei cookie di Firefox<\/a><\/p><\/li><li><p data-path-to-node=\"25,2,0\"><b>Safari:<\/b> <a class=\"ng-star-inserted\" href=\"https:\/\/www.google.com\/search?q=https:\/\/support.apple.com\/guide\/safari\/manage-cookies-and-website-data-sfri11471\/mac&amp;authuser=1\" target=\"_blank\" rel=\"noopener\" data-hveid=\"0\" data-ved=\"0CAAQ_4QMahcKEwj61bmm87eRAxUAAAAAHQAAAAAQbg\">Impostazione dei cookie in Safari<\/a><\/p><\/li><li><p data-path-to-node=\"25,3,0\"><b>Microsoft Edge:<\/b> <a class=\"ng-star-inserted\" href=\"https:\/\/privacy.microsoft.com\/windows-10-microsoft-edge-and-privacy\" target=\"_blank\" rel=\"noopener\" data-hveid=\"0\" data-ved=\"0CAAQ_4QMahcKEwj61bmm87eRAxUAAAAAHQAAAAAQbw\">Impostazioni dei cookie in Edge<\/a><\/p><\/li><\/ul><p data-path-to-node=\"26\">La preghiamo di notare che la disabilitazione dei cookie tecnici pu\u00f2 influire sul corretto funzionamento di sezioni come l'area clienti o i moduli di contatto.<\/p>\t\t\t\t\t\t\t\t<\/div>\n\t\t\t\t<\/div>\n\t\t\t\t<div class=\"elementor-element elementor-element-2643117 elementor-widget elementor-widget-heading\" data-id=\"2643117\" data-element_type=\"widget\" data-e-type=\"widget\" data-widget_type=\"heading.default\">\n\t\t\t\t<div class=\"elementor-widget-container\">\n\t\t\t\t\t<h3 class=\"elementor-heading-title elementor-size-default\">5. Trasferimento di dati a terzi<\/h3>\t\t\t\t<\/div>\n\t\t\t\t<\/div>\n\t\t\t\t<div class=\"vamtam-has-theme-widget-styles elementor-element elementor-element-dc4be31 elementor-widget elementor-widget-text-editor\" data-id=\"dc4be31\" data-element_type=\"widget\" data-e-type=\"widget\" data-widget_type=\"text-editor.default\">\n\t\t\t\t<div class=\"elementor-widget-container\">\n\t\t\t\t\t\t\t\t\t<p data-path-to-node=\"28\">Paynfinity autorizza i fornitori di servizi tecnologici (come Google Analytics o i fornitori di hosting) a installare cookie per la fornitura dei loro servizi.<\/p><p data-path-to-node=\"29\">Poich\u00e9 Paynfinity opera dalla <b>Regno Unito<\/b>, I suoi dati vengono elaborati in base al RGPD del Regno Unito, che mantiene un livello adeguato di protezione riconosciuto dall'Unione Europea (decisione di adeguatezza). Alcuni fornitori (come Google) possono trasferire i dati negli Stati Uniti, sulla base di quadri standard di privacy o di clausole contrattuali standard.<\/p>\t\t\t\t\t\t\t\t<\/div>\n\t\t\t\t<\/div>\n\t\t\t\t<div class=\"elementor-element elementor-element-d3ab1d4 elementor-widget elementor-widget-heading\" data-id=\"d3ab1d4\" data-element_type=\"widget\" data-e-type=\"widget\" data-widget_type=\"heading.default\">\n\t\t\t\t<div class=\"elementor-widget-container\">\n\t\t\t\t\t<h3 class=\"elementor-heading-title elementor-size-default\">6. Aggiornamenti e contatti<\/h3>\t\t\t\t<\/div>\n\t\t\t\t<\/div>\n\t\t\t\t<div class=\"vamtam-has-theme-widget-styles elementor-element elementor-element-d7759cb elementor-widget elementor-widget-text-editor\" data-id=\"d7759cb\" data-element_type=\"widget\" data-e-type=\"widget\" data-widget_type=\"text-editor.default\">\n\t\t\t\t<div class=\"elementor-widget-container\">\n\t\t\t\t\t\t\t\t\t<p data-path-to-node=\"31\">La presente Politica sui cookie pu\u00f2 essere modificata in conformit\u00e0 ai requisiti legislativi o al fine di adattare questa politica alle istruzioni dell'ICO (Regno Unito) o dell'AEPD (Spagna).<\/p><p data-path-to-node=\"32\">Se ha domande su questa politica, pu\u00f2 contattarci all'indirizzo: <b>info@paynfinity.com<\/b><\/p><p data-path-to-node=\"33\"><b>Data dell'ultimo aggiornamento:<\/b> 27 novembre 2025.<\/p>\t\t\t\t\t\t\t\t<\/div>\n\t\t\t\t<\/div>\n\t\t\t\t\t<\/div>\n\t\t\t\t<\/div>\n\t\t\t\t<\/div>","protected":false},"excerpt":{"rendered":"<p>En Paynfinity\u00a0Ltd. (en adelante, \u201cPaynfinity\u201d o \u00abla Empresa\u00bb) utilizamos cookies propias y de terceros para mejorar la experiencia de navegaci\u00f3n, realizar estad\u00edsticas de uso y ofrecer contenidos adaptados a sus intereses en nuestro sitio web paynfinity.com. A continuaci\u00f3n encontrar\u00e1 informaci\u00f3n detallada sobre qu\u00e9 cookies empleamos, su finalidad y c\u00f3mo puede gestionarlas. 1. \u00bfQu\u00e9 son las&#8230;<\/p>","protected":false},"author":1,"featured_media":0,"parent":0,"menu_order":13,"comment_status":"closed","ping_status":"closed","template":"","meta":{"footnotes":""},"class_list":["post-1090","page","type-page","status-publish","hentry"],"yoast_head":"<!-- This site is optimized with the Yoast SEO plugin v27.3 - https:\/\/yoast.com\/product\/yoast-seo-wordpress\/ -->\n<title>Pol\u00edtica de cookies &#8226; Paynfinity<\/title>\n<meta name=\"robots\" content=\"index, follow, max-snippet:-1, max-image-preview:large, max-video-preview:-1\" \/>\n<link rel=\"canonical\" href=\"https:\/\/paynfinity.com\/it\/politica-sui-cookie\/\" \/>\n<meta property=\"og:locale\" content=\"it_IT\" \/>\n<meta property=\"og:type\" content=\"article\" \/>\n<meta property=\"og:title\" content=\"Pol\u00edtica de cookies &#8226; Paynfinity\" \/>\n<meta property=\"og:description\" content=\"En Paynfinity\u00a0Ltd. (en adelante, \u201cPaynfinity\u201d o \u00abla Empresa\u00bb) utilizamos cookies propias y de terceros para mejorar la experiencia de navegaci\u00f3n, realizar estad\u00edsticas de uso y ofrecer contenidos adaptados a sus intereses en nuestro sitio web paynfinity.com. A continuaci\u00f3n encontrar\u00e1 informaci\u00f3n detallada sobre qu\u00e9 cookies empleamos, su finalidad y c\u00f3mo puede gestionarlas. 1. \u00bfQu\u00e9 son las...\" \/>\n<meta property=\"og:url\" content=\"https:\/\/paynfinity.com\/it\/politica-sui-cookie\/\" \/>\n<meta property=\"og:site_name\" content=\"Paynfinity\" \/>\n<meta property=\"article:modified_time\" content=\"2026-02-26T02:19:48+00:00\" \/>\n<meta property=\"og:image\" content=\"https:\/\/paynfinity.com\/wp-content\/uploads\/2026\/02\/Paynfinity-11.webp\" \/>\n\t<meta property=\"og:image:width\" content=\"1280\" \/>\n\t<meta property=\"og:image:height\" content=\"739\" \/>\n\t<meta property=\"og:image:type\" content=\"image\/webp\" \/>\n<meta name=\"twitter:card\" content=\"summary_large_image\" \/>\n<meta name=\"twitter:label1\" content=\"Tempo di lettura stimato\" \/>\n\t<meta name=\"twitter:data1\" content=\"4 minuti\" \/>\n<script type=\"application\/ld+json\" class=\"yoast-schema-graph\">{\"@context\":\"https:\\\/\\\/schema.org\",\"@graph\":[{\"@type\":\"WebPage\",\"@id\":\"https:\\\/\\\/paynfinity.com\\\/politica-de-cookies\\\/\",\"url\":\"https:\\\/\\\/paynfinity.com\\\/politica-de-cookies\\\/\",\"name\":\"Pol\u00edtica de cookies &#8226; Paynfinity\",\"isPartOf\":{\"@id\":\"https:\\\/\\\/paynfinity.com\\\/#website\"},\"datePublished\":\"2025-02-19T13:36:52+00:00\",\"dateModified\":\"2026-02-26T02:19:48+00:00\",\"breadcrumb\":{\"@id\":\"https:\\\/\\\/paynfinity.com\\\/politica-de-cookies\\\/#breadcrumb\"},\"inLanguage\":\"it-IT\",\"potentialAction\":[{\"@type\":\"ReadAction\",\"target\":[\"https:\\\/\\\/paynfinity.com\\\/politica-de-cookies\\\/\"]}]},{\"@type\":\"BreadcrumbList\",\"@id\":\"https:\\\/\\\/paynfinity.com\\\/politica-de-cookies\\\/#breadcrumb\",\"itemListElement\":[{\"@type\":\"ListItem\",\"position\":1,\"name\":\"Portada\",\"item\":\"https:\\\/\\\/paynfinity.com\\\/\"},{\"@type\":\"ListItem\",\"position\":2,\"name\":\"Pol\u00edtica de cookies\"}]},{\"@type\":\"WebSite\",\"@id\":\"https:\\\/\\\/paynfinity.com\\\/#website\",\"url\":\"https:\\\/\\\/paynfinity.com\\\/\",\"name\":\"Paynfinity\",\"description\":\"Estructuraci\u00f3n Corporativa y Banca Global\",\"publisher\":{\"@id\":\"https:\\\/\\\/paynfinity.com\\\/#organization\"},\"potentialAction\":[{\"@type\":\"SearchAction\",\"target\":{\"@type\":\"EntryPoint\",\"urlTemplate\":\"https:\\\/\\\/paynfinity.com\\\/?s={search_term_string}\"},\"query-input\":{\"@type\":\"PropertyValueSpecification\",\"valueRequired\":true,\"valueName\":\"search_term_string\"}}],\"inLanguage\":\"it-IT\"},{\"@type\":\"Organization\",\"@id\":\"https:\\\/\\\/paynfinity.com\\\/#organization\",\"name\":\"Paynfinity\",\"url\":\"https:\\\/\\\/paynfinity.com\\\/\",\"logo\":{\"@type\":\"ImageObject\",\"inLanguage\":\"it-IT\",\"@id\":\"https:\\\/\\\/paynfinity.com\\\/#\\\/schema\\\/logo\\\/image\\\/\",\"url\":\"https:\\\/\\\/paynfinity.com\\\/wp-content\\\/uploads\\\/2025\\\/02\\\/Paynfinity-Logo-Dark.svg\",\"contentUrl\":\"https:\\\/\\\/paynfinity.com\\\/wp-content\\\/uploads\\\/2025\\\/02\\\/Paynfinity-Logo-Dark.svg\",\"width\":151,\"height\":23,\"caption\":\"Paynfinity\"},\"image\":{\"@id\":\"https:\\\/\\\/paynfinity.com\\\/#\\\/schema\\\/logo\\\/image\\\/\"},\"sameAs\":[\"https:\\\/\\\/wa.me\\\/+447851108484\",\"https:\\\/\\\/www.linkedin.com\\\/company\\\/paynfinity\"]}]}<\/script>\n<!-- \/ Yoast SEO plugin. -->","yoast_head_json":{"title":"Politica sui cookie - Paynfinity","robots":{"index":"index","follow":"follow","max-snippet":"max-snippet:-1","max-image-preview":"max-image-preview:large","max-video-preview":"max-video-preview:-1"},"canonical":"https:\/\/paynfinity.com\/it\/politica-sui-cookie\/","og_locale":"it_IT","og_type":"article","og_title":"Pol\u00edtica de cookies &#8226; Paynfinity","og_description":"En Paynfinity\u00a0Ltd. (en adelante, \u201cPaynfinity\u201d o \u00abla Empresa\u00bb) utilizamos cookies propias y de terceros para mejorar la experiencia de navegaci\u00f3n, realizar estad\u00edsticas de uso y ofrecer contenidos adaptados a sus intereses en nuestro sitio web paynfinity.com. A continuaci\u00f3n encontrar\u00e1 informaci\u00f3n detallada sobre qu\u00e9 cookies empleamos, su finalidad y c\u00f3mo puede gestionarlas. 1. \u00bfQu\u00e9 son las...","og_url":"https:\/\/paynfinity.com\/it\/politica-sui-cookie\/","og_site_name":"Paynfinity","article_modified_time":"2026-02-26T02:19:48+00:00","og_image":[{"width":1280,"height":739,"url":"https:\/\/paynfinity.com\/wp-content\/uploads\/2026\/02\/Paynfinity-11.webp","type":"image\/webp"}],"twitter_card":"summary_large_image","twitter_misc":{"Tempo di lettura stimato":"4 minuti"},"schema":{"@context":"https:\/\/schema.org","@graph":[{"@type":"WebPage","@id":"https:\/\/paynfinity.com\/politica-de-cookies\/","url":"https:\/\/paynfinity.com\/politica-de-cookies\/","name":"Politica sui cookie - Paynfinity","isPartOf":{"@id":"https:\/\/paynfinity.com\/#website"},"datePublished":"2025-02-19T13:36:52+00:00","dateModified":"2026-02-26T02:19:48+00:00","breadcrumb":{"@id":"https:\/\/paynfinity.com\/politica-de-cookies\/#breadcrumb"},"inLanguage":"it-IT","potentialAction":[{"@type":"ReadAction","target":["https:\/\/paynfinity.com\/politica-de-cookies\/"]}]},{"@type":"BreadcrumbList","@id":"https:\/\/paynfinity.com\/politica-de-cookies\/#breadcrumb","itemListElement":[{"@type":"ListItem","position":1,"name":"Portada","item":"https:\/\/paynfinity.com\/"},{"@type":"ListItem","position":2,"name":"Pol\u00edtica de cookies"}]},{"@type":"WebSite","@id":"https:\/\/paynfinity.com\/#website","url":"https:\/\/paynfinity.com\/","name":"Paynfinity","description":"Strutturazione aziendale e banca globale","publisher":{"@id":"https:\/\/paynfinity.com\/#organization"},"potentialAction":[{"@type":"SearchAction","target":{"@type":"EntryPoint","urlTemplate":"https:\/\/paynfinity.com\/?s={search_term_string}"},"query-input":{"@type":"PropertyValueSpecification","valueRequired":true,"valueName":"search_term_string"}}],"inLanguage":"it-IT"},{"@type":"Organization","@id":"https:\/\/paynfinity.com\/#organization","name":"Paynfinity","url":"https:\/\/paynfinity.com\/","logo":{"@type":"ImageObject","inLanguage":"it-IT","@id":"https:\/\/paynfinity.com\/#\/schema\/logo\/image\/","url":"https:\/\/paynfinity.com\/wp-content\/uploads\/2025\/02\/Paynfinity-Logo-Dark.svg","contentUrl":"https:\/\/paynfinity.com\/wp-content\/uploads\/2025\/02\/Paynfinity-Logo-Dark.svg","width":151,"height":23,"caption":"Paynfinity"},"image":{"@id":"https:\/\/paynfinity.com\/#\/schema\/logo\/image\/"},"sameAs":["https:\/\/wa.me\/+447851108484","https:\/\/www.linkedin.com\/company\/paynfinity"]}]}},"_hostinger_reach_plugin_has_subscription_block":false,"_hostinger_reach_plugin_is_elementor":false,"_links":{"self":[{"href":"https:\/\/paynfinity.com\/it\/wp-json\/wp\/v2\/pages\/1090","targetHints":{"allow":["GET"]}}],"collection":[{"href":"https:\/\/paynfinity.com\/it\/wp-json\/wp\/v2\/pages"}],"about":[{"href":"https:\/\/paynfinity.com\/it\/wp-json\/wp\/v2\/types\/page"}],"author":[{"embeddable":true,"href":"https:\/\/paynfinity.com\/it\/wp-json\/wp\/v2\/users\/1"}],"replies":[{"embeddable":true,"href":"https:\/\/paynfinity.com\/it\/wp-json\/wp\/v2\/comments?post=1090"}],"version-history":[{"count":11,"href":"https:\/\/paynfinity.com\/it\/wp-json\/wp\/v2\/pages\/1090\/revisions"}],"predecessor-version":[{"id":987930,"href":"https:\/\/paynfinity.com\/it\/wp-json\/wp\/v2\/pages\/1090\/revisions\/987930"}],"wp:attachment":[{"href":"https:\/\/paynfinity.com\/it\/wp-json\/wp\/v2\/media?parent=1090"}],"curies":[{"name":"wp","href":"https:\/\/api.w.org\/{rel}","templated":true}]}}