{"id":1092,"date":"2025-02-19T13:37:15","date_gmt":"2025-02-19T13:37:15","guid":{"rendered":"https:\/\/finovate.vamtam.com\/?page_id=1092"},"modified":"2026-02-26T03:19:48","modified_gmt":"2026-02-26T02:19:48","slug":"informativa-sulla-privacy","status":"publish","type":"page","link":"https:\/\/paynfinity.com\/it\/politica-de-privacidad\/","title":{"rendered":"Informativa sulla privacy"},"content":{"rendered":"<div data-elementor-type=\"wp-page\" data-elementor-id=\"1092\" class=\"elementor elementor-1092\" data-elementor-post-type=\"page\">\n\t\t\t\t<div class=\"elementor-element elementor-element-c1e8912 e-flex e-con-boxed e-con e-parent\" data-id=\"c1e8912\" data-element_type=\"container\" data-e-type=\"container\">\n\t\t\t\t\t<div class=\"e-con-inner\">\n\t\t\t\t<div class=\"vamtam-has-theme-widget-styles elementor-element elementor-element-eb7bd66 elementor-widget elementor-widget-text-editor\" data-id=\"eb7bd66\" data-element_type=\"widget\" data-e-type=\"widget\" data-widget_type=\"text-editor.default\">\n\t\t\t\t<div class=\"elementor-widget-container\">\n\t\t\t\t\t\t\t\t\t<p><strong>Paynfinity Ltd.<\/strong> (di seguito \u201cPaynfinity\u201d o \u201cL'Azienda\u201d) mette a disposizione degli utenti la sua \u201cPolitica sulla privacy e sulla protezione dei dati\u201d, al fine di rendere note le condizioni e gli obblighi che regolano il trattamento dei dati personali, in stretta conformit\u00e0 con le normative vigenti (GDPR del Regno Unito e GDPR dell'UE) e nel pieno rispetto della privacy, dell'onore, dell'intimit\u00e0 e dell'immagine di s\u00e9 delle persone.<\/p>\t\t\t\t\t\t\t\t<\/div>\n\t\t\t\t<\/div>\n\t\t\t\t<div class=\"elementor-element elementor-element-7bff451 elementor-widget elementor-widget-heading\" data-id=\"7bff451\" data-element_type=\"widget\" data-e-type=\"widget\" data-widget_type=\"heading.default\">\n\t\t\t\t<div class=\"elementor-widget-container\">\n\t\t\t\t\t<h3 class=\"elementor-heading-title elementor-size-default\">1. Responsabile del trattamento dei dati<\/h3>\t\t\t\t<\/div>\n\t\t\t\t<\/div>\n\t\t\t\t<div class=\"vamtam-has-theme-widget-styles elementor-element elementor-element-e10cf8e elementor-widget elementor-widget-text-editor\" data-id=\"e10cf8e\" data-element_type=\"widget\" data-e-type=\"widget\" data-widget_type=\"text-editor.default\">\n\t\t\t\t<div class=\"elementor-widget-container\">\n\t\t\t\t\t\t\t\t\t<p data-path-to-node=\"6\">I dati personali forniti da lei attraverso il dominio <b>paynfinity.com<\/b> saranno raccolti ed elaborati dalla casa madre:<\/p><ul data-path-to-node=\"7\"><li><p data-path-to-node=\"7,0,0\"><b>Nome dell'azienda:<\/b> Paynfinity Ltd.<\/p><\/li><li><p data-path-to-node=\"7,1,0\"><b>Nome commerciale:<\/b> Paynfinity<\/p><\/li><li><p data-path-to-node=\"7,2,0\"><b>IVA \/ NIF:<\/b> GB170505924<\/p><\/li><li><p data-path-to-node=\"7,3,0\"><b>Sede legale:<\/b> 6\/7 St. Mary At Hill, Unit\u00e0 3, Londra, Inghilterra, EC3R 8EE (Regno Unito).<\/p><\/li><li><p data-path-to-node=\"7,4,0\"><b>Telefono:<\/b> +44 7756 301966<\/p><\/li><li><p data-path-to-node=\"7,5,0\"><b>Invii un'e-mail per questioni di privacy:<\/b> info@paynfinity.com<\/p><\/li><\/ul>\t\t\t\t\t\t\t\t<\/div>\n\t\t\t\t<\/div>\n\t\t\t\t<div class=\"elementor-element elementor-element-28fa2d6 elementor-widget elementor-widget-heading\" data-id=\"28fa2d6\" data-element_type=\"widget\" data-e-type=\"widget\" data-widget_type=\"heading.default\">\n\t\t\t\t<div class=\"elementor-widget-container\">\n\t\t\t\t\t<h3 class=\"elementor-heading-title elementor-size-default\">2. Scopo e posizione giuridica<\/h3>\t\t\t\t<\/div>\n\t\t\t\t<\/div>\n\t\t\t\t<div class=\"vamtam-has-theme-widget-styles elementor-element elementor-element-6784975 elementor-widget elementor-widget-text-editor\" data-id=\"6784975\" data-element_type=\"widget\" data-e-type=\"widget\" data-widget_type=\"text-editor.default\">\n\t\t\t\t<div class=\"elementor-widget-container\">\n\t\t\t\t\t\t\t\t\t<p data-path-to-node=\"9\">Ogni modulo o canale di raccolta dati Paynfinity incorpora le informazioni di base in cui \u00e8 dettagliato:<\/p><ul data-path-to-node=\"10\"><li><p data-path-to-node=\"10,0,0\"><b>Scopo:<\/b> finalit\u00e0 specifica del trattamento (ad esempio, la gestione del servizio oggetto del contratto, l'invio di newsletter, la gestione delle richieste di informazioni o la fatturazione).<\/p><\/li><li><p data-path-to-node=\"10,1,0\"><b>Legittimazione:<\/b> consenso dell'interessato, esecuzione di un contratto (Termini e condizioni di Paynfinity) o legittimo interesse dell'Azienda, a seconda dei casi.<\/p><\/li><li><p data-path-to-node=\"10,2,0\"><b>Conservazione:<\/b> il periodo per il quale i suoi dati saranno conservati o, in alternativa, i criteri per determinare tale periodo (generalmente per la durata del rapporto commerciale o per gli anni necessari per adempiere agli obblighi legali e fiscali).<\/p><\/li><li><p data-path-to-node=\"10,3,0\"><b>Gruppo target:<\/b> entit\u00e0 esterne a Paynfinity che possono ricevere i suoi dati (ad esempio, fornitori di hosting, gateway di pagamento o consulenti fiscali).<\/p><\/li><li><p data-path-to-node=\"10,4,0\"><b>Diritti:<\/b> istruzioni per l'esercizio dei diritti di accesso, rettifica, cancellazione, limitazione, opposizione e portabilit\u00e0.<\/p><\/li><\/ul><p data-path-to-node=\"11\">Le consigliamo di leggere attentamente queste informazioni prima di fornire qualsiasi dato.<\/p>\t\t\t\t\t\t\t\t<\/div>\n\t\t\t\t<\/div>\n\t\t\t\t<div class=\"elementor-element elementor-element-c1b1131 elementor-widget elementor-widget-heading\" data-id=\"c1b1131\" data-element_type=\"widget\" data-e-type=\"widget\" data-widget_type=\"heading.default\">\n\t\t\t\t<div class=\"elementor-widget-container\">\n\t\t\t\t\t<h3 class=\"elementor-heading-title elementor-size-default\">3. Misure di sicurezza<\/h3>\t\t\t\t<\/div>\n\t\t\t\t<\/div>\n\t\t\t\t<div class=\"vamtam-has-theme-widget-styles elementor-element elementor-element-0925075 elementor-widget elementor-widget-text-editor\" data-id=\"0925075\" data-element_type=\"widget\" data-e-type=\"widget\" data-widget_type=\"text-editor.default\">\n\t\t\t\t<div class=\"elementor-widget-container\">\n\t\t\t\t\t\t\t\t\t<p data-path-to-node=\"13\">Paynfinity tratter\u00e0 i suoi dati con assoluta riservatezza e manterr\u00e0 il dovere di segretezza, adottando le misure tecniche e organizzative necessarie per garantire la sicurezza, l'integrit\u00e0 e la disponibilit\u00e0 dei dati, evitandone la perdita, l'alterazione, l'accesso non autorizzato o il trattamento illecito, in conformit\u00e0 con gli attuali standard di sicurezza di Internet.<\/p>\t\t\t\t\t\t\t\t<\/div>\n\t\t\t\t<\/div>\n\t\t\t\t<div class=\"elementor-element elementor-element-3b788ff elementor-widget elementor-widget-heading\" data-id=\"3b788ff\" data-element_type=\"widget\" data-e-type=\"widget\" data-widget_type=\"heading.default\">\n\t\t\t\t<div class=\"elementor-widget-container\">\n\t\t\t\t\t<h3 class=\"elementor-heading-title elementor-size-default\">4. Responsabilit\u00e0 dell'utente<\/h3>\t\t\t\t<\/div>\n\t\t\t\t<\/div>\n\t\t\t\t<div class=\"vamtam-has-theme-widget-styles elementor-element elementor-element-09a18c1 elementor-widget elementor-widget-text-editor\" data-id=\"09a18c1\" data-element_type=\"widget\" data-e-type=\"widget\" data-widget_type=\"text-editor.default\">\n\t\t\t\t<div class=\"elementor-widget-container\">\n\t\t\t\t\t\t\t\t\t<p>L'utente garantisce di avere pi\u00f9 di 18 anni e che i dati forniti sono veri, precisi e aggiornati. Nel caso in cui fornisca dati di terzi, dichiara di essere in possesso della loro autorizzazione preventiva e di averli informati di questa Politica. L'utente sar\u00e0 responsabile della veridicit\u00e0 dei dati e di eventuali danni derivanti dalla loro mancanza di veridicit\u00e0.<\/p>\t\t\t\t\t\t\t\t<\/div>\n\t\t\t\t<\/div>\n\t\t\t\t<div class=\"elementor-element elementor-element-bf518a4 elementor-widget elementor-widget-heading\" data-id=\"bf518a4\" data-element_type=\"widget\" data-e-type=\"widget\" data-widget_type=\"heading.default\">\n\t\t\t\t<div class=\"elementor-widget-container\">\n\t\t\t\t\t<h3 class=\"elementor-heading-title elementor-size-default\">5. Diritti degli interessati<\/h3>\t\t\t\t<\/div>\n\t\t\t\t<\/div>\n\t\t\t\t<div class=\"vamtam-has-theme-widget-styles elementor-element elementor-element-ccff65a elementor-widget elementor-widget-text-editor\" data-id=\"ccff65a\" data-element_type=\"widget\" data-e-type=\"widget\" data-widget_type=\"text-editor.default\">\n\t\t\t\t<div class=\"elementor-widget-container\">\n\t\t\t\t\t\t\t\t\t<p data-path-to-node=\"17\">Pu\u00f2 farlo in qualsiasi momento:<\/p><ol start=\"1\" data-path-to-node=\"18\"><li><p data-path-to-node=\"18,0,0\"><b>Accesso<\/b> ai propri dati e di conoscerne l'origine, lo scopo e i destinatari.<\/p><\/li><li><p data-path-to-node=\"18,1,0\"><b>Rettifica<\/b> dati imprecisi o incompleti.<\/p><\/li><li><p data-path-to-node=\"18,2,0\"><b>Cancellare<\/b> dati quando non sono pi\u00f9 necessari (\u00abDiritto all'oblio\u00bb).<\/p><\/li><li><p data-path-to-node=\"18,3,0\"><b>Limite<\/b> trattamento in determinate circostanze.<\/p><\/li><li><p data-path-to-node=\"18,4,0\"><b>Contrario<\/b> al trattamento per motivi legittimi.<\/p><\/li><li><p data-path-to-node=\"18,5,0\"><b>Portabilit\u00e0:<\/b> richiedere il trasferimento dei propri dati a un altro titolare del trattamento, ove tecnologicamente appropriato.<\/p><\/li><li><p data-path-to-node=\"18,6,0\"><b>Ritirare il consenso<\/b> in qualsiasi momento (senza pregiudicare la liceit\u00e0 del trattamento precedente).<\/p><\/li><\/ol><p data-path-to-node=\"19\">Per esercitare i suoi diritti, la preghiamo di inviare la sua richiesta indicando \u00abProtezione dei dati\u00bb insieme a una copia della sua carta d'identit\u00e0 a:<\/p><ul data-path-to-node=\"20\"><li><p data-path-to-node=\"20,0,0\"><b>Posta ordinaria:<\/b> 6\/7 St. Mary At Hill, Unit\u00e0 3, Londra, Inghilterra, EC3R 8EE.<\/p><\/li><li><p data-path-to-node=\"20,1,0\"><b>E-mail:<\/b> contacto@paynfinity.com<\/p><\/li><\/ul><p data-path-to-node=\"21\">Se ritiene che uno dei suoi diritti sia stato violato, pu\u00f2 presentare un reclamo all'autorit\u00e0 di vigilanza competente. Nel Regno Unito questa \u00e8 la <b>ICO (Ufficio del Commissario per le informazioni)<\/b>, e se \u00e8 residente in Spagna, pu\u00f2 anche contattare l'agenzia <b>AEPD (Agenzia spagnola per la protezione dei dati)<\/b>.<\/p>\t\t\t\t\t\t\t\t<\/div>\n\t\t\t\t<\/div>\n\t\t\t\t<div class=\"elementor-element elementor-element-fabdaa6 elementor-widget elementor-widget-heading\" data-id=\"fabdaa6\" data-element_type=\"widget\" data-e-type=\"widget\" data-widget_type=\"heading.default\">\n\t\t\t\t<div class=\"elementor-widget-container\">\n\t\t\t\t\t<h3 class=\"elementor-heading-title elementor-size-default\">6. Trasferimento dei dati<\/h3>\t\t\t\t<\/div>\n\t\t\t\t<\/div>\n\t\t\t\t<div class=\"vamtam-has-theme-widget-styles elementor-element elementor-element-af5acd3 elementor-widget elementor-widget-text-editor\" data-id=\"af5acd3\" data-element_type=\"widget\" data-e-type=\"widget\" data-widget_type=\"text-editor.default\">\n\t\t\t\t<div class=\"elementor-widget-container\">\n\t\t\t\t\t\t\t\t\t<p data-path-to-node=\"17\">I dati raccolti possono essere comunicati ai fornitori di servizi necessari per la gestione dei nostri scopi (fornitori di infrastrutture tecnologiche, servizi di pagamento, gestione amministrativa, ecc.) Non saranno trasmessi a terzi per altri scopi commerciali senza il suo esplicito consenso, a meno che non sia obbligato per legge a farlo.<\/p>\t\t\t\t\t\t\t\t<\/div>\n\t\t\t\t<\/div>\n\t\t\t\t<div class=\"elementor-element elementor-element-94673df elementor-widget elementor-widget-heading\" data-id=\"94673df\" data-element_type=\"widget\" data-e-type=\"widget\" data-widget_type=\"heading.default\">\n\t\t\t\t<div class=\"elementor-widget-container\">\n\t\t\t\t\t<h3 class=\"elementor-heading-title elementor-size-default\">7. Trattamenti specifici<\/h3>\t\t\t\t<\/div>\n\t\t\t\t<\/div>\n\t\t\t\t<div class=\"vamtam-has-theme-widget-styles elementor-element elementor-element-346d178 elementor-widget elementor-widget-text-editor\" data-id=\"346d178\" data-element_type=\"widget\" data-e-type=\"widget\" data-widget_type=\"text-editor.default\">\n\t\t\t\t<div class=\"elementor-widget-container\">\n\t\t\t\t\t\t\t\t\t<p data-path-to-node=\"25\"><b>Registrazione dell'utente e servizi Paynfinity<\/b><\/p><ul data-path-to-node=\"26\"><li><p data-path-to-node=\"26,0,0\"><b>Responsabile:<\/b> L'azienda Creation Centre Ltd.<\/p><\/li><li><p data-path-to-node=\"26,1,0\"><b>Scopo:<\/b> Gestione della registrazione degli utenti, fornitura di servizi a contratto, fatturazione e assistenza tecnica.<\/p><\/li><li><p data-path-to-node=\"26,2,0\"><b>Legittimazione:<\/b> Esecuzione del contratto di servizio.<\/p><\/li><li><p data-path-to-node=\"26,3,0\"><b>Gruppo target:<\/b> Fornitori di infrastrutture e mezzi di pagamento.<\/p><\/li><\/ul><p data-path-to-node=\"27\"><b>Modulo di contatto\/assistenza<\/b><\/p><ul data-path-to-node=\"28\"><li><p data-path-to-node=\"28,0,0\"><b>Responsabile:<\/b> L'azienda Creation Centre Ltd.<\/p><\/li><li><p data-path-to-node=\"28,1,0\"><b>Scopo:<\/b> Per gestire le domande, i dubbi sulla piattaforma o gli incidenti.<\/p><\/li><li><p data-path-to-node=\"28,2,0\"><b>Legittimazione:<\/b> Legittimo interesse di Paynfinity e dell'interessato a risolvere la richiesta.<\/p><\/li><li><p data-path-to-node=\"28,3,0\"><b>Gruppo target:<\/b> Dipartimento di supporto interno.<\/p><\/li><\/ul><p data-path-to-node=\"29\"><b>Newsletter \/ Comunicazioni commerciali<\/b><\/p><ul data-path-to-node=\"30\"><li><p data-path-to-node=\"30,0,0\"><b>Responsabile:<\/b> L'azienda Creation Centre Ltd.<\/p><\/li><li><p data-path-to-node=\"30,1,0\"><b>Scopo:<\/b> Inviare notizie sulla piattaforma e sulle promozioni.<\/p><\/li><li><p data-path-to-node=\"30,2,0\"><b>Legittimazione:<\/b> Consenso dell'interessato (spuntare la casella).<\/p><\/li><li><p data-path-to-node=\"30,3,0\"><b>Gruppo target:<\/b> Fornitore di servizi di email marketing.<\/p><\/li><\/ul>\t\t\t\t\t\t\t\t<\/div>\n\t\t\t\t<\/div>\n\t\t\t\t<div class=\"elementor-element elementor-element-c60d804 elementor-widget elementor-widget-heading\" data-id=\"c60d804\" data-element_type=\"widget\" data-e-type=\"widget\" data-widget_type=\"heading.default\">\n\t\t\t\t<div class=\"elementor-widget-container\">\n\t\t\t\t\t<h3 class=\"elementor-heading-title elementor-size-default\">8. Trasferimenti internazionali e localizzazione<\/h3>\t\t\t\t<\/div>\n\t\t\t\t<\/div>\n\t\t\t\t<div class=\"vamtam-has-theme-widget-styles elementor-element elementor-element-d884c4a elementor-widget elementor-widget-text-editor\" data-id=\"d884c4a\" data-element_type=\"widget\" data-e-type=\"widget\" data-widget_type=\"text-editor.default\">\n\t\t\t\t<div class=\"elementor-widget-container\">\n\t\t\t\t\t\t\t\t\t<p data-path-to-node=\"32\">Poich\u00e9 la societ\u00e0 responsabile si trova nel Regno Unito, i suoi dati saranno elaborati in tale giurisdizione.<\/p><p data-path-to-node=\"33\">Il Regno Unito ha un <b>Decisione di adeguatezza<\/b> approvato dalla Commissione Europea, che garantisce che il livello di protezione dei suoi dati sia equivalente a quello dell'Unione Europea. Pertanto, il flusso di dati tra i suoi dispositivi (se si trova nell'UE) e i nostri server nel Regno Unito \u00e8 del tutto lecito e sicuro.<\/p><p data-path-to-node=\"34\">Se trasferiamo a Paesi al di fuori del Regno Unito o dell'Area Economica Europea (ad esempio, fornitori di tecnologia negli Stati Uniti), garantiremo un adeguato livello di protezione attraverso clausole contrattuali standard.<\/p>\t\t\t\t\t\t\t\t<\/div>\n\t\t\t\t<\/div>\n\t\t\t\t<div class=\"elementor-element elementor-element-5dbeb02 elementor-widget elementor-widget-heading\" data-id=\"5dbeb02\" data-element_type=\"widget\" data-e-type=\"widget\" data-widget_type=\"heading.default\">\n\t\t\t\t<div class=\"elementor-widget-container\">\n\t\t\t\t\t<h3 class=\"elementor-heading-title elementor-size-default\">9. Politica sui cookie<\/h3>\t\t\t\t<\/div>\n\t\t\t\t<\/div>\n\t\t\t\t<div class=\"vamtam-has-theme-widget-styles elementor-element elementor-element-0bce788 elementor-widget elementor-widget-text-editor\" data-id=\"0bce788\" data-element_type=\"widget\" data-e-type=\"widget\" data-widget_type=\"text-editor.default\">\n\t\t\t\t<div class=\"elementor-widget-container\">\n\t\t\t\t\t\t\t\t\t<p data-path-to-node=\"36\">Per informazioni sui cookie utilizzati su questo sito web, la invitiamo a consultare la nostra Politica sui cookie disponibile nel relativo link in fondo alla pagina.<\/p>\t\t\t\t\t\t\t\t<\/div>\n\t\t\t\t<\/div>\n\t\t\t\t<div class=\"elementor-element elementor-element-4c5dc5d elementor-widget elementor-widget-heading\" data-id=\"4c5dc5d\" data-element_type=\"widget\" data-e-type=\"widget\" data-widget_type=\"heading.default\">\n\t\t\t\t<div class=\"elementor-widget-container\">\n\t\t\t\t\t<h3 class=\"elementor-heading-title elementor-size-default\">10. Modifiche<\/h3>\t\t\t\t<\/div>\n\t\t\t\t<\/div>\n\t\t\t\t<div class=\"vamtam-has-theme-widget-styles elementor-element elementor-element-284234b elementor-widget elementor-widget-text-editor\" data-id=\"284234b\" data-element_type=\"widget\" data-e-type=\"widget\" data-widget_type=\"text-editor.default\">\n\t\t\t\t<div class=\"elementor-widget-container\">\n\t\t\t\t\t\t\t\t\t<p data-path-to-node=\"38\">Paynfinity pu\u00f2 aggiornare la sua Informativa sulla Privacy per adattarla alle modifiche della legislazione o dei servizi. Qualsiasi aggiornamento sar\u00e0 pubblicato in questa sezione.<\/p><p data-path-to-node=\"39\"><b>Data dell'ultimo aggiornamento:<\/b> 27 novembre 2025.<\/p>\t\t\t\t\t\t\t\t<\/div>\n\t\t\t\t<\/div>\n\t\t\t\t\t<\/div>\n\t\t\t\t<\/div>\n\t\t\t\t<\/div>","protected":false},"excerpt":{"rendered":"<p>Paynfinity Ltd. (en adelante, \u201cPaynfinity\u201d o \u201cLa Empresa\u201d) pone a disposici\u00f3n de los usuarios su \u201cPol\u00edtica de Privacidad y Protecci\u00f3n de Datos\u201d a fin de dar a conocer las condiciones y obligaciones que rigen el tratamiento de datos personales, en estricto cumplimiento de la normativa aplicable (RGPD del Reino Unido y RGPD de la UE)&#8230;<\/p>","protected":false},"author":1,"featured_media":0,"parent":0,"menu_order":14,"comment_status":"closed","ping_status":"closed","template":"","meta":{"footnotes":""},"class_list":["post-1092","page","type-page","status-publish","hentry"],"yoast_head":"<!-- This site is optimized with the Yoast SEO plugin v27.3 - https:\/\/yoast.com\/product\/yoast-seo-wordpress\/ -->\n<title>Pol\u00edtica de privacidad &#8226; Paynfinity<\/title>\n<meta name=\"robots\" content=\"index, follow, max-snippet:-1, max-image-preview:large, max-video-preview:-1\" \/>\n<link rel=\"canonical\" href=\"https:\/\/paynfinity.com\/it\/informativa-sulla-privacy\/\" \/>\n<meta property=\"og:locale\" content=\"it_IT\" \/>\n<meta property=\"og:type\" content=\"article\" \/>\n<meta property=\"og:title\" content=\"Pol\u00edtica de privacidad &#8226; Paynfinity\" \/>\n<meta property=\"og:description\" content=\"Paynfinity Ltd. (en adelante, \u201cPaynfinity\u201d o \u201cLa Empresa\u201d) pone a disposici\u00f3n de los usuarios su \u201cPol\u00edtica de Privacidad y Protecci\u00f3n de Datos\u201d a fin de dar a conocer las condiciones y obligaciones que rigen el tratamiento de datos personales, en estricto cumplimiento de la normativa aplicable (RGPD del Reino Unido y RGPD de la UE)...\" \/>\n<meta property=\"og:url\" content=\"https:\/\/paynfinity.com\/it\/informativa-sulla-privacy\/\" \/>\n<meta property=\"og:site_name\" content=\"Paynfinity\" \/>\n<meta property=\"article:modified_time\" content=\"2026-02-26T02:19:48+00:00\" \/>\n<meta property=\"og:image\" content=\"https:\/\/paynfinity.com\/wp-content\/uploads\/2026\/02\/Paynfinity-11.webp\" \/>\n\t<meta property=\"og:image:width\" content=\"1280\" \/>\n\t<meta property=\"og:image:height\" content=\"739\" \/>\n\t<meta property=\"og:image:type\" content=\"image\/webp\" \/>\n<meta name=\"twitter:card\" content=\"summary_large_image\" \/>\n<meta name=\"twitter:label1\" content=\"Tempo di lettura stimato\" \/>\n\t<meta name=\"twitter:data1\" content=\"5 minuti\" \/>\n<script type=\"application\/ld+json\" class=\"yoast-schema-graph\">{\"@context\":\"https:\\\/\\\/schema.org\",\"@graph\":[{\"@type\":\"WebPage\",\"@id\":\"https:\\\/\\\/paynfinity.com\\\/politica-de-privacidad\\\/\",\"url\":\"https:\\\/\\\/paynfinity.com\\\/politica-de-privacidad\\\/\",\"name\":\"Pol\u00edtica de privacidad &#8226; Paynfinity\",\"isPartOf\":{\"@id\":\"https:\\\/\\\/paynfinity.com\\\/#website\"},\"datePublished\":\"2025-02-19T13:37:15+00:00\",\"dateModified\":\"2026-02-26T02:19:48+00:00\",\"breadcrumb\":{\"@id\":\"https:\\\/\\\/paynfinity.com\\\/politica-de-privacidad\\\/#breadcrumb\"},\"inLanguage\":\"it-IT\",\"potentialAction\":[{\"@type\":\"ReadAction\",\"target\":[\"https:\\\/\\\/paynfinity.com\\\/politica-de-privacidad\\\/\"]}]},{\"@type\":\"BreadcrumbList\",\"@id\":\"https:\\\/\\\/paynfinity.com\\\/politica-de-privacidad\\\/#breadcrumb\",\"itemListElement\":[{\"@type\":\"ListItem\",\"position\":1,\"name\":\"Portada\",\"item\":\"https:\\\/\\\/paynfinity.com\\\/\"},{\"@type\":\"ListItem\",\"position\":2,\"name\":\"Pol\u00edtica de privacidad\"}]},{\"@type\":\"WebSite\",\"@id\":\"https:\\\/\\\/paynfinity.com\\\/#website\",\"url\":\"https:\\\/\\\/paynfinity.com\\\/\",\"name\":\"Paynfinity\",\"description\":\"Estructuraci\u00f3n Corporativa y Banca Global\",\"publisher\":{\"@id\":\"https:\\\/\\\/paynfinity.com\\\/#organization\"},\"potentialAction\":[{\"@type\":\"SearchAction\",\"target\":{\"@type\":\"EntryPoint\",\"urlTemplate\":\"https:\\\/\\\/paynfinity.com\\\/?s={search_term_string}\"},\"query-input\":{\"@type\":\"PropertyValueSpecification\",\"valueRequired\":true,\"valueName\":\"search_term_string\"}}],\"inLanguage\":\"it-IT\"},{\"@type\":\"Organization\",\"@id\":\"https:\\\/\\\/paynfinity.com\\\/#organization\",\"name\":\"Paynfinity\",\"url\":\"https:\\\/\\\/paynfinity.com\\\/\",\"logo\":{\"@type\":\"ImageObject\",\"inLanguage\":\"it-IT\",\"@id\":\"https:\\\/\\\/paynfinity.com\\\/#\\\/schema\\\/logo\\\/image\\\/\",\"url\":\"https:\\\/\\\/paynfinity.com\\\/wp-content\\\/uploads\\\/2025\\\/02\\\/Paynfinity-Logo-Dark.svg\",\"contentUrl\":\"https:\\\/\\\/paynfinity.com\\\/wp-content\\\/uploads\\\/2025\\\/02\\\/Paynfinity-Logo-Dark.svg\",\"width\":151,\"height\":23,\"caption\":\"Paynfinity\"},\"image\":{\"@id\":\"https:\\\/\\\/paynfinity.com\\\/#\\\/schema\\\/logo\\\/image\\\/\"},\"sameAs\":[\"https:\\\/\\\/wa.me\\\/+447851108484\",\"https:\\\/\\\/www.linkedin.com\\\/company\\\/paynfinity\"]}]}<\/script>\n<!-- \/ Yoast SEO plugin. -->","yoast_head_json":{"title":"Informativa sulla privacy - Paynfinity","robots":{"index":"index","follow":"follow","max-snippet":"max-snippet:-1","max-image-preview":"max-image-preview:large","max-video-preview":"max-video-preview:-1"},"canonical":"https:\/\/paynfinity.com\/it\/informativa-sulla-privacy\/","og_locale":"it_IT","og_type":"article","og_title":"Pol\u00edtica de privacidad &#8226; Paynfinity","og_description":"Paynfinity Ltd. (en adelante, \u201cPaynfinity\u201d o \u201cLa Empresa\u201d) pone a disposici\u00f3n de los usuarios su \u201cPol\u00edtica de Privacidad y Protecci\u00f3n de Datos\u201d a fin de dar a conocer las condiciones y obligaciones que rigen el tratamiento de datos personales, en estricto cumplimiento de la normativa aplicable (RGPD del Reino Unido y RGPD de la UE)...","og_url":"https:\/\/paynfinity.com\/it\/informativa-sulla-privacy\/","og_site_name":"Paynfinity","article_modified_time":"2026-02-26T02:19:48+00:00","og_image":[{"width":1280,"height":739,"url":"https:\/\/paynfinity.com\/wp-content\/uploads\/2026\/02\/Paynfinity-11.webp","type":"image\/webp"}],"twitter_card":"summary_large_image","twitter_misc":{"Tempo di lettura stimato":"5 minuti"},"schema":{"@context":"https:\/\/schema.org","@graph":[{"@type":"WebPage","@id":"https:\/\/paynfinity.com\/politica-de-privacidad\/","url":"https:\/\/paynfinity.com\/politica-de-privacidad\/","name":"Informativa sulla privacy - Paynfinity","isPartOf":{"@id":"https:\/\/paynfinity.com\/#website"},"datePublished":"2025-02-19T13:37:15+00:00","dateModified":"2026-02-26T02:19:48+00:00","breadcrumb":{"@id":"https:\/\/paynfinity.com\/politica-de-privacidad\/#breadcrumb"},"inLanguage":"it-IT","potentialAction":[{"@type":"ReadAction","target":["https:\/\/paynfinity.com\/politica-de-privacidad\/"]}]},{"@type":"BreadcrumbList","@id":"https:\/\/paynfinity.com\/politica-de-privacidad\/#breadcrumb","itemListElement":[{"@type":"ListItem","position":1,"name":"Portada","item":"https:\/\/paynfinity.com\/"},{"@type":"ListItem","position":2,"name":"Pol\u00edtica de privacidad"}]},{"@type":"WebSite","@id":"https:\/\/paynfinity.com\/#website","url":"https:\/\/paynfinity.com\/","name":"Paynfinity","description":"Strutturazione aziendale e banca globale","publisher":{"@id":"https:\/\/paynfinity.com\/#organization"},"potentialAction":[{"@type":"SearchAction","target":{"@type":"EntryPoint","urlTemplate":"https:\/\/paynfinity.com\/?s={search_term_string}"},"query-input":{"@type":"PropertyValueSpecification","valueRequired":true,"valueName":"search_term_string"}}],"inLanguage":"it-IT"},{"@type":"Organization","@id":"https:\/\/paynfinity.com\/#organization","name":"Paynfinity","url":"https:\/\/paynfinity.com\/","logo":{"@type":"ImageObject","inLanguage":"it-IT","@id":"https:\/\/paynfinity.com\/#\/schema\/logo\/image\/","url":"https:\/\/paynfinity.com\/wp-content\/uploads\/2025\/02\/Paynfinity-Logo-Dark.svg","contentUrl":"https:\/\/paynfinity.com\/wp-content\/uploads\/2025\/02\/Paynfinity-Logo-Dark.svg","width":151,"height":23,"caption":"Paynfinity"},"image":{"@id":"https:\/\/paynfinity.com\/#\/schema\/logo\/image\/"},"sameAs":["https:\/\/wa.me\/+447851108484","https:\/\/www.linkedin.com\/company\/paynfinity"]}]}},"_hostinger_reach_plugin_has_subscription_block":false,"_hostinger_reach_plugin_is_elementor":false,"_links":{"self":[{"href":"https:\/\/paynfinity.com\/it\/wp-json\/wp\/v2\/pages\/1092","targetHints":{"allow":["GET"]}}],"collection":[{"href":"https:\/\/paynfinity.com\/it\/wp-json\/wp\/v2\/pages"}],"about":[{"href":"https:\/\/paynfinity.com\/it\/wp-json\/wp\/v2\/types\/page"}],"author":[{"embeddable":true,"href":"https:\/\/paynfinity.com\/it\/wp-json\/wp\/v2\/users\/1"}],"replies":[{"embeddable":true,"href":"https:\/\/paynfinity.com\/it\/wp-json\/wp\/v2\/comments?post=1092"}],"version-history":[{"count":7,"href":"https:\/\/paynfinity.com\/it\/wp-json\/wp\/v2\/pages\/1092\/revisions"}],"predecessor-version":[{"id":987927,"href":"https:\/\/paynfinity.com\/it\/wp-json\/wp\/v2\/pages\/1092\/revisions\/987927"}],"wp:attachment":[{"href":"https:\/\/paynfinity.com\/it\/wp-json\/wp\/v2\/media?parent=1092"}],"curies":[{"name":"wp","href":"https:\/\/api.w.org\/{rel}","templated":true}]}}