{"id":987699,"date":"2025-11-27T01:02:13","date_gmt":"2025-11-27T00:02:13","guid":{"rendered":"https:\/\/paynfinity.com\/?page_id=987699"},"modified":"2026-02-26T03:19:48","modified_gmt":"2026-02-26T02:19:48","slug":"avviso-legale","status":"publish","type":"page","link":"https:\/\/paynfinity.com\/it\/aviso-legal\/","title":{"rendered":"Avviso legale"},"content":{"rendered":"<div data-elementor-type=\"wp-page\" data-elementor-id=\"987699\" class=\"elementor elementor-987699\" data-elementor-post-type=\"page\">\n\t\t\t\t<div class=\"elementor-element elementor-element-c1e8912 e-flex e-con-boxed e-con e-parent\" data-id=\"c1e8912\" data-element_type=\"container\" data-e-type=\"container\">\n\t\t\t\t\t<div class=\"e-con-inner\">\n\t\t\t\t<div class=\"vamtam-has-theme-widget-styles elementor-element elementor-element-eb7bd66 elementor-widget elementor-widget-text-editor\" data-id=\"eb7bd66\" data-element_type=\"widget\" data-e-type=\"widget\" data-widget_type=\"text-editor.default\">\n\t\t\t\t<div class=\"elementor-widget-container\">\n\t\t\t\t\t\t\t\t\t<p data-path-to-node=\"5\">Il presente Avviso Legale regola l'accesso, la navigazione e l'utilizzo del sito web. <b>paynfinity.com<\/b> (di seguito denominato \u201cil Sito\u201d), di propriet\u00e0 di <strong>Paynfinity<\/strong><b>\u00a0Ltd.<\/b><\/p>\t\t\t\t\t\t\t\t<\/div>\n\t\t\t\t<\/div>\n\t\t\t\t<div class=\"elementor-element elementor-element-7bff451 elementor-widget elementor-widget-heading\" data-id=\"7bff451\" data-element_type=\"widget\" data-e-type=\"widget\" data-widget_type=\"heading.default\">\n\t\t\t\t<div class=\"elementor-widget-container\">\n\t\t\t\t\t<h3 class=\"elementor-heading-title elementor-size-default\">1. Identificare i dati<\/h3>\t\t\t\t<\/div>\n\t\t\t\t<\/div>\n\t\t\t\t<div class=\"vamtam-has-theme-widget-styles elementor-element elementor-element-e10cf8e elementor-widget elementor-widget-text-editor\" data-id=\"e10cf8e\" data-element_type=\"widget\" data-e-type=\"widget\" data-widget_type=\"text-editor.default\">\n\t\t\t\t<div class=\"elementor-widget-container\">\n\t\t\t\t\t\t\t\t\t<p data-path-to-node=\"7\">In ottemperanza all'obbligo di fornire informazioni come stabilito dalle norme che regolano i servizi della societ\u00e0 dell'informazione e il commercio elettronico, i dati del proprietario del sito web sono riportati di seguito:<\/p><ul data-path-to-node=\"8\"><li><p data-path-to-node=\"8,0,0\"><b>Nome dell'azienda:<\/b> Paynfinity Ltd.<\/p><\/li><li><p data-path-to-node=\"8,1,0\"><b>Nome commerciale\/marchio:<\/b> Paynfinity.<\/p><\/li><li><p data-path-to-node=\"8,2,0\"><b>Sede legale:<\/b> 6\/7 St. Mary At Hill, Unit\u00e0 3, Londra, Inghilterra, EC3R 8EE (Regno Unito).<\/p><\/li><li><p data-path-to-node=\"8,3,0\"><b>Numero di identificazione fiscale (IVA):<\/b> GB170505924.<\/p><\/li><li><p data-path-to-node=\"8,4,0\"><b>Dati di registrazione:<\/b> Societ\u00e0 registrata presso la Companies House del Regno Unito.<\/p><\/li><li><p data-path-to-node=\"8,5,0\"><b>Telefono:<\/b> +44 7756 301966.<\/p><\/li><li><p data-path-to-node=\"8,6,0\"><b>Indirizzo e-mail di contatto:<\/b> info@paynfinity.com<\/p><\/li><\/ul>\t\t\t\t\t\t\t\t<\/div>\n\t\t\t\t<\/div>\n\t\t\t\t<div class=\"elementor-element elementor-element-28fa2d6 elementor-widget elementor-widget-heading\" data-id=\"28fa2d6\" data-element_type=\"widget\" data-e-type=\"widget\" data-widget_type=\"heading.default\">\n\t\t\t\t<div class=\"elementor-widget-container\">\n\t\t\t\t\t<h3 class=\"elementor-heading-title elementor-size-default\">2. Legge applicabile e giurisdizione<\/h3>\t\t\t\t<\/div>\n\t\t\t\t<\/div>\n\t\t\t\t<div class=\"vamtam-has-theme-widget-styles elementor-element elementor-element-6784975 elementor-widget elementor-widget-text-editor\" data-id=\"6784975\" data-element_type=\"widget\" data-e-type=\"widget\" data-widget_type=\"text-editor.default\">\n\t\t\t\t<div class=\"elementor-widget-container\">\n\t\t\t\t\t\t\t\t\t<p data-path-to-node=\"10\">L'uso di questo sito web \u00e8 regolato dalle leggi di <b>Inghilterra e Galles<\/b>. Tuttavia, se l'utente agisce come consumatore e ha la sua residenza abituale nell'Unione Europea, pu\u00f2 beneficiare della protezione delle disposizioni obbligatorie della legge del suo Paese di residenza.<\/p><p data-path-to-node=\"11\">Per qualsiasi controversia o conflitto che possa sorgere dall'interpretazione o dall'adempimento del presente Avviso legale, le parti si sottopongono alla giurisdizione dei tribunali di <b>Tribunali di Londra (Regno Unito)<\/b>, a meno che le norme di tutela dei consumatori e degli utenti non prevedano una giurisdizione diversa.<\/p>\t\t\t\t\t\t\t\t<\/div>\n\t\t\t\t<\/div>\n\t\t\t\t<div class=\"elementor-element elementor-element-c1b1131 elementor-widget elementor-widget-heading\" data-id=\"c1b1131\" data-element_type=\"widget\" data-e-type=\"widget\" data-widget_type=\"heading.default\">\n\t\t\t\t<div class=\"elementor-widget-container\">\n\t\t\t\t\t<h3 class=\"elementor-heading-title elementor-size-default\">3. Uso e accesso degli utenti<\/h3>\t\t\t\t<\/div>\n\t\t\t\t<\/div>\n\t\t\t\t<div class=\"vamtam-has-theme-widget-styles elementor-element elementor-element-0925075 elementor-widget elementor-widget-text-editor\" data-id=\"0925075\" data-element_type=\"widget\" data-e-type=\"widget\" data-widget_type=\"text-editor.default\">\n\t\t\t\t<div class=\"elementor-widget-container\">\n\t\t\t\t\t\t\t\t\t<p data-path-to-node=\"13\">L'accesso a questo sito web \u00e8 gratuito (tranne che per il costo della connessione attraverso la rete di telecomunicazioni) e non crea di per s\u00e9 alcun rapporto commerciale, contrattuale o professionale tra <strong>Paynfinity<\/strong><b>\u00a0Ltd.<\/b> e l'utente.<\/p><p data-path-to-node=\"14\">L'azienda si riserva il diritto di modificare, senza preavviso, i contenuti, la presentazione e la struttura del sito web, nonch\u00e9 di cambiare, aggiungere o eliminare i servizi in esso offerti per adattarli alle modifiche legislative o ai miglioramenti tecnici.<\/p>\t\t\t\t\t\t\t\t<\/div>\n\t\t\t\t<\/div>\n\t\t\t\t<div class=\"elementor-element elementor-element-3b788ff elementor-widget elementor-widget-heading\" data-id=\"3b788ff\" data-element_type=\"widget\" data-e-type=\"widget\" data-widget_type=\"heading.default\">\n\t\t\t\t<div class=\"elementor-widget-container\">\n\t\t\t\t\t<h3 class=\"elementor-heading-title elementor-size-default\">4. Propriet\u00e0 intellettuale e industriale<\/h3>\t\t\t\t<\/div>\n\t\t\t\t<\/div>\n\t\t\t\t<div class=\"vamtam-has-theme-widget-styles elementor-element elementor-element-09a18c1 elementor-widget elementor-widget-text-editor\" data-id=\"09a18c1\" data-element_type=\"widget\" data-e-type=\"widget\" data-widget_type=\"text-editor.default\">\n\t\t\t\t<div class=\"elementor-widget-container\">\n\t\t\t\t\t\t\t\t\t<p data-path-to-node=\"16\">Tutti i contenuti di questo sito web (inclusi, ma non limitati a: database, immagini, fotografie, software, loghi, marchi, icone e testi) sono di propriet\u00e0 esclusiva di <strong>Paynfinity<\/strong><b>\u00a0Ltd.<\/b> o di licenziatari terzi che ne hanno autorizzato l'uso.<\/p><p data-path-to-node=\"17\">La riproduzione, la distribuzione, la comunicazione pubblica e la trasformazione, totale o parziale, dei contenuti di questo sito web a fini commerciali, su qualsiasi supporto e con qualsiasi mezzo tecnico, sono espressamente vietate senza la previa autorizzazione scritta del proprietario. Il marchio <b>Paynfinity<\/b> e il suo logo sono segni distintivi protetti dalla legislazione sulla propriet\u00e0 industriale.<\/p>\t\t\t\t\t\t\t\t<\/div>\n\t\t\t\t<\/div>\n\t\t\t\t<div class=\"elementor-element elementor-element-bf518a4 elementor-widget elementor-widget-heading\" data-id=\"bf518a4\" data-element_type=\"widget\" data-e-type=\"widget\" data-widget_type=\"heading.default\">\n\t\t\t\t<div class=\"elementor-widget-container\">\n\t\t\t\t\t<h3 class=\"elementor-heading-title elementor-size-default\">5. Politica dei link<\/h3>\t\t\t\t<\/div>\n\t\t\t\t<\/div>\n\t\t\t\t<div class=\"vamtam-has-theme-widget-styles elementor-element elementor-element-ccff65a elementor-widget elementor-widget-text-editor\" data-id=\"ccff65a\" data-element_type=\"widget\" data-e-type=\"widget\" data-widget_type=\"text-editor.default\">\n\t\t\t\t<div class=\"elementor-widget-container\">\n\t\t\t\t\t\t\t\t\t<p data-path-to-node=\"19\">Il sito web pu\u00f2 contenere link a siti web di terzi. <strong>Paynfinity<\/strong><b>\u00a0Ltd.<\/b> non ha alcun controllo su tali siti e non si assume alcuna responsabilit\u00e0 per il contenuto, le politiche sulla privacy o le pratiche dei siti di terzi.<\/p><p data-path-to-node=\"20\">Chiunque desideri creare un collegamento ipertestuale dal proprio sito web al sito <b>paynfinity.com<\/b> si asterr\u00e0 dal fare dichiarazioni false, imprecise o errate sull'azienda, e la presenza del link non implicher\u00e0 in nessun caso l'esistenza di relazioni commerciali tra l'azienda e il proprietario del sito web di collegamento.<\/p>\t\t\t\t\t\t\t\t<\/div>\n\t\t\t\t<\/div>\n\t\t\t\t<div class=\"elementor-element elementor-element-fabdaa6 elementor-widget elementor-widget-heading\" data-id=\"fabdaa6\" data-element_type=\"widget\" data-e-type=\"widget\" data-widget_type=\"heading.default\">\n\t\t\t\t<div class=\"elementor-widget-container\">\n\t\t\t\t\t<h3 class=\"elementor-heading-title elementor-size-default\">6. Esclusione di garanzie e responsabilit\u00e0<\/h3>\t\t\t\t<\/div>\n\t\t\t\t<\/div>\n\t\t\t\t<div class=\"vamtam-has-theme-widget-styles elementor-element elementor-element-af5acd3 elementor-widget elementor-widget-text-editor\" data-id=\"af5acd3\" data-element_type=\"widget\" data-e-type=\"widget\" data-widget_type=\"text-editor.default\">\n\t\t\t\t<div class=\"elementor-widget-container\">\n\t\t\t\t\t\t\t\t\t<p data-path-to-node=\"22\"><b>Paynfinity Ltd.<\/b> dichiara di aver adottato le misure necessarie, nell'ambito delle sue possibilit\u00e0 e dello stato della tecnologia, per garantire il funzionamento del sito web ed evitare l'esistenza e la trasmissione di virus e altri componenti dannosi. Tuttavia, non pu\u00f2 garantire:<\/p><ol start=\"1\" data-path-to-node=\"23\"><li><p data-path-to-node=\"23,0,0\">L'inespugnabilit\u00e0 delle misure di sicurezza.<\/p><\/li><li><p data-path-to-node=\"23,1,0\">La totale assenza di errori nel contenuto.<\/p><\/li><li><p data-path-to-node=\"23,2,0\">La disponibilit\u00e0 ininterrotta del portale.<\/p><\/li><\/ol><p data-path-to-node=\"24\">L'utente esonera l'azienda da qualsiasi responsabilit\u00e0 derivante da mancate prestazioni, interruzioni del servizio o danni al sistema informatico dell'utente causati da terzi o da malware.<\/p>\t\t\t\t\t\t\t\t<\/div>\n\t\t\t\t<\/div>\n\t\t\t\t<div class=\"elementor-element elementor-element-94673df elementor-widget elementor-widget-heading\" data-id=\"94673df\" data-element_type=\"widget\" data-e-type=\"widget\" data-widget_type=\"heading.default\">\n\t\t\t\t<div class=\"elementor-widget-container\">\n\t\t\t\t\t<h3 class=\"elementor-heading-title elementor-size-default\">7. Modifiche<\/h3>\t\t\t\t<\/div>\n\t\t\t\t<\/div>\n\t\t\t\t<div class=\"vamtam-has-theme-widget-styles elementor-element elementor-element-346d178 elementor-widget elementor-widget-text-editor\" data-id=\"346d178\" data-element_type=\"widget\" data-e-type=\"widget\" data-widget_type=\"text-editor.default\">\n\t\t\t\t<div class=\"elementor-widget-container\">\n\t\t\t\t\t\t\t\t\t<p data-path-to-node=\"26\">Il presente Avviso Legale pu\u00f2 essere modificato in qualsiasi momento per adattarsi a nuove leggi o a cambiamenti nell'attivit\u00e0 dell'azienda. Si raccomanda all'utente di consultare periodicamente questa pagina.<\/p><p data-path-to-node=\"27\"><b>Data dell'ultimo aggiornamento:<\/b> 27 novembre 2025.<\/p>\t\t\t\t\t\t\t\t<\/div>\n\t\t\t\t<\/div>\n\t\t\t\t\t<\/div>\n\t\t\t\t<\/div>\n\t\t\t\t<\/div>","protected":false},"excerpt":{"rendered":"<p>El presente Aviso Legal regula el acceso, navegaci\u00f3n y uso del sitio web paynfinity.com (en adelante, \u201cel Sitio Web\u201d), titularidad de Paynfinity\u00a0Ltd. 1. Datos Identificativos En cumplimiento con el deber de informaci\u00f3n recogido en la normativa de servicios de la sociedad de la informaci\u00f3n y comercio electr\u00f3nico, a continuaci\u00f3n se reflejan los datos del titular&#8230;<\/p>","protected":false},"author":1,"featured_media":0,"parent":0,"menu_order":12,"comment_status":"closed","ping_status":"closed","template":"","meta":{"footnotes":""},"class_list":["post-987699","page","type-page","status-publish","hentry"],"yoast_head":"<!-- This site is optimized with the Yoast SEO plugin v27.3 - https:\/\/yoast.com\/product\/yoast-seo-wordpress\/ -->\n<title>Aviso legal &#8226; Paynfinity<\/title>\n<meta name=\"robots\" content=\"index, follow, max-snippet:-1, max-image-preview:large, max-video-preview:-1\" \/>\n<link rel=\"canonical\" href=\"https:\/\/paynfinity.com\/it\/avviso-legale\/\" \/>\n<meta property=\"og:locale\" content=\"it_IT\" \/>\n<meta property=\"og:type\" content=\"article\" \/>\n<meta property=\"og:title\" content=\"Aviso legal &#8226; Paynfinity\" \/>\n<meta property=\"og:description\" content=\"El presente Aviso Legal regula el acceso, navegaci\u00f3n y uso del sitio web paynfinity.com (en adelante, \u201cel Sitio Web\u201d), titularidad de Paynfinity\u00a0Ltd. 1. Datos Identificativos En cumplimiento con el deber de informaci\u00f3n recogido en la normativa de servicios de la sociedad de la informaci\u00f3n y comercio electr\u00f3nico, a continuaci\u00f3n se reflejan los datos del titular...\" \/>\n<meta property=\"og:url\" content=\"https:\/\/paynfinity.com\/it\/avviso-legale\/\" \/>\n<meta property=\"og:site_name\" content=\"Paynfinity\" \/>\n<meta property=\"article:modified_time\" content=\"2026-02-26T02:19:48+00:00\" \/>\n<meta property=\"og:image\" content=\"https:\/\/paynfinity.com\/wp-content\/uploads\/2026\/02\/Paynfinity-11.webp\" \/>\n\t<meta property=\"og:image:width\" content=\"1280\" \/>\n\t<meta property=\"og:image:height\" content=\"739\" \/>\n\t<meta property=\"og:image:type\" content=\"image\/webp\" \/>\n<meta name=\"twitter:card\" content=\"summary_large_image\" \/>\n<meta name=\"twitter:label1\" content=\"Tempo di lettura stimato\" \/>\n\t<meta name=\"twitter:data1\" content=\"3 minuti\" \/>\n<script type=\"application\/ld+json\" class=\"yoast-schema-graph\">{\"@context\":\"https:\\\/\\\/schema.org\",\"@graph\":[{\"@type\":\"WebPage\",\"@id\":\"https:\\\/\\\/paynfinity.com\\\/aviso-legal\\\/\",\"url\":\"https:\\\/\\\/paynfinity.com\\\/aviso-legal\\\/\",\"name\":\"Aviso legal &#8226; Paynfinity\",\"isPartOf\":{\"@id\":\"https:\\\/\\\/paynfinity.com\\\/#website\"},\"datePublished\":\"2025-11-27T00:02:13+00:00\",\"dateModified\":\"2026-02-26T02:19:48+00:00\",\"breadcrumb\":{\"@id\":\"https:\\\/\\\/paynfinity.com\\\/aviso-legal\\\/#breadcrumb\"},\"inLanguage\":\"it-IT\",\"potentialAction\":[{\"@type\":\"ReadAction\",\"target\":[\"https:\\\/\\\/paynfinity.com\\\/aviso-legal\\\/\"]}]},{\"@type\":\"BreadcrumbList\",\"@id\":\"https:\\\/\\\/paynfinity.com\\\/aviso-legal\\\/#breadcrumb\",\"itemListElement\":[{\"@type\":\"ListItem\",\"position\":1,\"name\":\"Portada\",\"item\":\"https:\\\/\\\/paynfinity.com\\\/\"},{\"@type\":\"ListItem\",\"position\":2,\"name\":\"Aviso legal\"}]},{\"@type\":\"WebSite\",\"@id\":\"https:\\\/\\\/paynfinity.com\\\/#website\",\"url\":\"https:\\\/\\\/paynfinity.com\\\/\",\"name\":\"Paynfinity\",\"description\":\"Estructuraci\u00f3n Corporativa y Banca Global\",\"publisher\":{\"@id\":\"https:\\\/\\\/paynfinity.com\\\/#organization\"},\"potentialAction\":[{\"@type\":\"SearchAction\",\"target\":{\"@type\":\"EntryPoint\",\"urlTemplate\":\"https:\\\/\\\/paynfinity.com\\\/?s={search_term_string}\"},\"query-input\":{\"@type\":\"PropertyValueSpecification\",\"valueRequired\":true,\"valueName\":\"search_term_string\"}}],\"inLanguage\":\"it-IT\"},{\"@type\":\"Organization\",\"@id\":\"https:\\\/\\\/paynfinity.com\\\/#organization\",\"name\":\"Paynfinity\",\"url\":\"https:\\\/\\\/paynfinity.com\\\/\",\"logo\":{\"@type\":\"ImageObject\",\"inLanguage\":\"it-IT\",\"@id\":\"https:\\\/\\\/paynfinity.com\\\/#\\\/schema\\\/logo\\\/image\\\/\",\"url\":\"https:\\\/\\\/paynfinity.com\\\/wp-content\\\/uploads\\\/2025\\\/02\\\/Paynfinity-Logo-Dark.svg\",\"contentUrl\":\"https:\\\/\\\/paynfinity.com\\\/wp-content\\\/uploads\\\/2025\\\/02\\\/Paynfinity-Logo-Dark.svg\",\"width\":151,\"height\":23,\"caption\":\"Paynfinity\"},\"image\":{\"@id\":\"https:\\\/\\\/paynfinity.com\\\/#\\\/schema\\\/logo\\\/image\\\/\"},\"sameAs\":[\"https:\\\/\\\/wa.me\\\/+447851108484\",\"https:\\\/\\\/www.linkedin.com\\\/company\\\/paynfinity\"]}]}<\/script>\n<!-- \/ Yoast SEO plugin. -->","yoast_head_json":{"title":"Avviso legale - Paynfinity","robots":{"index":"index","follow":"follow","max-snippet":"max-snippet:-1","max-image-preview":"max-image-preview:large","max-video-preview":"max-video-preview:-1"},"canonical":"https:\/\/paynfinity.com\/it\/avviso-legale\/","og_locale":"it_IT","og_type":"article","og_title":"Aviso legal &#8226; Paynfinity","og_description":"El presente Aviso Legal regula el acceso, navegaci\u00f3n y uso del sitio web paynfinity.com (en adelante, \u201cel Sitio Web\u201d), titularidad de Paynfinity\u00a0Ltd. 1. Datos Identificativos En cumplimiento con el deber de informaci\u00f3n recogido en la normativa de servicios de la sociedad de la informaci\u00f3n y comercio electr\u00f3nico, a continuaci\u00f3n se reflejan los datos del titular...","og_url":"https:\/\/paynfinity.com\/it\/avviso-legale\/","og_site_name":"Paynfinity","article_modified_time":"2026-02-26T02:19:48+00:00","og_image":[{"width":1280,"height":739,"url":"https:\/\/paynfinity.com\/wp-content\/uploads\/2026\/02\/Paynfinity-11.webp","type":"image\/webp"}],"twitter_card":"summary_large_image","twitter_misc":{"Tempo di lettura stimato":"3 minuti"},"schema":{"@context":"https:\/\/schema.org","@graph":[{"@type":"WebPage","@id":"https:\/\/paynfinity.com\/aviso-legal\/","url":"https:\/\/paynfinity.com\/aviso-legal\/","name":"Avviso legale - Paynfinity","isPartOf":{"@id":"https:\/\/paynfinity.com\/#website"},"datePublished":"2025-11-27T00:02:13+00:00","dateModified":"2026-02-26T02:19:48+00:00","breadcrumb":{"@id":"https:\/\/paynfinity.com\/aviso-legal\/#breadcrumb"},"inLanguage":"it-IT","potentialAction":[{"@type":"ReadAction","target":["https:\/\/paynfinity.com\/aviso-legal\/"]}]},{"@type":"BreadcrumbList","@id":"https:\/\/paynfinity.com\/aviso-legal\/#breadcrumb","itemListElement":[{"@type":"ListItem","position":1,"name":"Portada","item":"https:\/\/paynfinity.com\/"},{"@type":"ListItem","position":2,"name":"Aviso legal"}]},{"@type":"WebSite","@id":"https:\/\/paynfinity.com\/#website","url":"https:\/\/paynfinity.com\/","name":"Paynfinity","description":"Strutturazione aziendale e banca globale","publisher":{"@id":"https:\/\/paynfinity.com\/#organization"},"potentialAction":[{"@type":"SearchAction","target":{"@type":"EntryPoint","urlTemplate":"https:\/\/paynfinity.com\/?s={search_term_string}"},"query-input":{"@type":"PropertyValueSpecification","valueRequired":true,"valueName":"search_term_string"}}],"inLanguage":"it-IT"},{"@type":"Organization","@id":"https:\/\/paynfinity.com\/#organization","name":"Paynfinity","url":"https:\/\/paynfinity.com\/","logo":{"@type":"ImageObject","inLanguage":"it-IT","@id":"https:\/\/paynfinity.com\/#\/schema\/logo\/image\/","url":"https:\/\/paynfinity.com\/wp-content\/uploads\/2025\/02\/Paynfinity-Logo-Dark.svg","contentUrl":"https:\/\/paynfinity.com\/wp-content\/uploads\/2025\/02\/Paynfinity-Logo-Dark.svg","width":151,"height":23,"caption":"Paynfinity"},"image":{"@id":"https:\/\/paynfinity.com\/#\/schema\/logo\/image\/"},"sameAs":["https:\/\/wa.me\/+447851108484","https:\/\/www.linkedin.com\/company\/paynfinity"]}]}},"_hostinger_reach_plugin_has_subscription_block":false,"_hostinger_reach_plugin_is_elementor":false,"_links":{"self":[{"href":"https:\/\/paynfinity.com\/it\/wp-json\/wp\/v2\/pages\/987699","targetHints":{"allow":["GET"]}}],"collection":[{"href":"https:\/\/paynfinity.com\/it\/wp-json\/wp\/v2\/pages"}],"about":[{"href":"https:\/\/paynfinity.com\/it\/wp-json\/wp\/v2\/types\/page"}],"author":[{"embeddable":true,"href":"https:\/\/paynfinity.com\/it\/wp-json\/wp\/v2\/users\/1"}],"replies":[{"embeddable":true,"href":"https:\/\/paynfinity.com\/it\/wp-json\/wp\/v2\/comments?post=987699"}],"version-history":[{"count":7,"href":"https:\/\/paynfinity.com\/it\/wp-json\/wp\/v2\/pages\/987699\/revisions"}],"predecessor-version":[{"id":987933,"href":"https:\/\/paynfinity.com\/it\/wp-json\/wp\/v2\/pages\/987699\/revisions\/987933"}],"wp:attachment":[{"href":"https:\/\/paynfinity.com\/it\/wp-json\/wp\/v2\/media?parent=987699"}],"curies":[{"name":"wp","href":"https:\/\/api.w.org\/{rel}","templated":true}]}}