{"id":1092,"date":"2025-02-19T13:37:15","date_gmt":"2025-02-19T13:37:15","guid":{"rendered":"https:\/\/finovate.vamtam.com\/?page_id=1092"},"modified":"2026-02-26T03:19:48","modified_gmt":"2026-02-26T02:19:48","slug":"politica-de-privacidade","status":"publish","type":"page","link":"https:\/\/paynfinity.com\/pt\/politica-de-privacidad\/","title":{"rendered":"Pol\u00edtica de privacidade"},"content":{"rendered":"<div data-elementor-type=\"wp-page\" data-elementor-id=\"1092\" class=\"elementor elementor-1092\" data-elementor-post-type=\"page\">\n\t\t\t\t<div class=\"elementor-element elementor-element-c1e8912 e-flex e-con-boxed e-con e-parent\" data-id=\"c1e8912\" data-element_type=\"container\" data-e-type=\"container\">\n\t\t\t\t\t<div class=\"e-con-inner\">\n\t\t\t\t<div class=\"vamtam-has-theme-widget-styles elementor-element elementor-element-eb7bd66 elementor-widget elementor-widget-text-editor\" data-id=\"eb7bd66\" data-element_type=\"widget\" data-e-type=\"widget\" data-widget_type=\"text-editor.default\">\n\t\t\t\t<div class=\"elementor-widget-container\">\n\t\t\t\t\t\t\t\t\t<p><strong>Paynfinity Ltd.<\/strong> (doravante \u201cPaynfinity\u201d ou \u201cA Empresa\u201d) coloca \u00e0 disposi\u00e7\u00e3o dos utilizadores a sua \u201cPol\u00edtica de Privacidade e Prote\u00e7\u00e3o de Dados\u201d com o objetivo de dar a conhecer as condi\u00e7\u00f5es e obriga\u00e7\u00f5es que regem o tratamento de dados pessoais, no estrito cumprimento da regulamenta\u00e7\u00e3o aplic\u00e1vel (RGPD do Reino Unido e RGPD da UE) e no pleno respeito pela privacidade, honra, intimidade e autoimagem das pessoas.<\/p>\t\t\t\t\t\t\t\t<\/div>\n\t\t\t\t<\/div>\n\t\t\t\t<div class=\"elementor-element elementor-element-7bff451 elementor-widget elementor-widget-heading\" data-id=\"7bff451\" data-element_type=\"widget\" data-e-type=\"widget\" data-widget_type=\"heading.default\">\n\t\t\t\t<div class=\"elementor-widget-container\">\n\t\t\t\t\t<h3 class=\"elementor-heading-title elementor-size-default\">1) Respons\u00e1vel pelo tratamento de dados<\/h3>\t\t\t\t<\/div>\n\t\t\t\t<\/div>\n\t\t\t\t<div class=\"vamtam-has-theme-widget-styles elementor-element elementor-element-e10cf8e elementor-widget elementor-widget-text-editor\" data-id=\"e10cf8e\" data-element_type=\"widget\" data-e-type=\"widget\" data-widget_type=\"text-editor.default\">\n\t\t\t\t<div class=\"elementor-widget-container\">\n\t\t\t\t\t\t\t\t\t<p data-path-to-node=\"6\">Os dados pessoais fornecidos por si atrav\u00e9s do dom\u00ednio <b>paynfinity.com<\/b> ser\u00e1 recolhido e processado pela empresa-m\u00e3e:<\/p><ul data-path-to-node=\"7\"><li><p data-path-to-node=\"7,0,0\"><b>Nome da empresa:<\/b> Paynfinity Ltd.<\/p><\/li><li><p data-path-to-node=\"7,1,0\"><b>Nome comercial:<\/b> Paynfinity<\/p><\/li><li><p data-path-to-node=\"7,2,0\"><b>IVA \/ NIF:<\/b> GB170505924<\/p><\/li><li><p data-path-to-node=\"7,3,0\"><b>Sede social:<\/b> 6\/7 St. Mary At Hill, Unit 3, Londres, Inglaterra, EC3R 8EE (Reino Unido).<\/p><\/li><li><p data-path-to-node=\"7,4,0\"><b>Telefone:<\/b> +44 7756 301966<\/p><\/li><li><p data-path-to-node=\"7,5,0\"><b>Envie um e-mail para quest\u00f5es de privacidade:<\/b> info@paynfinity.com<\/p><\/li><\/ul>\t\t\t\t\t\t\t\t<\/div>\n\t\t\t\t<\/div>\n\t\t\t\t<div class=\"elementor-element elementor-element-28fa2d6 elementor-widget elementor-widget-heading\" data-id=\"28fa2d6\" data-element_type=\"widget\" data-e-type=\"widget\" data-widget_type=\"heading.default\">\n\t\t\t\t<div class=\"elementor-widget-container\">\n\t\t\t\t\t<h3 class=\"elementor-heading-title elementor-size-default\">2) Objetivo e estatuto jur\u00eddico<\/h3>\t\t\t\t<\/div>\n\t\t\t\t<\/div>\n\t\t\t\t<div class=\"vamtam-has-theme-widget-styles elementor-element elementor-element-6784975 elementor-widget elementor-widget-text-editor\" data-id=\"6784975\" data-element_type=\"widget\" data-e-type=\"widget\" data-widget_type=\"text-editor.default\">\n\t\t\t\t<div class=\"elementor-widget-container\">\n\t\t\t\t\t\t\t\t\t<p data-path-to-node=\"9\">Cada formul\u00e1rio ou canal de recolha de dados da Paynfinity incorpora as informa\u00e7\u00f5es de base em que \u00e9 pormenorizado:<\/p><ul data-path-to-node=\"10\"><li><p data-path-to-node=\"10,0,0\"><b>Objetivo:<\/b> finalidade espec\u00edfica do tratamento (por exemplo, gest\u00e3o do servi\u00e7o contratado, envio de boletins informativos, gest\u00e3o de pedidos de informa\u00e7\u00e3o ou fatura\u00e7\u00e3o).<\/p><\/li><li><p data-path-to-node=\"10,1,0\"><b>Legitima\u00e7\u00e3o:<\/b> consentimento do titular dos dados, execu\u00e7\u00e3o de um contrato (Termos e Condi\u00e7\u00f5es da Paynfinity) ou interesse leg\u00edtimo da Empresa, conforme aplic\u00e1vel.<\/p><\/li><li><p data-path-to-node=\"10,2,0\"><b>Conserva\u00e7\u00e3o:<\/b> o per\u00edodo durante o qual os seus dados ser\u00e3o conservados ou, em alternativa, os crit\u00e9rios para determinar esse per\u00edodo (geralmente durante a dura\u00e7\u00e3o da rela\u00e7\u00e3o comercial ou durante os anos necess\u00e1rios para cumprir obriga\u00e7\u00f5es legais e fiscais).<\/p><\/li><li><p data-path-to-node=\"10,3,0\"><b>Grupo-alvo:<\/b> entidades externas \u00e0 Paynfinity que possam receber os seus dados (por exemplo, fornecedores de alojamento, gateways de pagamento ou consultores fiscais).<\/p><\/li><li><p data-path-to-node=\"10,4,0\"><b>Direitos:<\/b> instru\u00e7\u00f5es para o exerc\u00edcio dos direitos de acesso, retifica\u00e7\u00e3o, supress\u00e3o, limita\u00e7\u00e3o, oposi\u00e7\u00e3o e portabilidade.<\/p><\/li><\/ul><p data-path-to-node=\"11\">Recomendamos-lhe que leia atentamente estas informa\u00e7\u00f5es antes de fornecer quaisquer dados.<\/p>\t\t\t\t\t\t\t\t<\/div>\n\t\t\t\t<\/div>\n\t\t\t\t<div class=\"elementor-element elementor-element-c1b1131 elementor-widget elementor-widget-heading\" data-id=\"c1b1131\" data-element_type=\"widget\" data-e-type=\"widget\" data-widget_type=\"heading.default\">\n\t\t\t\t<div class=\"elementor-widget-container\">\n\t\t\t\t\t<h3 class=\"elementor-heading-title elementor-size-default\">3) Medidas de seguran\u00e7a<\/h3>\t\t\t\t<\/div>\n\t\t\t\t<\/div>\n\t\t\t\t<div class=\"vamtam-has-theme-widget-styles elementor-element elementor-element-0925075 elementor-widget elementor-widget-text-editor\" data-id=\"0925075\" data-element_type=\"widget\" data-e-type=\"widget\" data-widget_type=\"text-editor.default\">\n\t\t\t\t<div class=\"elementor-widget-container\">\n\t\t\t\t\t\t\t\t\t<p data-path-to-node=\"13\">A Paynfinity tratar\u00e1 os seus dados com absoluta confidencialidade e manter\u00e1 o dever de sigilo, adoptando as medidas t\u00e9cnicas e organizativas necess\u00e1rias para garantir a seguran\u00e7a, integridade e disponibilidade dos dados, evitando a sua perda, altera\u00e7\u00e3o, acesso n\u00e3o autorizado ou tratamento il\u00edcito, de acordo com as normas de seguran\u00e7a da Internet em vigor.<\/p>\t\t\t\t\t\t\t\t<\/div>\n\t\t\t\t<\/div>\n\t\t\t\t<div class=\"elementor-element elementor-element-3b788ff elementor-widget elementor-widget-heading\" data-id=\"3b788ff\" data-element_type=\"widget\" data-e-type=\"widget\" data-widget_type=\"heading.default\">\n\t\t\t\t<div class=\"elementor-widget-container\">\n\t\t\t\t\t<h3 class=\"elementor-heading-title elementor-size-default\">4. Responsabilidade do utilizador<\/h3>\t\t\t\t<\/div>\n\t\t\t\t<\/div>\n\t\t\t\t<div class=\"vamtam-has-theme-widget-styles elementor-element elementor-element-09a18c1 elementor-widget elementor-widget-text-editor\" data-id=\"09a18c1\" data-element_type=\"widget\" data-e-type=\"widget\" data-widget_type=\"text-editor.default\">\n\t\t\t\t<div class=\"elementor-widget-container\">\n\t\t\t\t\t\t\t\t\t<p>O utilizador garante que tem mais de 18 anos de idade e que os dados fornecidos s\u00e3o verdadeiros, exactos e actualizados. No caso de fornecer dados de terceiros, declara que tem a sua autoriza\u00e7\u00e3o pr\u00e9via e que os informou da presente Pol\u00edtica. O utilizador ser\u00e1 respons\u00e1vel pela veracidade dos dados e por quaisquer danos resultantes da sua falta de veracidade.<\/p>\t\t\t\t\t\t\t\t<\/div>\n\t\t\t\t<\/div>\n\t\t\t\t<div class=\"elementor-element elementor-element-bf518a4 elementor-widget elementor-widget-heading\" data-id=\"bf518a4\" data-element_type=\"widget\" data-e-type=\"widget\" data-widget_type=\"heading.default\">\n\t\t\t\t<div class=\"elementor-widget-container\">\n\t\t\t\t\t<h3 class=\"elementor-heading-title elementor-size-default\">5. Direitos das pessoas em causa<\/h3>\t\t\t\t<\/div>\n\t\t\t\t<\/div>\n\t\t\t\t<div class=\"vamtam-has-theme-widget-styles elementor-element elementor-element-ccff65a elementor-widget elementor-widget-text-editor\" data-id=\"ccff65a\" data-element_type=\"widget\" data-e-type=\"widget\" data-widget_type=\"text-editor.default\">\n\t\t\t\t<div class=\"elementor-widget-container\">\n\t\t\t\t\t\t\t\t\t<p data-path-to-node=\"17\">Pode faz\u00ea-lo em qualquer altura:<\/p><ol start=\"1\" data-path-to-node=\"18\"><li><p data-path-to-node=\"18,0,0\"><b>Acesso<\/b> aos seus dados e a conhecer a sua origem, finalidade e destinat\u00e1rios.<\/p><\/li><li><p data-path-to-node=\"18,1,0\"><b>Retificar<\/b> dados inexactos ou incompletos.<\/p><\/li><li><p data-path-to-node=\"18,2,0\"><b>Eliminar<\/b> dados quando j\u00e1 n\u00e3o forem necess\u00e1rios (\u00abDireito a ser esquecido\u00bb).<\/p><\/li><li><p data-path-to-node=\"18,3,0\"><b>Limite<\/b> tratamento em determinadas circunst\u00e2ncias.<\/p><\/li><li><p data-path-to-node=\"18,4,0\"><b>Contra<\/b> ao tratamento por raz\u00f5es leg\u00edtimas.<\/p><\/li><li><p data-path-to-node=\"18,5,0\"><b>Portabilidade:<\/b> solicitar a transfer\u00eancia dos seus dados para outro respons\u00e1vel pelo tratamento de dados, sempre que tecnologicamente adequado.<\/p><\/li><li><p data-path-to-node=\"18,6,0\"><b>Retirar o consentimento<\/b> a qualquer momento (sem afetar a legalidade do tratamento anterior).<\/p><\/li><\/ol><p data-path-to-node=\"19\">Para exercer os seus direitos, envie o seu pedido com a men\u00e7\u00e3o \u00abProte\u00e7\u00e3o de dados\u00bb, juntamente com uma c\u00f3pia do seu bilhete de identidade, para<\/p><ul data-path-to-node=\"20\"><li><p data-path-to-node=\"20,0,0\"><b>Correio postal:<\/b> 6\/7 St. Mary At Hill, Unit 3, Londres, Inglaterra, EC3R 8EE.<\/p><\/li><li><p data-path-to-node=\"20,1,0\"><b>Correio eletr\u00f3nico:<\/b> contacto@paynfinity.com<\/p><\/li><\/ul><p data-path-to-node=\"21\">Se considerar que algum dos seus direitos foi violado, pode apresentar uma queixa \u00e0 autoridade de controlo competente. No Reino Unido, esta \u00e9 a <b>ICO (Information Commissioner's Office)<\/b>, e se vive em Espanha, pode tamb\u00e9m contactar o <b>AEPD (Ag\u00eancia Espanhola de Prote\u00e7\u00e3o de Dados)<\/b>.<\/p>\t\t\t\t\t\t\t\t<\/div>\n\t\t\t\t<\/div>\n\t\t\t\t<div class=\"elementor-element elementor-element-fabdaa6 elementor-widget elementor-widget-heading\" data-id=\"fabdaa6\" data-element_type=\"widget\" data-e-type=\"widget\" data-widget_type=\"heading.default\">\n\t\t\t\t<div class=\"elementor-widget-container\">\n\t\t\t\t\t<h3 class=\"elementor-heading-title elementor-size-default\">6. Transfer\u00eancia de dados<\/h3>\t\t\t\t<\/div>\n\t\t\t\t<\/div>\n\t\t\t\t<div class=\"vamtam-has-theme-widget-styles elementor-element elementor-element-af5acd3 elementor-widget elementor-widget-text-editor\" data-id=\"af5acd3\" data-element_type=\"widget\" data-e-type=\"widget\" data-widget_type=\"text-editor.default\">\n\t\t\t\t<div class=\"elementor-widget-container\">\n\t\t\t\t\t\t\t\t\t<p data-path-to-node=\"17\">Os dados recolhidos podem ser comunicados a prestadores de servi\u00e7os necess\u00e1rios \u00e0 gest\u00e3o dos nossos objectivos (fornecedores de infra-estruturas tecnol\u00f3gicas, servi\u00e7os de pagamento, gest\u00e3o administrativa, etc.). N\u00e3o ser\u00e3o transmitidos a terceiros para outros fins comerciais sem o seu consentimento expresso, exceto se for legalmente obrigado a faz\u00ea-lo.<\/p>\t\t\t\t\t\t\t\t<\/div>\n\t\t\t\t<\/div>\n\t\t\t\t<div class=\"elementor-element elementor-element-94673df elementor-widget elementor-widget-heading\" data-id=\"94673df\" data-element_type=\"widget\" data-e-type=\"widget\" data-widget_type=\"heading.default\">\n\t\t\t\t<div class=\"elementor-widget-container\">\n\t\t\t\t\t<h3 class=\"elementor-heading-title elementor-size-default\">7. Tratamentos espec\u00edficos<\/h3>\t\t\t\t<\/div>\n\t\t\t\t<\/div>\n\t\t\t\t<div class=\"vamtam-has-theme-widget-styles elementor-element elementor-element-346d178 elementor-widget elementor-widget-text-editor\" data-id=\"346d178\" data-element_type=\"widget\" data-e-type=\"widget\" data-widget_type=\"text-editor.default\">\n\t\t\t\t<div class=\"elementor-widget-container\">\n\t\t\t\t\t\t\t\t\t<p data-path-to-node=\"25\"><b>Registo do utilizador e servi\u00e7os Paynfinity<\/b><\/p><ul data-path-to-node=\"26\"><li><p data-path-to-node=\"26,0,0\"><b>Respons\u00e1vel:<\/b> Empresa Creation Centre Ltd.<\/p><\/li><li><p data-path-to-node=\"26,1,0\"><b>Objetivo:<\/b> Gest\u00e3o do registo de utilizadores, presta\u00e7\u00e3o de servi\u00e7os contratados, fatura\u00e7\u00e3o e apoio t\u00e9cnico.<\/p><\/li><li><p data-path-to-node=\"26,2,0\"><b>Legitima\u00e7\u00e3o:<\/b> Execu\u00e7\u00e3o do contrato de presta\u00e7\u00e3o de servi\u00e7os.<\/p><\/li><li><p data-path-to-node=\"26,3,0\"><b>Grupo-alvo:<\/b> Fornecedores de infra-estruturas e de meios de pagamento.<\/p><\/li><\/ul><p data-path-to-node=\"27\"><b>Formul\u00e1rio de contacto \/ apoio<\/b><\/p><ul data-path-to-node=\"28\"><li><p data-path-to-node=\"28,0,0\"><b>Respons\u00e1vel:<\/b> Empresa Creation Centre Ltd.<\/p><\/li><li><p data-path-to-node=\"28,1,0\"><b>Objetivo:<\/b> Para tratar de quest\u00f5es, d\u00favidas sobre a plataforma ou incidentes.<\/p><\/li><li><p data-path-to-node=\"28,2,0\"><b>Legitima\u00e7\u00e3o:<\/b> Interesse leg\u00edtimo da Paynfinity e do titular dos dados em resolver a consulta.<\/p><\/li><li><p data-path-to-node=\"28,3,0\"><b>Grupo-alvo:<\/b> Servi\u00e7o de apoio interno.<\/p><\/li><\/ul><p data-path-to-node=\"29\"><b>Newsletter \/ Comunica\u00e7\u00f5es comerciais<\/b><\/p><ul data-path-to-node=\"30\"><li><p data-path-to-node=\"30,0,0\"><b>Respons\u00e1vel:<\/b> Empresa Creation Centre Ltd.<\/p><\/li><li><p data-path-to-node=\"30,1,0\"><b>Objetivo:<\/b> Envio de not\u00edcias sobre a plataforma e promo\u00e7\u00f5es.<\/p><\/li><li><p data-path-to-node=\"30,2,0\"><b>Legitima\u00e7\u00e3o:<\/b> Consentimento da pessoa em causa (assinale a caixa).<\/p><\/li><li><p data-path-to-node=\"30,3,0\"><b>Grupo-alvo:<\/b> Fornecedor de servi\u00e7os de marketing por correio eletr\u00f3nico.<\/p><\/li><\/ul>\t\t\t\t\t\t\t\t<\/div>\n\t\t\t\t<\/div>\n\t\t\t\t<div class=\"elementor-element elementor-element-c60d804 elementor-widget elementor-widget-heading\" data-id=\"c60d804\" data-element_type=\"widget\" data-e-type=\"widget\" data-widget_type=\"heading.default\">\n\t\t\t\t<div class=\"elementor-widget-container\">\n\t\t\t\t\t<h3 class=\"elementor-heading-title elementor-size-default\">8. Transfer\u00eancias internacionais e localiza\u00e7\u00e3o<\/h3>\t\t\t\t<\/div>\n\t\t\t\t<\/div>\n\t\t\t\t<div class=\"vamtam-has-theme-widget-styles elementor-element elementor-element-d884c4a elementor-widget elementor-widget-text-editor\" data-id=\"d884c4a\" data-element_type=\"widget\" data-e-type=\"widget\" data-widget_type=\"text-editor.default\">\n\t\t\t\t<div class=\"elementor-widget-container\">\n\t\t\t\t\t\t\t\t\t<p data-path-to-node=\"32\">Como a empresa respons\u00e1vel est\u00e1 localizada no Reino Unido, os seus dados ser\u00e3o tratados nessa jurisdi\u00e7\u00e3o.<\/p><p data-path-to-node=\"33\">O Reino Unido disp\u00f5e de um <b>Decis\u00e3o de adequa\u00e7\u00e3o<\/b> aprovado pela Comiss\u00e3o Europeia, o que garante que o n\u00edvel de prote\u00e7\u00e3o dos seus dados \u00e9 equivalente ao da Uni\u00e3o Europeia. Por conseguinte, o fluxo de dados entre os seus dispositivos (se estiver na UE) e os nossos servidores no Reino Unido \u00e9 totalmente legal e seguro.<\/p><p data-path-to-node=\"34\">Se transferirmos para pa\u00edses fora do Reino Unido ou do Espa\u00e7o Econ\u00f3mico Europeu (por exemplo, fornecedores de tecnologia nos EUA), garantiremos um n\u00edvel adequado de prote\u00e7\u00e3o atrav\u00e9s de cl\u00e1usulas contratuais-tipo.<\/p>\t\t\t\t\t\t\t\t<\/div>\n\t\t\t\t<\/div>\n\t\t\t\t<div class=\"elementor-element elementor-element-5dbeb02 elementor-widget elementor-widget-heading\" data-id=\"5dbeb02\" data-element_type=\"widget\" data-e-type=\"widget\" data-widget_type=\"heading.default\">\n\t\t\t\t<div class=\"elementor-widget-container\">\n\t\t\t\t\t<h3 class=\"elementor-heading-title elementor-size-default\">9. Pol\u00edtica de cookies<\/h3>\t\t\t\t<\/div>\n\t\t\t\t<\/div>\n\t\t\t\t<div class=\"vamtam-has-theme-widget-styles elementor-element elementor-element-0bce788 elementor-widget elementor-widget-text-editor\" data-id=\"0bce788\" data-element_type=\"widget\" data-e-type=\"widget\" data-widget_type=\"text-editor.default\">\n\t\t\t\t<div class=\"elementor-widget-container\">\n\t\t\t\t\t\t\t\t\t<p data-path-to-node=\"36\">Para obter informa\u00e7\u00f5es sobre os cookies utilizados neste s\u00edtio Web, consulte a nossa Pol\u00edtica de cookies dispon\u00edvel na liga\u00e7\u00e3o relevante no final da p\u00e1gina.<\/p>\t\t\t\t\t\t\t\t<\/div>\n\t\t\t\t<\/div>\n\t\t\t\t<div class=\"elementor-element elementor-element-4c5dc5d elementor-widget elementor-widget-heading\" data-id=\"4c5dc5d\" data-element_type=\"widget\" data-e-type=\"widget\" data-widget_type=\"heading.default\">\n\t\t\t\t<div class=\"elementor-widget-container\">\n\t\t\t\t\t<h3 class=\"elementor-heading-title elementor-size-default\">10. Modifica\u00e7\u00f5es<\/h3>\t\t\t\t<\/div>\n\t\t\t\t<\/div>\n\t\t\t\t<div class=\"vamtam-has-theme-widget-styles elementor-element elementor-element-284234b elementor-widget elementor-widget-text-editor\" data-id=\"284234b\" data-element_type=\"widget\" data-e-type=\"widget\" data-widget_type=\"text-editor.default\">\n\t\t\t\t<div class=\"elementor-widget-container\">\n\t\t\t\t\t\t\t\t\t<p data-path-to-node=\"38\">A Paynfinity pode atualizar a sua Pol\u00edtica de Privacidade para a adaptar a altera\u00e7\u00f5es na legisla\u00e7\u00e3o ou nos servi\u00e7os. Quaisquer actualiza\u00e7\u00f5es ser\u00e3o publicadas nesta sec\u00e7\u00e3o.<\/p><p data-path-to-node=\"39\"><b>Data da \u00faltima atualiza\u00e7\u00e3o:<\/b> 27 de novembro de 2025.<\/p>\t\t\t\t\t\t\t\t<\/div>\n\t\t\t\t<\/div>\n\t\t\t\t\t<\/div>\n\t\t\t\t<\/div>\n\t\t\t\t<\/div>","protected":false},"excerpt":{"rendered":"<p>Paynfinity Ltd. (en adelante, \u201cPaynfinity\u201d o \u201cLa Empresa\u201d) pone a disposici\u00f3n de los usuarios su \u201cPol\u00edtica de Privacidad y Protecci\u00f3n de Datos\u201d a fin de dar a conocer las condiciones y obligaciones que rigen el tratamiento de datos personales, en estricto cumplimiento de la normativa aplicable (RGPD del Reino Unido y RGPD de la UE)&#8230;<\/p>","protected":false},"author":1,"featured_media":0,"parent":0,"menu_order":14,"comment_status":"closed","ping_status":"closed","template":"","meta":{"footnotes":""},"class_list":["post-1092","page","type-page","status-publish","hentry"],"yoast_head":"<!-- This site is optimized with the Yoast SEO plugin v27.3 - https:\/\/yoast.com\/product\/yoast-seo-wordpress\/ -->\n<title>Pol\u00edtica de privacidad &#8226; Paynfinity<\/title>\n<meta name=\"robots\" content=\"index, follow, max-snippet:-1, max-image-preview:large, max-video-preview:-1\" \/>\n<link rel=\"canonical\" href=\"https:\/\/paynfinity.com\/pt\/politica-de-privacidade\/\" \/>\n<meta property=\"og:locale\" content=\"pt_PT\" \/>\n<meta property=\"og:type\" content=\"article\" \/>\n<meta property=\"og:title\" content=\"Pol\u00edtica de privacidad &#8226; Paynfinity\" \/>\n<meta property=\"og:description\" content=\"Paynfinity Ltd. (en adelante, \u201cPaynfinity\u201d o \u201cLa Empresa\u201d) pone a disposici\u00f3n de los usuarios su \u201cPol\u00edtica de Privacidad y Protecci\u00f3n de Datos\u201d a fin de dar a conocer las condiciones y obligaciones que rigen el tratamiento de datos personales, en estricto cumplimiento de la normativa aplicable (RGPD del Reino Unido y RGPD de la UE)...\" \/>\n<meta property=\"og:url\" content=\"https:\/\/paynfinity.com\/pt\/politica-de-privacidade\/\" \/>\n<meta property=\"og:site_name\" content=\"Paynfinity\" \/>\n<meta property=\"article:modified_time\" content=\"2026-02-26T02:19:48+00:00\" \/>\n<meta property=\"og:image\" content=\"https:\/\/paynfinity.com\/wp-content\/uploads\/2026\/02\/Paynfinity-11.webp\" \/>\n\t<meta property=\"og:image:width\" content=\"1280\" \/>\n\t<meta property=\"og:image:height\" content=\"739\" \/>\n\t<meta property=\"og:image:type\" content=\"image\/webp\" \/>\n<meta name=\"twitter:card\" content=\"summary_large_image\" \/>\n<meta name=\"twitter:label1\" content=\"Tempo estimado de leitura\" \/>\n\t<meta name=\"twitter:data1\" content=\"5 minutos\" \/>\n<script type=\"application\/ld+json\" class=\"yoast-schema-graph\">{\"@context\":\"https:\\\/\\\/schema.org\",\"@graph\":[{\"@type\":\"WebPage\",\"@id\":\"https:\\\/\\\/paynfinity.com\\\/politica-de-privacidad\\\/\",\"url\":\"https:\\\/\\\/paynfinity.com\\\/politica-de-privacidad\\\/\",\"name\":\"Pol\u00edtica de privacidad &#8226; Paynfinity\",\"isPartOf\":{\"@id\":\"https:\\\/\\\/paynfinity.com\\\/#website\"},\"datePublished\":\"2025-02-19T13:37:15+00:00\",\"dateModified\":\"2026-02-26T02:19:48+00:00\",\"breadcrumb\":{\"@id\":\"https:\\\/\\\/paynfinity.com\\\/politica-de-privacidad\\\/#breadcrumb\"},\"inLanguage\":\"pt-PT\",\"potentialAction\":[{\"@type\":\"ReadAction\",\"target\":[\"https:\\\/\\\/paynfinity.com\\\/politica-de-privacidad\\\/\"]}]},{\"@type\":\"BreadcrumbList\",\"@id\":\"https:\\\/\\\/paynfinity.com\\\/politica-de-privacidad\\\/#breadcrumb\",\"itemListElement\":[{\"@type\":\"ListItem\",\"position\":1,\"name\":\"Portada\",\"item\":\"https:\\\/\\\/paynfinity.com\\\/\"},{\"@type\":\"ListItem\",\"position\":2,\"name\":\"Pol\u00edtica de privacidad\"}]},{\"@type\":\"WebSite\",\"@id\":\"https:\\\/\\\/paynfinity.com\\\/#website\",\"url\":\"https:\\\/\\\/paynfinity.com\\\/\",\"name\":\"Paynfinity\",\"description\":\"Estructuraci\u00f3n Corporativa y Banca Global\",\"publisher\":{\"@id\":\"https:\\\/\\\/paynfinity.com\\\/#organization\"},\"potentialAction\":[{\"@type\":\"SearchAction\",\"target\":{\"@type\":\"EntryPoint\",\"urlTemplate\":\"https:\\\/\\\/paynfinity.com\\\/?s={search_term_string}\"},\"query-input\":{\"@type\":\"PropertyValueSpecification\",\"valueRequired\":true,\"valueName\":\"search_term_string\"}}],\"inLanguage\":\"pt-PT\"},{\"@type\":\"Organization\",\"@id\":\"https:\\\/\\\/paynfinity.com\\\/#organization\",\"name\":\"Paynfinity\",\"url\":\"https:\\\/\\\/paynfinity.com\\\/\",\"logo\":{\"@type\":\"ImageObject\",\"inLanguage\":\"pt-PT\",\"@id\":\"https:\\\/\\\/paynfinity.com\\\/#\\\/schema\\\/logo\\\/image\\\/\",\"url\":\"https:\\\/\\\/paynfinity.com\\\/wp-content\\\/uploads\\\/2025\\\/02\\\/Paynfinity-Logo-Dark.svg\",\"contentUrl\":\"https:\\\/\\\/paynfinity.com\\\/wp-content\\\/uploads\\\/2025\\\/02\\\/Paynfinity-Logo-Dark.svg\",\"width\":151,\"height\":23,\"caption\":\"Paynfinity\"},\"image\":{\"@id\":\"https:\\\/\\\/paynfinity.com\\\/#\\\/schema\\\/logo\\\/image\\\/\"},\"sameAs\":[\"https:\\\/\\\/wa.me\\\/+447851108484\",\"https:\\\/\\\/www.linkedin.com\\\/company\\\/paynfinity\"]}]}<\/script>\n<!-- \/ Yoast SEO plugin. -->","yoast_head_json":{"title":"Pol\u00edtica de privacidade - Paynfinity","robots":{"index":"index","follow":"follow","max-snippet":"max-snippet:-1","max-image-preview":"max-image-preview:large","max-video-preview":"max-video-preview:-1"},"canonical":"https:\/\/paynfinity.com\/pt\/politica-de-privacidade\/","og_locale":"pt_PT","og_type":"article","og_title":"Pol\u00edtica de privacidad &#8226; Paynfinity","og_description":"Paynfinity Ltd. (en adelante, \u201cPaynfinity\u201d o \u201cLa Empresa\u201d) pone a disposici\u00f3n de los usuarios su \u201cPol\u00edtica de Privacidad y Protecci\u00f3n de Datos\u201d a fin de dar a conocer las condiciones y obligaciones que rigen el tratamiento de datos personales, en estricto cumplimiento de la normativa aplicable (RGPD del Reino Unido y RGPD de la UE)...","og_url":"https:\/\/paynfinity.com\/pt\/politica-de-privacidade\/","og_site_name":"Paynfinity","article_modified_time":"2026-02-26T02:19:48+00:00","og_image":[{"width":1280,"height":739,"url":"https:\/\/paynfinity.com\/wp-content\/uploads\/2026\/02\/Paynfinity-11.webp","type":"image\/webp"}],"twitter_card":"summary_large_image","twitter_misc":{"Tempo estimado de leitura":"5 minutos"},"schema":{"@context":"https:\/\/schema.org","@graph":[{"@type":"WebPage","@id":"https:\/\/paynfinity.com\/politica-de-privacidad\/","url":"https:\/\/paynfinity.com\/politica-de-privacidad\/","name":"Pol\u00edtica de privacidade - Paynfinity","isPartOf":{"@id":"https:\/\/paynfinity.com\/#website"},"datePublished":"2025-02-19T13:37:15+00:00","dateModified":"2026-02-26T02:19:48+00:00","breadcrumb":{"@id":"https:\/\/paynfinity.com\/politica-de-privacidad\/#breadcrumb"},"inLanguage":"pt-PT","potentialAction":[{"@type":"ReadAction","target":["https:\/\/paynfinity.com\/politica-de-privacidad\/"]}]},{"@type":"BreadcrumbList","@id":"https:\/\/paynfinity.com\/politica-de-privacidad\/#breadcrumb","itemListElement":[{"@type":"ListItem","position":1,"name":"Portada","item":"https:\/\/paynfinity.com\/"},{"@type":"ListItem","position":2,"name":"Pol\u00edtica de privacidad"}]},{"@type":"WebSite","@id":"https:\/\/paynfinity.com\/#website","url":"https:\/\/paynfinity.com\/","name":"Paynfinity","description":"Estrutura\u00e7\u00e3o de Empresas e Banca Global","publisher":{"@id":"https:\/\/paynfinity.com\/#organization"},"potentialAction":[{"@type":"SearchAction","target":{"@type":"EntryPoint","urlTemplate":"https:\/\/paynfinity.com\/?s={search_term_string}"},"query-input":{"@type":"PropertyValueSpecification","valueRequired":true,"valueName":"search_term_string"}}],"inLanguage":"pt-PT"},{"@type":"Organization","@id":"https:\/\/paynfinity.com\/#organization","name":"Paynfinity","url":"https:\/\/paynfinity.com\/","logo":{"@type":"ImageObject","inLanguage":"pt-PT","@id":"https:\/\/paynfinity.com\/#\/schema\/logo\/image\/","url":"https:\/\/paynfinity.com\/wp-content\/uploads\/2025\/02\/Paynfinity-Logo-Dark.svg","contentUrl":"https:\/\/paynfinity.com\/wp-content\/uploads\/2025\/02\/Paynfinity-Logo-Dark.svg","width":151,"height":23,"caption":"Paynfinity"},"image":{"@id":"https:\/\/paynfinity.com\/#\/schema\/logo\/image\/"},"sameAs":["https:\/\/wa.me\/+447851108484","https:\/\/www.linkedin.com\/company\/paynfinity"]}]}},"_hostinger_reach_plugin_has_subscription_block":false,"_hostinger_reach_plugin_is_elementor":false,"_links":{"self":[{"href":"https:\/\/paynfinity.com\/pt\/wp-json\/wp\/v2\/pages\/1092","targetHints":{"allow":["GET"]}}],"collection":[{"href":"https:\/\/paynfinity.com\/pt\/wp-json\/wp\/v2\/pages"}],"about":[{"href":"https:\/\/paynfinity.com\/pt\/wp-json\/wp\/v2\/types\/page"}],"author":[{"embeddable":true,"href":"https:\/\/paynfinity.com\/pt\/wp-json\/wp\/v2\/users\/1"}],"replies":[{"embeddable":true,"href":"https:\/\/paynfinity.com\/pt\/wp-json\/wp\/v2\/comments?post=1092"}],"version-history":[{"count":7,"href":"https:\/\/paynfinity.com\/pt\/wp-json\/wp\/v2\/pages\/1092\/revisions"}],"predecessor-version":[{"id":987927,"href":"https:\/\/paynfinity.com\/pt\/wp-json\/wp\/v2\/pages\/1092\/revisions\/987927"}],"wp:attachment":[{"href":"https:\/\/paynfinity.com\/pt\/wp-json\/wp\/v2\/media?parent=1092"}],"curies":[{"name":"wp","href":"https:\/\/api.w.org\/{rel}","templated":true}]}}