{"id":987699,"date":"2025-11-27T01:02:13","date_gmt":"2025-11-27T00:02:13","guid":{"rendered":"https:\/\/paynfinity.com\/?page_id=987699"},"modified":"2026-02-26T03:19:48","modified_gmt":"2026-02-26T02:19:48","slug":"aviso-legal","status":"publish","type":"page","link":"https:\/\/paynfinity.com\/pt\/aviso-legal\/","title":{"rendered":"Aviso legal"},"content":{"rendered":"<div data-elementor-type=\"wp-page\" data-elementor-id=\"987699\" class=\"elementor elementor-987699\" data-elementor-post-type=\"page\">\n\t\t\t\t<div class=\"elementor-element elementor-element-c1e8912 e-flex e-con-boxed e-con e-parent\" data-id=\"c1e8912\" data-element_type=\"container\" data-e-type=\"container\">\n\t\t\t\t\t<div class=\"e-con-inner\">\n\t\t\t\t<div class=\"vamtam-has-theme-widget-styles elementor-element elementor-element-eb7bd66 elementor-widget elementor-widget-text-editor\" data-id=\"eb7bd66\" data-element_type=\"widget\" data-e-type=\"widget\" data-widget_type=\"text-editor.default\">\n\t\t\t\t<div class=\"elementor-widget-container\">\n\t\t\t\t\t\t\t\t\t<p data-path-to-node=\"5\">O presente Aviso Legal regula o acesso, a navega\u00e7\u00e3o e a utiliza\u00e7\u00e3o do s\u00edtio Web. <b>paynfinity.com<\/b> (a seguir designado por \u201co s\u00edtio Web\u201d), propriedade de <strong>Paynfinity<\/strong><b>\u00a0Ltd.<\/b><\/p>\t\t\t\t\t\t\t\t<\/div>\n\t\t\t\t<\/div>\n\t\t\t\t<div class=\"elementor-element elementor-element-7bff451 elementor-widget elementor-widget-heading\" data-id=\"7bff451\" data-element_type=\"widget\" data-e-type=\"widget\" data-widget_type=\"heading.default\">\n\t\t\t\t<div class=\"elementor-widget-container\">\n\t\t\t\t\t<h3 class=\"elementor-heading-title elementor-size-default\">1. identifica\u00e7\u00e3o de dados<\/h3>\t\t\t\t<\/div>\n\t\t\t\t<\/div>\n\t\t\t\t<div class=\"vamtam-has-theme-widget-styles elementor-element elementor-element-e10cf8e elementor-widget elementor-widget-text-editor\" data-id=\"e10cf8e\" data-element_type=\"widget\" data-e-type=\"widget\" data-widget_type=\"text-editor.default\">\n\t\t\t\t<div class=\"elementor-widget-container\">\n\t\t\t\t\t\t\t\t\t<p data-path-to-node=\"7\">Em conformidade com o dever de informa\u00e7\u00e3o previsto na regulamenta\u00e7\u00e3o relativa aos servi\u00e7os da sociedade da informa\u00e7\u00e3o e ao com\u00e9rcio eletr\u00f3nico, indicam-se a seguir os dados do propriet\u00e1rio do s\u00edtio Web:<\/p><ul data-path-to-node=\"8\"><li><p data-path-to-node=\"8,0,0\"><b>Nome da empresa:<\/b> Paynfinity Ltd.<\/p><\/li><li><p data-path-to-node=\"8,1,0\"><b>Nome comercial \/ Marca:<\/b> Paynfinity.<\/p><\/li><li><p data-path-to-node=\"8,2,0\"><b>Sede social:<\/b> 6\/7 St. Mary At Hill, Unit 3, Londres, Inglaterra, EC3R 8EE (Reino Unido).<\/p><\/li><li><p data-path-to-node=\"8,3,0\"><b>N\u00famero de identifica\u00e7\u00e3o fiscal (IVA):<\/b> GB170505924.<\/p><\/li><li><p data-path-to-node=\"8,4,0\"><b>Dados de registo:<\/b> Empresa registada na Companies House do Reino Unido.<\/p><\/li><li><p data-path-to-node=\"8,5,0\"><b>Telefone:<\/b> +44 7756 301966.<\/p><\/li><li><p data-path-to-node=\"8,6,0\"><b>Endere\u00e7o eletr\u00f3nico de contacto:<\/b> info@paynfinity.com<\/p><\/li><\/ul>\t\t\t\t\t\t\t\t<\/div>\n\t\t\t\t<\/div>\n\t\t\t\t<div class=\"elementor-element elementor-element-28fa2d6 elementor-widget elementor-widget-heading\" data-id=\"28fa2d6\" data-element_type=\"widget\" data-e-type=\"widget\" data-widget_type=\"heading.default\">\n\t\t\t\t<div class=\"elementor-widget-container\">\n\t\t\t\t\t<h3 class=\"elementor-heading-title elementor-size-default\">2. Lei aplic\u00e1vel e jurisdi\u00e7\u00e3o<\/h3>\t\t\t\t<\/div>\n\t\t\t\t<\/div>\n\t\t\t\t<div class=\"vamtam-has-theme-widget-styles elementor-element elementor-element-6784975 elementor-widget elementor-widget-text-editor\" data-id=\"6784975\" data-element_type=\"widget\" data-e-type=\"widget\" data-widget_type=\"text-editor.default\">\n\t\t\t\t<div class=\"elementor-widget-container\">\n\t\t\t\t\t\t\t\t\t<p data-path-to-node=\"10\">A utiliza\u00e7\u00e3o deste s\u00edtio Web \u00e9 regida pelas leis de <b>Inglaterra e Pa\u00eds de Gales<\/b>. No entanto, se o utilizador atuar na qualidade de consumidor e tiver a sua resid\u00eancia habitual na Uni\u00e3o Europeia, pode beneficiar da prote\u00e7\u00e3o das disposi\u00e7\u00f5es imperativas da lei do seu pa\u00eds de resid\u00eancia.<\/p><p data-path-to-node=\"11\">Para qualquer controv\u00e9rsia ou conflito que possa surgir da interpreta\u00e7\u00e3o ou do cumprimento do presente Aviso Legal, as partes submetem-se \u00e0 jurisdi\u00e7\u00e3o dos tribunais de <b>Tribunais de Londres (Reino Unido)<\/b>, a menos que os regulamentos de prote\u00e7\u00e3o dos consumidores e dos utilizadores estipulem uma jurisdi\u00e7\u00e3o diferente.<\/p>\t\t\t\t\t\t\t\t<\/div>\n\t\t\t\t<\/div>\n\t\t\t\t<div class=\"elementor-element elementor-element-c1b1131 elementor-widget elementor-widget-heading\" data-id=\"c1b1131\" data-element_type=\"widget\" data-e-type=\"widget\" data-widget_type=\"heading.default\">\n\t\t\t\t<div class=\"elementor-widget-container\">\n\t\t\t\t\t<h3 class=\"elementor-heading-title elementor-size-default\">3. Utiliza\u00e7\u00e3o e acesso do utilizador<\/h3>\t\t\t\t<\/div>\n\t\t\t\t<\/div>\n\t\t\t\t<div class=\"vamtam-has-theme-widget-styles elementor-element elementor-element-0925075 elementor-widget elementor-widget-text-editor\" data-id=\"0925075\" data-element_type=\"widget\" data-e-type=\"widget\" data-widget_type=\"text-editor.default\">\n\t\t\t\t<div class=\"elementor-widget-container\">\n\t\t\t\t\t\t\t\t\t<p data-path-to-node=\"13\">O acesso a este s\u00edtio Web \u00e9 gratuito (exceto o custo da liga\u00e7\u00e3o atrav\u00e9s da rede de telecomunica\u00e7\u00f5es) e n\u00e3o cria, por si s\u00f3, qualquer rela\u00e7\u00e3o comercial, contratual ou profissional entre <strong>Paynfinity<\/strong><b>\u00a0Ltd.<\/b> e o utilizador.<\/p><p data-path-to-node=\"14\">A empresa reserva-se o direito de modificar, sem aviso pr\u00e9vio, o conte\u00fado, a apresenta\u00e7\u00e3o e a estrutura do s\u00edtio Web, bem como de alterar, acrescentar ou suprimir os servi\u00e7os nele oferecidos, a fim de os adaptar \u00e0s altera\u00e7\u00f5es legislativas ou aos melhoramentos t\u00e9cnicos.<\/p>\t\t\t\t\t\t\t\t<\/div>\n\t\t\t\t<\/div>\n\t\t\t\t<div class=\"elementor-element elementor-element-3b788ff elementor-widget elementor-widget-heading\" data-id=\"3b788ff\" data-element_type=\"widget\" data-e-type=\"widget\" data-widget_type=\"heading.default\">\n\t\t\t\t<div class=\"elementor-widget-container\">\n\t\t\t\t\t<h3 class=\"elementor-heading-title elementor-size-default\">4. Propriedade intelectual e industrial<\/h3>\t\t\t\t<\/div>\n\t\t\t\t<\/div>\n\t\t\t\t<div class=\"vamtam-has-theme-widget-styles elementor-element elementor-element-09a18c1 elementor-widget elementor-widget-text-editor\" data-id=\"09a18c1\" data-element_type=\"widget\" data-e-type=\"widget\" data-widget_type=\"text-editor.default\">\n\t\t\t\t<div class=\"elementor-widget-container\">\n\t\t\t\t\t\t\t\t\t<p data-path-to-node=\"16\">Todos os conte\u00fados deste s\u00edtio Web (incluindo, mas n\u00e3o se limitando a: bases de dados, imagens, fotografias, software, log\u00f3tipos, marcas comerciais, \u00edcones e texto) s\u00e3o propriedade exclusiva de <strong>Paynfinity<\/strong><b>\u00a0Ltd.<\/b> ou de terceiros licenciantes que tenham autorizado a sua utiliza\u00e7\u00e3o.<\/p><p data-path-to-node=\"17\">A reprodu\u00e7\u00e3o, distribui\u00e7\u00e3o, comunica\u00e7\u00e3o p\u00fablica e transforma\u00e7\u00e3o, total ou parcial, dos conte\u00fados deste s\u00edtio Web para fins comerciais, em qualquer suporte e por qualquer meio t\u00e9cnico, s\u00e3o expressamente proibidas sem a autoriza\u00e7\u00e3o pr\u00e9via por escrito do propriet\u00e1rio. A marca <b>Paynfinity<\/b> e o seu log\u00f3tipo s\u00e3o sinais distintivos protegidos pela legisla\u00e7\u00e3o em mat\u00e9ria de propriedade industrial.<\/p>\t\t\t\t\t\t\t\t<\/div>\n\t\t\t\t<\/div>\n\t\t\t\t<div class=\"elementor-element elementor-element-bf518a4 elementor-widget elementor-widget-heading\" data-id=\"bf518a4\" data-element_type=\"widget\" data-e-type=\"widget\" data-widget_type=\"heading.default\">\n\t\t\t\t<div class=\"elementor-widget-container\">\n\t\t\t\t\t<h3 class=\"elementor-heading-title elementor-size-default\">5. Pol\u00edtica de liga\u00e7\u00f5es<\/h3>\t\t\t\t<\/div>\n\t\t\t\t<\/div>\n\t\t\t\t<div class=\"vamtam-has-theme-widget-styles elementor-element elementor-element-ccff65a elementor-widget elementor-widget-text-editor\" data-id=\"ccff65a\" data-element_type=\"widget\" data-e-type=\"widget\" data-widget_type=\"text-editor.default\">\n\t\t\t\t<div class=\"elementor-widget-container\">\n\t\t\t\t\t\t\t\t\t<p data-path-to-node=\"19\">O s\u00edtio Web pode conter liga\u00e7\u00f5es a s\u00edtios Web de terceiros. <strong>Paynfinity<\/strong><b>\u00a0Ltd.<\/b> n\u00e3o tem qualquer controlo sobre esses s\u00edtios e n\u00e3o assume qualquer responsabilidade pelo conte\u00fado, pol\u00edticas de privacidade ou pr\u00e1ticas de quaisquer s\u00edtios de terceiros.<\/p><p data-path-to-node=\"20\">Qualquer pessoa que pretenda criar uma hiperliga\u00e7\u00e3o a partir do seu pr\u00f3prio s\u00edtio Web para <b>paynfinity.com<\/b> abster-se-\u00e1 de fazer declara\u00e7\u00f5es falsas, inexactas ou incorrectas sobre a empresa, e a presen\u00e7a da liga\u00e7\u00e3o n\u00e3o implicar\u00e1, em caso algum, a exist\u00eancia de rela\u00e7\u00f5es comerciais entre a empresa e o propriet\u00e1rio do s\u00edtio Web que estabelece a liga\u00e7\u00e3o.<\/p>\t\t\t\t\t\t\t\t<\/div>\n\t\t\t\t<\/div>\n\t\t\t\t<div class=\"elementor-element elementor-element-fabdaa6 elementor-widget elementor-widget-heading\" data-id=\"fabdaa6\" data-element_type=\"widget\" data-e-type=\"widget\" data-widget_type=\"heading.default\">\n\t\t\t\t<div class=\"elementor-widget-container\">\n\t\t\t\t\t<h3 class=\"elementor-heading-title elementor-size-default\">6. Exclus\u00e3o de garantias e de responsabilidade<\/h3>\t\t\t\t<\/div>\n\t\t\t\t<\/div>\n\t\t\t\t<div class=\"vamtam-has-theme-widget-styles elementor-element elementor-element-af5acd3 elementor-widget elementor-widget-text-editor\" data-id=\"af5acd3\" data-element_type=\"widget\" data-e-type=\"widget\" data-widget_type=\"text-editor.default\">\n\t\t\t\t<div class=\"elementor-widget-container\">\n\t\t\t\t\t\t\t\t\t<p data-path-to-node=\"22\"><b>Paynfinity Ltd.<\/b> declara que adoptou as medidas necess\u00e1rias, dentro das suas possibilidades e do estado da tecnologia, para garantir o funcionamento do s\u00edtio Web e para evitar a exist\u00eancia e a transmiss\u00e3o de v\u00edrus e outros componentes nocivos. No entanto, n\u00e3o pode garantir:<\/p><ol start=\"1\" data-path-to-node=\"23\"><li><p data-path-to-node=\"23,0,0\">A inexpugnabilidade das medidas de seguran\u00e7a.<\/p><\/li><li><p data-path-to-node=\"23,1,0\">A aus\u00eancia total de erros no conte\u00fado.<\/p><\/li><li><p data-path-to-node=\"23,2,0\">A disponibilidade ininterrupta do portal.<\/p><\/li><\/ol><p data-path-to-node=\"24\">O utilizador isenta a empresa de qualquer responsabilidade decorrente de falhas de desempenho, interrup\u00e7\u00f5es de servi\u00e7o ou danos no sistema inform\u00e1tico do utilizador causados por terceiros ou malware.<\/p>\t\t\t\t\t\t\t\t<\/div>\n\t\t\t\t<\/div>\n\t\t\t\t<div class=\"elementor-element elementor-element-94673df elementor-widget elementor-widget-heading\" data-id=\"94673df\" data-element_type=\"widget\" data-e-type=\"widget\" data-widget_type=\"heading.default\">\n\t\t\t\t<div class=\"elementor-widget-container\">\n\t\t\t\t\t<h3 class=\"elementor-heading-title elementor-size-default\">7. Modifica\u00e7\u00f5es<\/h3>\t\t\t\t<\/div>\n\t\t\t\t<\/div>\n\t\t\t\t<div class=\"vamtam-has-theme-widget-styles elementor-element elementor-element-346d178 elementor-widget elementor-widget-text-editor\" data-id=\"346d178\" data-element_type=\"widget\" data-e-type=\"widget\" data-widget_type=\"text-editor.default\">\n\t\t\t\t<div class=\"elementor-widget-container\">\n\t\t\t\t\t\t\t\t\t<p data-path-to-node=\"26\">Este Aviso Legal pode ser modificado a qualquer momento para se adaptar \u00e0 nova legisla\u00e7\u00e3o ou a altera\u00e7\u00f5es na atividade da empresa. Recomenda-se ao utilizador que consulte periodicamente esta p\u00e1gina.<\/p><p data-path-to-node=\"27\"><b>Data da \u00faltima atualiza\u00e7\u00e3o:<\/b> 27 de novembro de 2025.<\/p>\t\t\t\t\t\t\t\t<\/div>\n\t\t\t\t<\/div>\n\t\t\t\t\t<\/div>\n\t\t\t\t<\/div>\n\t\t\t\t<\/div>","protected":false},"excerpt":{"rendered":"<p>El presente Aviso Legal regula el acceso, navegaci\u00f3n y uso del sitio web paynfinity.com (en adelante, \u201cel Sitio Web\u201d), titularidad de Paynfinity\u00a0Ltd. 1. Datos Identificativos En cumplimiento con el deber de informaci\u00f3n recogido en la normativa de servicios de la sociedad de la informaci\u00f3n y comercio electr\u00f3nico, a continuaci\u00f3n se reflejan los datos del titular&#8230;<\/p>","protected":false},"author":1,"featured_media":0,"parent":0,"menu_order":12,"comment_status":"closed","ping_status":"closed","template":"","meta":{"footnotes":""},"class_list":["post-987699","page","type-page","status-publish","hentry"],"yoast_head":"<!-- This site is optimized with the Yoast SEO plugin v27.4 - https:\/\/yoast.com\/product\/yoast-seo-wordpress\/ -->\n<title>Aviso legal &#8226; Paynfinity<\/title>\n<meta name=\"robots\" content=\"index, follow, max-snippet:-1, max-image-preview:large, max-video-preview:-1\" \/>\n<link rel=\"canonical\" href=\"https:\/\/paynfinity.com\/pt\/aviso-legal\/\" \/>\n<meta property=\"og:locale\" content=\"pt_PT\" \/>\n<meta property=\"og:type\" content=\"article\" \/>\n<meta property=\"og:title\" content=\"Aviso legal &#8226; Paynfinity\" \/>\n<meta property=\"og:description\" content=\"El presente Aviso Legal regula el acceso, navegaci\u00f3n y uso del sitio web paynfinity.com (en adelante, \u201cel Sitio Web\u201d), titularidad de Paynfinity\u00a0Ltd. 1. Datos Identificativos En cumplimiento con el deber de informaci\u00f3n recogido en la normativa de servicios de la sociedad de la informaci\u00f3n y comercio electr\u00f3nico, a continuaci\u00f3n se reflejan los datos del titular...\" \/>\n<meta property=\"og:url\" content=\"https:\/\/paynfinity.com\/pt\/aviso-legal\/\" \/>\n<meta property=\"og:site_name\" content=\"Paynfinity\" \/>\n<meta property=\"article:modified_time\" content=\"2026-02-26T02:19:48+00:00\" \/>\n<meta property=\"og:image\" content=\"https:\/\/paynfinity.com\/wp-content\/uploads\/2026\/02\/Paynfinity-11.webp\" \/>\n\t<meta property=\"og:image:width\" content=\"1280\" \/>\n\t<meta property=\"og:image:height\" content=\"739\" \/>\n\t<meta property=\"og:image:type\" content=\"image\/webp\" \/>\n<meta name=\"twitter:card\" content=\"summary_large_image\" \/>\n<meta name=\"twitter:label1\" content=\"Tempo estimado de leitura\" \/>\n\t<meta name=\"twitter:data1\" content=\"3 minutos\" \/>\n<script type=\"application\/ld+json\" class=\"yoast-schema-graph\">{\"@context\":\"https:\\\/\\\/schema.org\",\"@graph\":[{\"@type\":\"WebPage\",\"@id\":\"https:\\\/\\\/paynfinity.com\\\/aviso-legal\\\/\",\"url\":\"https:\\\/\\\/paynfinity.com\\\/aviso-legal\\\/\",\"name\":\"Aviso legal &#8226; Paynfinity\",\"isPartOf\":{\"@id\":\"https:\\\/\\\/paynfinity.com\\\/#website\"},\"datePublished\":\"2025-11-27T00:02:13+00:00\",\"dateModified\":\"2026-02-26T02:19:48+00:00\",\"breadcrumb\":{\"@id\":\"https:\\\/\\\/paynfinity.com\\\/aviso-legal\\\/#breadcrumb\"},\"inLanguage\":\"pt-PT\",\"potentialAction\":[{\"@type\":\"ReadAction\",\"target\":[\"https:\\\/\\\/paynfinity.com\\\/aviso-legal\\\/\"]}]},{\"@type\":\"BreadcrumbList\",\"@id\":\"https:\\\/\\\/paynfinity.com\\\/aviso-legal\\\/#breadcrumb\",\"itemListElement\":[{\"@type\":\"ListItem\",\"position\":1,\"name\":\"Portada\",\"item\":\"https:\\\/\\\/paynfinity.com\\\/\"},{\"@type\":\"ListItem\",\"position\":2,\"name\":\"Aviso legal\"}]},{\"@type\":\"WebSite\",\"@id\":\"https:\\\/\\\/paynfinity.com\\\/#website\",\"url\":\"https:\\\/\\\/paynfinity.com\\\/\",\"name\":\"Paynfinity\",\"description\":\"Estructuraci\u00f3n Corporativa y Banca Global\",\"publisher\":{\"@id\":\"https:\\\/\\\/paynfinity.com\\\/#organization\"},\"potentialAction\":[{\"@type\":\"SearchAction\",\"target\":{\"@type\":\"EntryPoint\",\"urlTemplate\":\"https:\\\/\\\/paynfinity.com\\\/?s={search_term_string}\"},\"query-input\":{\"@type\":\"PropertyValueSpecification\",\"valueRequired\":true,\"valueName\":\"search_term_string\"}}],\"inLanguage\":\"pt-PT\"},{\"@type\":\"Organization\",\"@id\":\"https:\\\/\\\/paynfinity.com\\\/#organization\",\"name\":\"Paynfinity\",\"url\":\"https:\\\/\\\/paynfinity.com\\\/\",\"logo\":{\"@type\":\"ImageObject\",\"inLanguage\":\"pt-PT\",\"@id\":\"https:\\\/\\\/paynfinity.com\\\/#\\\/schema\\\/logo\\\/image\\\/\",\"url\":\"https:\\\/\\\/paynfinity.com\\\/wp-content\\\/uploads\\\/2025\\\/02\\\/Paynfinity-Logo-Dark.svg\",\"contentUrl\":\"https:\\\/\\\/paynfinity.com\\\/wp-content\\\/uploads\\\/2025\\\/02\\\/Paynfinity-Logo-Dark.svg\",\"width\":151,\"height\":23,\"caption\":\"Paynfinity\"},\"image\":{\"@id\":\"https:\\\/\\\/paynfinity.com\\\/#\\\/schema\\\/logo\\\/image\\\/\"},\"sameAs\":[\"https:\\\/\\\/wa.me\\\/+447851108484\",\"https:\\\/\\\/www.linkedin.com\\\/company\\\/paynfinity\"]}]}<\/script>\n<!-- \/ Yoast SEO plugin. -->","yoast_head_json":{"title":"Aviso legal - Paynfinity","robots":{"index":"index","follow":"follow","max-snippet":"max-snippet:-1","max-image-preview":"max-image-preview:large","max-video-preview":"max-video-preview:-1"},"canonical":"https:\/\/paynfinity.com\/pt\/aviso-legal\/","og_locale":"pt_PT","og_type":"article","og_title":"Aviso legal &#8226; Paynfinity","og_description":"El presente Aviso Legal regula el acceso, navegaci\u00f3n y uso del sitio web paynfinity.com (en adelante, \u201cel Sitio Web\u201d), titularidad de Paynfinity\u00a0Ltd. 1. Datos Identificativos En cumplimiento con el deber de informaci\u00f3n recogido en la normativa de servicios de la sociedad de la informaci\u00f3n y comercio electr\u00f3nico, a continuaci\u00f3n se reflejan los datos del titular...","og_url":"https:\/\/paynfinity.com\/pt\/aviso-legal\/","og_site_name":"Paynfinity","article_modified_time":"2026-02-26T02:19:48+00:00","og_image":[{"width":1280,"height":739,"url":"https:\/\/paynfinity.com\/wp-content\/uploads\/2026\/02\/Paynfinity-11.webp","type":"image\/webp"}],"twitter_card":"summary_large_image","twitter_misc":{"Tempo estimado de leitura":"3 minutos"},"schema":{"@context":"https:\/\/schema.org","@graph":[{"@type":"WebPage","@id":"https:\/\/paynfinity.com\/aviso-legal\/","url":"https:\/\/paynfinity.com\/aviso-legal\/","name":"Aviso legal - Paynfinity","isPartOf":{"@id":"https:\/\/paynfinity.com\/#website"},"datePublished":"2025-11-27T00:02:13+00:00","dateModified":"2026-02-26T02:19:48+00:00","breadcrumb":{"@id":"https:\/\/paynfinity.com\/aviso-legal\/#breadcrumb"},"inLanguage":"pt-PT","potentialAction":[{"@type":"ReadAction","target":["https:\/\/paynfinity.com\/aviso-legal\/"]}]},{"@type":"BreadcrumbList","@id":"https:\/\/paynfinity.com\/aviso-legal\/#breadcrumb","itemListElement":[{"@type":"ListItem","position":1,"name":"Portada","item":"https:\/\/paynfinity.com\/"},{"@type":"ListItem","position":2,"name":"Aviso legal"}]},{"@type":"WebSite","@id":"https:\/\/paynfinity.com\/#website","url":"https:\/\/paynfinity.com\/","name":"Paynfinity","description":"Estrutura\u00e7\u00e3o de Empresas e Banca Global","publisher":{"@id":"https:\/\/paynfinity.com\/#organization"},"potentialAction":[{"@type":"SearchAction","target":{"@type":"EntryPoint","urlTemplate":"https:\/\/paynfinity.com\/?s={search_term_string}"},"query-input":{"@type":"PropertyValueSpecification","valueRequired":true,"valueName":"search_term_string"}}],"inLanguage":"pt-PT"},{"@type":"Organization","@id":"https:\/\/paynfinity.com\/#organization","name":"Paynfinity","url":"https:\/\/paynfinity.com\/","logo":{"@type":"ImageObject","inLanguage":"pt-PT","@id":"https:\/\/paynfinity.com\/#\/schema\/logo\/image\/","url":"https:\/\/paynfinity.com\/wp-content\/uploads\/2025\/02\/Paynfinity-Logo-Dark.svg","contentUrl":"https:\/\/paynfinity.com\/wp-content\/uploads\/2025\/02\/Paynfinity-Logo-Dark.svg","width":151,"height":23,"caption":"Paynfinity"},"image":{"@id":"https:\/\/paynfinity.com\/#\/schema\/logo\/image\/"},"sameAs":["https:\/\/wa.me\/+447851108484","https:\/\/www.linkedin.com\/company\/paynfinity"]}]}},"_hostinger_reach_plugin_has_subscription_block":false,"_hostinger_reach_plugin_is_elementor":false,"_links":{"self":[{"href":"https:\/\/paynfinity.com\/pt\/wp-json\/wp\/v2\/pages\/987699","targetHints":{"allow":["GET"]}}],"collection":[{"href":"https:\/\/paynfinity.com\/pt\/wp-json\/wp\/v2\/pages"}],"about":[{"href":"https:\/\/paynfinity.com\/pt\/wp-json\/wp\/v2\/types\/page"}],"author":[{"embeddable":true,"href":"https:\/\/paynfinity.com\/pt\/wp-json\/wp\/v2\/users\/1"}],"replies":[{"embeddable":true,"href":"https:\/\/paynfinity.com\/pt\/wp-json\/wp\/v2\/comments?post=987699"}],"version-history":[{"count":7,"href":"https:\/\/paynfinity.com\/pt\/wp-json\/wp\/v2\/pages\/987699\/revisions"}],"predecessor-version":[{"id":987933,"href":"https:\/\/paynfinity.com\/pt\/wp-json\/wp\/v2\/pages\/987699\/revisions\/987933"}],"wp:attachment":[{"href":"https:\/\/paynfinity.com\/pt\/wp-json\/wp\/v2\/media?parent=987699"}],"curies":[{"name":"wp","href":"https:\/\/api.w.org\/{rel}","templated":true}]}}